{"id":22614,"date":"2025-01-03T11:27:36","date_gmt":"2025-01-03T11:27:36","guid":{"rendered":"https:\/\/subirimagenes.com\/meinungen\/"},"modified":"2025-01-03T12:36:23","modified_gmt":"2025-01-03T12:36:23","slug":"opiniones","status":"publish","type":"page","link":"https:\/\/subirimagenes.com\/de\/opiniones\/","title":{"rendered":"Meinungen"},"content":{"rendered":"<?xml encoding=\"UTF-8\"><div class=\"gb-container gb-container-622264d6\">\n<div class=\"gb-container gb-container-925e4f42\">\n\n<h1 class=\"gb-headline gb-headline-af849a97 gb-headline-text\">Finden Sie die besten Handelsplattformen, Cryptocurrency-Tools und Handelsroboter<\/h1>\n\n<\/div>\n<\/div><div class=\"gb-container gb-container-815df75d\">\n<nav aria-label=\"breadcrumbs\" class=\"rank-math-breadcrumb\"><p><span class=\"last\">Startseite<\/span><\/p><\/nav>\n\n<\/div><div class=\"gb-container gb-container-2d1b3c11\">\n<div class=\"gb-container gb-container-7a26a69c\">\n\n<p class=\"gb-headline gb-headline-4d55ef54 gb-headline-text\">Sie suchen nach den richtigen Trading-Tools? Dann sind Sie hier genau richtig. Hier finden Sie ehrliche Bewertungen von Handelsplattformen, Handelsplattformen f&uuml;r Kryptow&auml;hrungen und Handelsrobotern. Wir haben alles so aufgeschl&uuml;sselt, dass es leicht zu verstehen ist &ndash; Sie wissen nicht, wo Sie anfangen sollen? Bl&auml;ttern Sie einfach durch und sehen Sie, was zu Ihrem Stil und Ihren Bed&uuml;rfnissen passt. Egal, ob Sie Anf&auml;nger sind oder schon eine Weile handeln, hier ist etwas f&uuml;r Sie dabei. Wir haben recherchiert, damit Sie es nicht tun m&uuml;ssen. Sind Sie bereit, Ihren Handel auf die n&auml;chste Stufe zu heben? Dann fangen wir an.         <\/p>\n\n\n\n<div class=\"gb-grid-wrapper gb-grid-wrapper-bfda7a3c gb-query-loop-wrapper\">\n<div class=\"gb-grid-column gb-grid-column-3b711c03 gb-query-loop-item post-29132 opinion type-opinion status-publish has-post-thumbnail hentry\"><div class=\"gb-container gb-container-3b711c03\">\n<figure class=\"gb-block-image gb-block-image-9bfa2a1b\"><img loading=\"lazy\" decoding=\"async\" width=\"400\" height=\"224\" src=\"https:\/\/subirimagenes.com\/wp-content\/uploads\/2025\/03\/Mobile-Trading-Scene3.jpg\" class=\"gb-image-9bfa2a1b\" alt=\"An&aacute;lisis Burs&aacute;til en Tr&aacute;nsito\" srcset=\"https:\/\/subirimagenes.com\/wp-content\/uploads\/2025\/03\/Mobile-Trading-Scene3.jpg 400w, https:\/\/subirimagenes.com\/wp-content\/uploads\/2025\/03\/Mobile-Trading-Scene3-300x168.jpg 300w\" sizes=\"auto, (max-width: 400px) 100vw, 400px\" title=\"\"><\/figure>\n\n<h2 class=\"gb-headline gb-headline-0bf96bb0 gb-headline-text\"><a href=\"https:\/\/subirimagenes.com\/de\/opiniones\/ethereum-cormax-app\/\">Entdecken Sie K00411: Innovation und Leistung im Kryptow&auml;hrungshandel<\/a><\/h2>\n\n<p class=\"gb-headline gb-headline-60dfae4e gb-headline-text\"><time class=\"entry-date published\" datetime=\"2025-05-28T07:54:02+00:00\">Mai 28, 2025<\/time><\/p>\n\n<div class=\"gb-headline gb-headline-f9ca50ee gb-headline-text\">Als erfahrener Finanzanalyst mit &uuml;ber einem Jahrzehnt Erfahrung in der Investmentbranche gebe ich Ihnen einen detaillierten Einblick in K00411 im Jahr 2025, eine Plattform, die mit ihren Versprechen hoher Renditen und ausgekl&uuml;gelter Algorithmen f&uuml;r Aufsehen sorgt. <\/div>\n<\/div><\/div>\n\n<div class=\"gb-grid-column gb-grid-column-3b711c03 gb-query-loop-item post-29136 opinion type-opinion status-publish has-post-thumbnail hentry\"><div class=\"gb-container gb-container-3b711c03\">\n<figure class=\"gb-block-image gb-block-image-9bfa2a1b\"><img loading=\"lazy\" decoding=\"async\" width=\"400\" height=\"224\" src=\"https:\/\/subirimagenes.com\/wp-content\/uploads\/2025\/03\/Mobile-Trading-Scene4.jpg\" class=\"gb-image-9bfa2a1b\" alt=\"Trading Futurista en M&oacute;vil\" srcset=\"https:\/\/subirimagenes.com\/wp-content\/uploads\/2025\/03\/Mobile-Trading-Scene4.jpg 400w, https:\/\/subirimagenes.com\/wp-content\/uploads\/2025\/03\/Mobile-Trading-Scene4-300x168.jpg 300w\" sizes=\"auto, (max-width: 400px) 100vw, 400px\" title=\"\"><\/figure>\n\n<h2 class=\"gb-headline gb-headline-0bf96bb0 gb-headline-text\"><a href=\"https:\/\/subirimagenes.com\/de\/opiniones\/ethereum-cormax-review\/\">Erkundung von K00410: Innovation und Sicherheit im Kryptow&auml;hrungshandel<\/a><\/h2>\n\n<p class=\"gb-headline gb-headline-60dfae4e gb-headline-text\"><time class=\"entry-date published\" datetime=\"2025-05-28T07:49:44+00:00\">Mai 28, 2025<\/time><\/p>\n\n<div class=\"gb-headline gb-headline-f9ca50ee gb-headline-text\">Als Finanzanalyst mit &uuml;ber einem Jahrzehnt Erfahrung in der volatilen Welt der Kryptow&auml;hrungen und als Chartered Financial Analyst (CFA) biete ich Ihnen auf dem Weg ins Jahr 2025 eine von Experten unterst&uuml;tzte Erkundung von K00410.<\/div>\n<\/div><\/div>\n\n<div class=\"gb-grid-column gb-grid-column-3b711c03 gb-query-loop-item post-29140 opinion type-opinion status-publish has-post-thumbnail hentry\"><div class=\"gb-container gb-container-3b711c03\">\n<figure class=\"gb-block-image gb-block-image-9bfa2a1b\"><img loading=\"lazy\" decoding=\"async\" width=\"400\" height=\"224\" src=\"https:\/\/subirimagenes.com\/wp-content\/uploads\/2025\/03\/Online-Tranding2.jpg\" class=\"gb-image-9bfa2a1b\" alt=\"Trading M&oacute;vil con Estilo\" srcset=\"https:\/\/subirimagenes.com\/wp-content\/uploads\/2025\/03\/Online-Tranding2.jpg 400w, https:\/\/subirimagenes.com\/wp-content\/uploads\/2025\/03\/Online-Tranding2-300x168.jpg 300w\" sizes=\"auto, (max-width: 400px) 100vw, 400px\" title=\"\"><\/figure>\n\n<h2 class=\"gb-headline gb-headline-0bf96bb0 gb-headline-text\"><a href=\"https:\/\/subirimagenes.com\/de\/opiniones\/ethereum-cormax\/\">K00409: Revolutionierung des Kryptow&auml;hrungshandels mit fortschrittlicher Technologie<\/a><\/h2>\n\n<p class=\"gb-headline gb-headline-60dfae4e gb-headline-text\"><time class=\"entry-date published\" datetime=\"2025-05-28T07:43:46+00:00\">Mai 28, 2025<\/time><\/p>\n\n<div class=\"gb-headline gb-headline-f9ca50ee gb-headline-text\">Ich bin wirklich beeindruckt von den Fortschritten von K00409 bei der Vorbereitung auf 2025.<\/div>\n<\/div><\/div>\n\n<div class=\"gb-grid-column gb-grid-column-3b711c03 gb-query-loop-item post-29124 opinion type-opinion status-publish has-post-thumbnail hentry\"><div class=\"gb-container gb-container-3b711c03\">\n<figure class=\"gb-block-image gb-block-image-9bfa2a1b\"><img loading=\"lazy\" decoding=\"async\" width=\"400\" height=\"224\" src=\"https:\/\/subirimagenes.com\/wp-content\/uploads\/2025\/03\/Online-Tranding-Charts21.jpg\" class=\"gb-image-9bfa2a1b\" alt=\"Trading M&oacute;vil Tropical\" srcset=\"https:\/\/subirimagenes.com\/wp-content\/uploads\/2025\/03\/Online-Tranding-Charts21.jpg 400w, https:\/\/subirimagenes.com\/wp-content\/uploads\/2025\/03\/Online-Tranding-Charts21-300x168.jpg 300w\" sizes=\"auto, (max-width: 400px) 100vw, 400px\" title=\"\"><\/figure>\n\n<h2 class=\"gb-headline gb-headline-0bf96bb0 gb-headline-text\"><a href=\"https:\/\/subirimagenes.com\/de\/opiniones\/stream-lonox-pip\/\">K00407: Detaillierte Analyse der Handelsplattform im Jahr 2025<\/a><\/h2>\n\n<p class=\"gb-headline gb-headline-60dfae4e gb-headline-text\"><time class=\"entry-date published\" datetime=\"2025-05-27T09:31:21+00:00\">Mai 27, 2025<\/time><\/p>\n\n<div class=\"gb-headline gb-headline-f9ca50ee gb-headline-text\">Als erfahrener Finanzanalyst mit &uuml;ber einem Jahrzehnt Erfahrung in Anlagestrategien und Einhaltung gesetzlicher Vorschriften lade ich Sie ein, unsere neuesten Erkenntnisse zu K00407 im Jahr 2025 zu erkunden. <\/div>\n<\/div><\/div>\n\n<div class=\"gb-grid-column gb-grid-column-3b711c03 gb-query-loop-item post-29098 opinion type-opinion status-publish has-post-thumbnail hentry\"><div class=\"gb-container gb-container-3b711c03\">\n<figure class=\"gb-block-image gb-block-image-9bfa2a1b\"><img loading=\"lazy\" decoding=\"async\" width=\"400\" height=\"224\" src=\"https:\/\/subirimagenes.com\/wp-content\/uploads\/2025\/03\/Online-Tranding-Charts18.jpg\" class=\"gb-image-9bfa2a1b\" alt=\"Trading Nocturno en Ciudad\" srcset=\"https:\/\/subirimagenes.com\/wp-content\/uploads\/2025\/03\/Online-Tranding-Charts18.jpg 400w, https:\/\/subirimagenes.com\/wp-content\/uploads\/2025\/03\/Online-Tranding-Charts18-300x168.jpg 300w\" sizes=\"auto, (max-width: 400px) 100vw, 400px\" title=\"\"><\/figure>\n\n<h2 class=\"gb-headline gb-headline-0bf96bb0 gb-headline-text\"><a href=\"https:\/\/subirimagenes.com\/de\/opiniones\/instant-akpro-app\/\">Erkundung von K00403: Eine neue &Auml;ra im Kryptow&auml;hrungshandel<\/a><\/h2>\n\n<p class=\"gb-headline gb-headline-60dfae4e gb-headline-text\"><time class=\"entry-date published\" datetime=\"2025-05-20T08:23:47+00:00\">Mai 20, 2025<\/time><\/p>\n\n<div class=\"gb-headline gb-headline-f9ca50ee gb-headline-text\">Als erfahrener Finanzanalyst mit &uuml;ber einem Jahrzehnt Erfahrung in Anlagestrategien und zertifizierter Chartered Financial Analyst (CFA) bin ich hier, um Licht in die faszinierende Welt von K00403 zu bringen &ndash; einer Plattform, die sowohl die Aufmerksamkeit von Anf&auml;ngern als auch von erfahrenen Anlegern auf sich gezogen hat. <\/div>\n<\/div><\/div>\n\n<div class=\"gb-grid-column gb-grid-column-3b711c03 gb-query-loop-item post-29094 opinion type-opinion status-publish has-post-thumbnail hentry\"><div class=\"gb-container gb-container-3b711c03\">\n<figure class=\"gb-block-image gb-block-image-9bfa2a1b\"><img loading=\"lazy\" decoding=\"async\" width=\"400\" height=\"224\" src=\"https:\/\/subirimagenes.com\/wp-content\/uploads\/2025\/03\/Vivid-Trading-Phone-Screen11.jpg\" class=\"gb-image-9bfa2a1b\" alt=\"Pantalla v&iacute;vida del tel&eacute;fono comercial\" srcset=\"https:\/\/subirimagenes.com\/wp-content\/uploads\/2025\/03\/Vivid-Trading-Phone-Screen11.jpg 400w, https:\/\/subirimagenes.com\/wp-content\/uploads\/2025\/03\/Vivid-Trading-Phone-Screen11-300x168.jpg 300w\" sizes=\"auto, (max-width: 400px) 100vw, 400px\" title=\"\"><\/figure>\n\n<h2 class=\"gb-headline gb-headline-0bf96bb0 gb-headline-text\"><a href=\"https:\/\/subirimagenes.com\/de\/opiniones\/instant-akpro-review\/\">Entdecken Sie K00402: Innovation im Kryptow&auml;hrungshandel mit KI<\/a><\/h2>\n\n<p class=\"gb-headline gb-headline-60dfae4e gb-headline-text\"><time class=\"entry-date published\" datetime=\"2025-05-20T08:17:47+00:00\">Mai 20, 2025<\/time><\/p>\n\n<div class=\"gb-headline gb-headline-f9ca50ee gb-headline-text\">Als Finanzanalyst mit &uuml;ber zehn Jahren Erfahrung und CFA-Charterholder habe ich mich eingehend mit den Feinheiten der Finanzm&auml;rkte, regulatorischen Rahmenbedingungen und Anlagestrategien befasst.<\/div>\n<\/div><\/div>\n\n<div class=\"gb-grid-column gb-grid-column-3b711c03 gb-query-loop-item post-29090 opinion type-opinion status-publish has-post-thumbnail hentry\"><div class=\"gb-container gb-container-3b711c03\">\n<figure class=\"gb-block-image gb-block-image-9bfa2a1b\"><img loading=\"lazy\" decoding=\"async\" width=\"400\" height=\"224\" src=\"https:\/\/subirimagenes.com\/wp-content\/uploads\/2025\/03\/Mobile-Trading-Scene10.jpg\" class=\"gb-image-9bfa2a1b\" alt=\"Detalles de Trading en M&oacute;vil\" srcset=\"https:\/\/subirimagenes.com\/wp-content\/uploads\/2025\/03\/Mobile-Trading-Scene10.jpg 400w, https:\/\/subirimagenes.com\/wp-content\/uploads\/2025\/03\/Mobile-Trading-Scene10-300x168.jpg 300w\" sizes=\"auto, (max-width: 400px) 100vw, 400px\" title=\"\"><\/figure>\n\n<h2 class=\"gb-headline gb-headline-0bf96bb0 gb-headline-text\"><a href=\"https:\/\/subirimagenes.com\/de\/opiniones\/instant-akpro\/\">Maximieren Sie Ihre Krypto-Investitionen mit K00401: Fortschrittliche Technologie im Dienste des H&auml;ndlers<\/a><\/h2>\n\n<p class=\"gb-headline gb-headline-60dfae4e gb-headline-text\"><time class=\"entry-date published\" datetime=\"2025-05-20T08:12:02+00:00\">Mai 20, 2025<\/time><\/p>\n\n<div class=\"gb-headline gb-headline-f9ca50ee gb-headline-text\">Willkommen in unserem Blog &bdquo;Financial Insights&ldquo;, wo unser Team mit jahrelanger Erfahrung in der Finanzbranche und bemerkenswerten Qualifikationen wie den Titeln CFA und CPA in die Feinheiten des modernen Investierens eintaucht. <\/div>\n<\/div><\/div>\n\n<div class=\"gb-grid-column gb-grid-column-3b711c03 gb-query-loop-item post-29086 opinion type-opinion status-publish has-post-thumbnail hentry\"><div class=\"gb-container gb-container-3b711c03\">\n<figure class=\"gb-block-image gb-block-image-9bfa2a1b\"><img loading=\"lazy\" decoding=\"async\" width=\"400\" height=\"224\" src=\"https:\/\/subirimagenes.com\/wp-content\/uploads\/2025\/03\/Stock-analysis-on-mobile-screen3.jpg\" class=\"gb-image-9bfa2a1b\" alt=\"Tel&eacute;fono con Gr&aacute;ficos Oscuros\" srcset=\"https:\/\/subirimagenes.com\/wp-content\/uploads\/2025\/03\/Stock-analysis-on-mobile-screen3.jpg 400w, https:\/\/subirimagenes.com\/wp-content\/uploads\/2025\/03\/Stock-analysis-on-mobile-screen3-300x168.jpg 300w\" sizes=\"auto, (max-width: 400px) 100vw, 400px\" title=\"\"><\/figure>\n\n<h2 class=\"gb-headline gb-headline-0bf96bb0 gb-headline-text\"><a href=\"https:\/\/subirimagenes.com\/de\/opiniones\/energy-proair-app\/\">K00400 entdecken: Ein tiefer Einblick in den automatisierten Handel im Jahr 2025<\/a><\/h2>\n\n<p class=\"gb-headline gb-headline-60dfae4e gb-headline-text\"><time class=\"entry-date published\" datetime=\"2025-05-20T08:06:01+00:00\">Mai 20, 2025<\/time><\/p>\n\n<div class=\"gb-headline gb-headline-f9ca50ee gb-headline-text\">Als erfahrener Finanzanalyst mit &uuml;ber einem Jahrzehnt Erfahrung in der sich st&auml;ndig weiterentwickelnden Welt des Investierens und als Inhaber eines CFA-Chartered Financial Analyst (CFA) biete ich Ihnen eine von Experten unterst&uuml;tzte Analyse von K00400 im Jahr 2025.<\/div>\n<\/div><\/div>\n\n<div class=\"gb-grid-column gb-grid-column-3b711c03 gb-query-loop-item post-29082 opinion type-opinion status-publish has-post-thumbnail hentry\"><div class=\"gb-container gb-container-3b711c03\">\n<figure class=\"gb-block-image gb-block-image-9bfa2a1b\"><img loading=\"lazy\" decoding=\"async\" width=\"400\" height=\"224\" src=\"https:\/\/subirimagenes.com\/wp-content\/uploads\/2025\/03\/Stock-analysis-on-mobile-screen2.jpg\" class=\"gb-image-9bfa2a1b\" alt=\"Trading Futurista en M&oacute;vil\" srcset=\"https:\/\/subirimagenes.com\/wp-content\/uploads\/2025\/03\/Stock-analysis-on-mobile-screen2.jpg 400w, https:\/\/subirimagenes.com\/wp-content\/uploads\/2025\/03\/Stock-analysis-on-mobile-screen2-300x168.jpg 300w\" sizes=\"auto, (max-width: 400px) 100vw, 400px\" title=\"\"><\/figure>\n\n<h2 class=\"gb-headline gb-headline-0bf96bb0 gb-headline-text\"><a href=\"https:\/\/subirimagenes.com\/de\/opiniones\/energy-proair-review\/\">Entdecken Sie K00399: Innovation und Risiko im Kryptow&auml;hrungshandel<\/a><\/h2>\n\n<p class=\"gb-headline gb-headline-60dfae4e gb-headline-text\"><time class=\"entry-date published\" datetime=\"2025-05-20T07:58:09+00:00\">Mai 20, 2025<\/time><\/p>\n\n<div class=\"gb-headline gb-headline-f9ca50ee gb-headline-text\">Als erfahrener Finanzanalyst mit &uuml;ber einem Jahrzehnt Erfahrung auf traditionellen und digitalen M&auml;rkten bringe ich eine F&uuml;lle von Wissen und Perspektiven in die sich schnell entwickelnde Welt des Quantencomputings und der Kryptow&auml;hrung ein. <\/div>\n<\/div><\/div>\n\n<div class=\"gb-grid-column gb-grid-column-3b711c03 gb-query-loop-item post-29078 opinion type-opinion status-publish has-post-thumbnail hentry\"><div class=\"gb-container gb-container-3b711c03\">\n<figure class=\"gb-block-image gb-block-image-9bfa2a1b\"><img loading=\"lazy\" decoding=\"async\" width=\"400\" height=\"224\" src=\"https:\/\/subirimagenes.com\/wp-content\/uploads\/2025\/03\/Stock-analysis-on-mobile-screen1.jpg\" class=\"gb-image-9bfa2a1b\" alt=\"Tel&eacute;fono con Trading de Colores\" srcset=\"https:\/\/subirimagenes.com\/wp-content\/uploads\/2025\/03\/Stock-analysis-on-mobile-screen1.jpg 400w, https:\/\/subirimagenes.com\/wp-content\/uploads\/2025\/03\/Stock-analysis-on-mobile-screen1-300x168.jpg 300w\" sizes=\"auto, (max-width: 400px) 100vw, 400px\" title=\"\"><\/figure>\n\n<h2 class=\"gb-headline gb-headline-0bf96bb0 gb-headline-text\"><a href=\"https:\/\/subirimagenes.com\/de\/opiniones\/energy-proair\/\">Erkundung von K00398: Automatisierter Kryptow&auml;hrungshandel<\/a><\/h2>\n\n<p class=\"gb-headline gb-headline-60dfae4e gb-headline-text\"><time class=\"entry-date published\" datetime=\"2025-05-20T07:54:41+00:00\">Mai 20, 2025<\/time><\/p>\n\n<div class=\"gb-headline gb-headline-f9ca50ee gb-headline-text\">Als erfahrener Finanzanalyst mit &uuml;ber einem Jahrzehnt Erfahrung in der Investmentbranche und Inhaber eines CFA-Chartered Financial Analyst (CFA) habe ich jahrelang die sich entwickelnde Landschaft der Kryptow&auml;hrungen und ihren Platz in der modernen Finanzplanung erforscht. <\/div>\n<\/div><\/div>\n<\/div>\n\n<div class=\"gb-container gb-container-fa2da548 gb-query-loop-pagination\">\n\n\n<span class=\"gb-button gb-button-ae3848b3 gb-button-text page-numbers gb-block-is-current\" aria-current=\"page\">1<\/span><a class=\"gb-button gb-button-ae3848b3 gb-button-text page-numbers\" href=\"?query-64d1e269-page=2\">2<\/a><a class=\"gb-button gb-button-ae3848b3 gb-button-text page-numbers\" href=\"?query-64d1e269-page=3\">3<\/a><span class=\"gb-button gb-button-ae3848b3 gb-button-text page-numbers dots\">&hellip;<\/span><a class=\"gb-button gb-button-ae3848b3 gb-button-text page-numbers\" href=\"?query-64d1e269-page=36\">36<\/a>\n\n<a class=\"gb-button gb-button-8d2fe732 gb-button-text\" href=\"\/de\/wp-json\/wp\/v2\/pages\/22614?query-64d1e269-page=2\">N&auml;chste<\/a>\n<\/div>\n\n<\/div>\n<\/div>\n","protected":false},"excerpt":{"rendered":"<p> &#8230; <a title=\"Meinungen\" class=\"read-more\" href=\"https:\/\/subirimagenes.com\/de\/opiniones\/\" aria-label=\"Mehr Informationen \u00fcber Meinungen\">Weiterlesen &#8230;<\/a><\/p>\n","protected":false},"author":1,"featured_media":0,"parent":0,"menu_order":0,"comment_status":"closed","ping_status":"closed","template":"","meta":{"footnotes":""},"class_list":["post-22614","page","type-page","status-publish"],"rank_math_title":"Beste Bewertungen von Handelsplattformen, Kryptow\u00e4hrungsplattformen und Handelsrobotern","rank_math_description":"Vergleichen Sie die besten Handelsplattformen, Cryptocurrency-Handelsplattformen und Handelsroboter. Holen Sie sich ausf\u00fchrliche Bewertungen und Informationen, um die richtigen Tools f\u00fcr Ihre Handelserfahrung auszuw\u00e4hlen. ","rank_math_focus_keyword":"Handelsplattformen","_links":{"self":[{"href":"https:\/\/subirimagenes.com\/de\/wp-json\/wp\/v2\/pages\/22614","targetHints":{"allow":["GET"]}}],"collection":[{"href":"https:\/\/subirimagenes.com\/de\/wp-json\/wp\/v2\/pages"}],"about":[{"href":"https:\/\/subirimagenes.com\/de\/wp-json\/wp\/v2\/types\/page"}],"author":[{"embeddable":true,"href":"https:\/\/subirimagenes.com\/de\/wp-json\/wp\/v2\/users\/1"}],"replies":[{"embeddable":true,"href":"https:\/\/subirimagenes.com\/de\/wp-json\/wp\/v2\/comments?post=22614"}],"version-history":[{"count":0,"href":"https:\/\/subirimagenes.com\/de\/wp-json\/wp\/v2\/pages\/22614\/revisions"}],"wp:attachment":[{"href":"https:\/\/subirimagenes.com\/de\/wp-json\/wp\/v2\/media?parent=22614"}],"curies":[{"name":"wp","href":"https:\/\/api.w.org\/{rel}","templated":true}]}}