{"id":10916,"date":"2022-11-09T13:36:34","date_gmt":"2022-11-09T13:36:34","guid":{"rendered":"https:\/\/subirimagenes.com\/page-daccueil\/"},"modified":"2025-04-29T06:36:03","modified_gmt":"2025-04-29T06:36:03","slug":"home","status":"publish","type":"page","link":"https:\/\/subirimagenes.com\/fr\/","title":{"rendered":"Page d&rsquo;accueil"},"content":{"rendered":"<?xml encoding=\"UTF-8\"><div class=\"gb-container gb-container-f46336a7\">\n<div class=\"gb-container gb-container-0f729179\">\n\n<h1 class=\"gb-headline gb-headline-0fb016dd gb-headline-text\">D&eacute;couvrez les derni&egrave;res tendances en mati&egrave;re de technologie, de finance et de crypto-monnaies.<\/h1>\n\n<\/div>\n<\/div><div class=\"gb-container gb-container-bc27c5ad\">\n<div class=\"gb-container gb-container-0abaad4a\">\n<div class=\"gb-grid-wrapper gb-grid-wrapper-ea893e33\">\n<div class=\"gb-grid-column gb-grid-column-0349097c\"><div class=\"gb-container gb-container-0349097c\">\n\n<h2 class=\"gb-headline gb-headline-4c890917 gb-headline-text\">Votre source de r&eacute;f&eacute;rence pour la technologie, la finance et les crypto-monnaies<\/h2>\n\n\n\n<p>Bienvenue sur le site de Subirimagenes. Vous y trouverez les derni&egrave;res nouvelles et analyses sur la technologie, la finance et les crypto-monnaies. Vous voulez savoir ce qui se passe dans le monde de la technologie ? Vous &ecirc;tes curieux de conna&icirc;tre les derni&egrave;res tendances du march&eacute; ou les mises &agrave; jour sur les crypto-monnaies ? Nous sommes l&agrave; pour vous aider. Pas d&rsquo;absurdit&eacute;, pas de discours fantaisiste, juste des informations concr&egrave;tes que vous pouvez utiliser. Que vous soyez ici pour vous tenir au courant ou pour apprendre quelque chose de nouveau, vous &ecirc;tes au bon endroit. Jetez un coup d&rsquo;&oelig;il, lisez nos critiques et d&eacute;couvrez ce qui se fait de mieux aujourd&rsquo;hui dans les domaines de la technologie et de la finance. <a href=\"https:\/\/quantraderx.com\/fr\/\" target=\"_blank\" rel=\"noopener\">Cliquez ici<\/a> pour commencer.         <\/p>\n\n<\/div><\/div>\n\n<div class=\"gb-grid-column gb-grid-column-c3314f44\"><div class=\"gb-container gb-container-c3314f44\">\n\n<figure class=\"gb-block-image gb-block-image-3739947e\"><img loading=\"lazy\" decoding=\"async\" width=\"1000\" height=\"667\" class=\"gb-image gb-image-3739947e\" src=\"https:\/\/subirimagenes.com\/wp-content\/uploads\/2025\/01\/Subirimage-01.jpg\" alt=\"Subirimagenes. Votre source de r&eacute;f&eacute;rence pour la technologie, la finance et les crypto-monnaies.\" title=\"Subirimagenes. Votre source de r&eacute;f&eacute;rence pour la technologie, la finance et les crypto-monnaies.\" srcset=\"https:\/\/subirimagenes.com\/wp-content\/uploads\/2025\/01\/Subirimage-01.jpg 1000w, https:\/\/subirimagenes.com\/wp-content\/uploads\/2025\/01\/Subirimage-01-300x200.jpg 300w, https:\/\/subirimagenes.com\/wp-content\/uploads\/2025\/01\/Subirimage-01-768x512.jpg 768w\" sizes=\"auto, (max-width: 1000px) 100vw, 1000px\"><\/figure>\n\n<\/div><\/div>\n<\/div>\n<\/div>\n<\/div><div class=\"gb-container gb-container-cf968e59\">\n<div class=\"gb-container gb-container-520775e4\">\n\n<h2 class=\"gb-headline gb-headline-24474f4f gb-headline-text\">Derniers commentaires<\/h2>\n\n\n\n<div class=\"gb-grid-wrapper gb-grid-wrapper-2af8c289 horiz-scroll gb-query-loop-wrapper\">\n<div class=\"gb-grid-column gb-grid-column-2c852e9e gb-query-loop-item post-29131 opinion type-opinion status-publish has-post-thumbnail hentry\"><div class=\"gb-container gb-container-2c852e9e\"><div class=\"gb-inside-container\">\n<figure class=\"gb-block-image gb-block-image-be53bd63\"><img loading=\"lazy\" decoding=\"async\" width=\"400\" height=\"224\" src=\"https:\/\/subirimagenes.com\/wp-content\/uploads\/2025\/03\/Mobile-Trading-Scene3.jpg\" class=\"gb-image-be53bd63\" alt=\"An&aacute;lisis Burs&aacute;til en Tr&aacute;nsito\" srcset=\"https:\/\/subirimagenes.com\/wp-content\/uploads\/2025\/03\/Mobile-Trading-Scene3.jpg 400w, https:\/\/subirimagenes.com\/wp-content\/uploads\/2025\/03\/Mobile-Trading-Scene3-300x168.jpg 300w\" sizes=\"auto, (max-width: 400px) 100vw, 400px\" title=\"\"><\/figure>\n\n<h2 class=\"gb-headline gb-headline-d93a0e50 gb-headline-text\"><a href=\"https:\/\/subirimagenes.com\/fr\/opiniones\/ethereum-cormax-app\/\">&Agrave; la d&eacute;couverte de K00411&nbsp;: Innovation et performance dans le trading de cryptomonnaies<\/a><\/h2>\n\n\n\n<p class=\"gb-headline gb-headline-2ce5d081 gb-headline-text\"><a href=\"https:\/\/subirimagenes.com\/fr\/opiniones\/ethereum-cormax-app\/\">En tant qu&rsquo;analyste financier chevronn&eacute; avec plus d&rsquo;une d&eacute;cennie d&rsquo;exp&eacute;rience dans le secteur de l&rsquo;investissement, je vous apporte un aper&ccedil;u approfondi de K00411 en 2025, une plateforme qui fait le buzz avec ses revendications de rendements &eacute;lev&eacute;s et ses algorithmes sophistiqu&eacute;s. <\/a><\/p>\n<\/div><\/div><\/div>\n\n<div class=\"gb-grid-column gb-grid-column-2c852e9e gb-query-loop-item post-29135 opinion type-opinion status-publish has-post-thumbnail hentry\"><div class=\"gb-container gb-container-2c852e9e\"><div class=\"gb-inside-container\">\n<figure class=\"gb-block-image gb-block-image-be53bd63\"><img loading=\"lazy\" decoding=\"async\" width=\"400\" height=\"224\" src=\"https:\/\/subirimagenes.com\/wp-content\/uploads\/2025\/03\/Mobile-Trading-Scene4.jpg\" class=\"gb-image-be53bd63\" alt=\"Trading Futurista en M&oacute;vil\" srcset=\"https:\/\/subirimagenes.com\/wp-content\/uploads\/2025\/03\/Mobile-Trading-Scene4.jpg 400w, https:\/\/subirimagenes.com\/wp-content\/uploads\/2025\/03\/Mobile-Trading-Scene4-300x168.jpg 300w\" sizes=\"auto, (max-width: 400px) 100vw, 400px\" title=\"\"><\/figure>\n\n<h2 class=\"gb-headline gb-headline-d93a0e50 gb-headline-text\"><a href=\"https:\/\/subirimagenes.com\/fr\/opiniones\/ethereum-cormax-review\/\">Exploration de K00410&nbsp;: Innovation et s&eacute;curit&eacute; dans le trading de cryptomonnaies<\/a><\/h2>\n\n<p class=\"gb-headline gb-headline-91438a09 gb-headline-text\"><time class=\"entry-date updated-date\" datetime=\"2025-05-28T08:19:47+00:00\">mai 28, 2025<\/time><\/p>\n\n<p class=\"gb-headline gb-headline-2ce5d081 gb-headline-text\"><a href=\"https:\/\/subirimagenes.com\/fr\/opiniones\/ethereum-cormax-review\/\">En tant qu&rsquo;analyste financier avec plus d&rsquo;une d&eacute;cennie d&rsquo;exp&eacute;rience dans le monde volatil de la crypto-monnaie et titulaire de la charte CFA, je vous propose une exploration soutenue par des experts de K00410 alors que nous nous dirigeons vers 2025.<\/a><\/p>\n<\/div><\/div><\/div>\n\n<div class=\"gb-grid-column gb-grid-column-2c852e9e gb-query-loop-item post-29139 opinion type-opinion status-publish has-post-thumbnail hentry\"><div class=\"gb-container gb-container-2c852e9e\"><div class=\"gb-inside-container\">\n<figure class=\"gb-block-image gb-block-image-be53bd63\"><img loading=\"lazy\" decoding=\"async\" width=\"400\" height=\"224\" src=\"https:\/\/subirimagenes.com\/wp-content\/uploads\/2025\/03\/Online-Tranding2.jpg\" class=\"gb-image-be53bd63\" alt=\"Trading M&oacute;vil con Estilo\" srcset=\"https:\/\/subirimagenes.com\/wp-content\/uploads\/2025\/03\/Online-Tranding2.jpg 400w, https:\/\/subirimagenes.com\/wp-content\/uploads\/2025\/03\/Online-Tranding2-300x168.jpg 300w\" sizes=\"auto, (max-width: 400px) 100vw, 400px\" title=\"\"><\/figure>\n\n<h2 class=\"gb-headline gb-headline-d93a0e50 gb-headline-text\"><a href=\"https:\/\/subirimagenes.com\/fr\/opiniones\/ethereum-cormax\/\">K00409&nbsp;: R&eacute;volutionner le trading de cryptomonnaies gr&acirc;ce &agrave; une technologie avanc&eacute;e<\/a><\/h2>\n\n<p class=\"gb-headline gb-headline-91438a09 gb-headline-text\"><time class=\"entry-date updated-date\" datetime=\"2025-05-28T08:37:47+00:00\">mai 28, 2025<\/time><\/p>\n\n<p class=\"gb-headline gb-headline-2ce5d081 gb-headline-text\"><a href=\"https:\/\/subirimagenes.com\/fr\/opiniones\/ethereum-cormax\/\">Je suis vraiment impressionn&eacute; par les progr&egrave;s de K00409 alors qu&rsquo;ils se pr&eacute;parent pour 2025.<\/a><\/p>\n<\/div><\/div><\/div>\n<\/div>\n\n\n\n<div class=\"gb-grid-wrapper gb-grid-wrapper-3d06c979 horiz-scroll gb-query-loop-wrapper\">\n<div class=\"gb-grid-column gb-grid-column-31473bbb gb-query-loop-item post-29097 opinion type-opinion status-publish has-post-thumbnail hentry\"><div class=\"gb-container gb-container-31473bbb\"><div class=\"gb-inside-container\">\n<figure class=\"gb-block-image gb-block-image-d940573e\"><img loading=\"lazy\" decoding=\"async\" width=\"400\" height=\"224\" src=\"https:\/\/subirimagenes.com\/wp-content\/uploads\/2025\/03\/Online-Tranding-Charts18.jpg\" class=\"gb-image-d940573e\" alt=\"Trading Nocturno en Ciudad\" srcset=\"https:\/\/subirimagenes.com\/wp-content\/uploads\/2025\/03\/Online-Tranding-Charts18.jpg 400w, https:\/\/subirimagenes.com\/wp-content\/uploads\/2025\/03\/Online-Tranding-Charts18-300x168.jpg 300w\" sizes=\"auto, (max-width: 400px) 100vw, 400px\" title=\"\"><\/figure>\n\n<h2 class=\"gb-headline gb-headline-af2754b5 gb-headline-text\"><a href=\"https:\/\/subirimagenes.com\/fr\/opiniones\/instant-akpro-app\/\">Exploration de K00403&nbsp;: une nouvelle &egrave;re dans le trading de cryptomonnaies<\/a><\/h2>\n\n<p class=\"gb-headline gb-headline-501f368a gb-headline-text\"><time class=\"entry-date updated-date\" datetime=\"2025-05-26T11:14:18+00:00\">mai 26, 2025<\/time><\/p>\n\n<p class=\"gb-headline gb-headline-055e6d00 gb-headline-text\"><a href=\"https:\/\/subirimagenes.com\/fr\/opiniones\/instant-akpro-app\/\">En tant qu&rsquo;analyste financier chevronn&eacute; avec plus d&rsquo;une d&eacute;cennie d&rsquo;exp&eacute;rience dans les strat&eacute;gies d&rsquo;investissement et analyste financier agr&eacute;&eacute; certifi&eacute; (CFA), je suis ici pour faire la lumi&egrave;re sur le monde fascinant de K00403 &ndash; une plateforme qui a capt&eacute; l&rsquo;attention des investisseurs novices et exp&eacute;riment&eacute;s. <\/a><\/p>\n<\/div><\/div><\/div>\n\n<div class=\"gb-grid-column gb-grid-column-31473bbb gb-query-loop-item post-29093 opinion type-opinion status-publish has-post-thumbnail hentry\"><div class=\"gb-container gb-container-31473bbb\"><div class=\"gb-inside-container\">\n<figure class=\"gb-block-image gb-block-image-d940573e\"><img loading=\"lazy\" decoding=\"async\" width=\"400\" height=\"224\" src=\"https:\/\/subirimagenes.com\/wp-content\/uploads\/2025\/03\/Vivid-Trading-Phone-Screen11.jpg\" class=\"gb-image-d940573e\" alt=\"Pantalla v&iacute;vida del tel&eacute;fono comercial\" srcset=\"https:\/\/subirimagenes.com\/wp-content\/uploads\/2025\/03\/Vivid-Trading-Phone-Screen11.jpg 400w, https:\/\/subirimagenes.com\/wp-content\/uploads\/2025\/03\/Vivid-Trading-Phone-Screen11-300x168.jpg 300w\" sizes=\"auto, (max-width: 400px) 100vw, 400px\" title=\"\"><\/figure>\n\n<h2 class=\"gb-headline gb-headline-af2754b5 gb-headline-text\"><a href=\"https:\/\/subirimagenes.com\/fr\/opiniones\/instant-akpro-review\/\">D&eacute;couvrez K00402&nbsp;: Innovation dans le trading de cryptomonnaies gr&acirc;ce &agrave; l&rsquo;IA<\/a><\/h2>\n\n<p class=\"gb-headline gb-headline-501f368a gb-headline-text\"><time class=\"entry-date updated-date\" datetime=\"2025-05-26T10:57:17+00:00\">mai 26, 2025<\/time><\/p>\n\n<p class=\"gb-headline gb-headline-055e6d00 gb-headline-text\"><a href=\"https:\/\/subirimagenes.com\/fr\/opiniones\/instant-akpro-review\/\">En tant qu&rsquo;analyste financier avec plus d&rsquo;une d&eacute;cennie d&rsquo;exp&eacute;rience et titulaire de la charte CFA, j&rsquo;ai plong&eacute; dans les subtilit&eacute;s des march&eacute;s financiers, des cadres r&eacute;glementaires et des strat&eacute;gies d&rsquo;investissement.<\/a><\/p>\n<\/div><\/div><\/div>\n\n<div class=\"gb-grid-column gb-grid-column-31473bbb gb-query-loop-item post-29089 opinion type-opinion status-publish has-post-thumbnail hentry\"><div class=\"gb-container gb-container-31473bbb\"><div class=\"gb-inside-container\">\n<figure class=\"gb-block-image gb-block-image-d940573e\"><img loading=\"lazy\" decoding=\"async\" width=\"400\" height=\"224\" src=\"https:\/\/subirimagenes.com\/wp-content\/uploads\/2025\/03\/Mobile-Trading-Scene10.jpg\" class=\"gb-image-d940573e\" alt=\"Detalles de Trading en M&oacute;vil\" srcset=\"https:\/\/subirimagenes.com\/wp-content\/uploads\/2025\/03\/Mobile-Trading-Scene10.jpg 400w, https:\/\/subirimagenes.com\/wp-content\/uploads\/2025\/03\/Mobile-Trading-Scene10-300x168.jpg 300w\" sizes=\"auto, (max-width: 400px) 100vw, 400px\" title=\"\"><\/figure>\n\n<h2 class=\"gb-headline gb-headline-af2754b5 gb-headline-text\"><a href=\"https:\/\/subirimagenes.com\/fr\/opiniones\/instant-akpro\/\">Maximisez vos investissements en cryptomonnaies avec K00401&nbsp;: une technologie avanc&eacute;e au service du trader<\/a><\/h2>\n\n<p class=\"gb-headline gb-headline-501f368a gb-headline-text\"><time class=\"entry-date updated-date\" datetime=\"2025-05-26T10:43:00+00:00\">mai 26, 2025<\/time><\/p>\n\n<p class=\"gb-headline gb-headline-055e6d00 gb-headline-text\"><a href=\"https:\/\/subirimagenes.com\/fr\/opiniones\/instant-akpro\/\">Bienvenue sur notre blog Financial Insights, o&ugrave; notre &eacute;quipe, forte de plusieurs ann&eacute;es d&rsquo;exp&eacute;rience dans le secteur financier et de r&eacute;f&eacute;rences notables telles que les d&eacute;signations CFA et CPA, se penche sur les subtilit&eacute;s de l&rsquo;investissement moderne. <\/a><\/p>\n<\/div><\/div><\/div>\n<\/div>\n\n\n<div class=\"gb-container gb-container-a4ffdef4\">\n\n<a class=\"gb-button gb-button-96f3da68 gb-button-text\" href=\"https:\/\/subirimagenes.com\/fr\/opiniones\/\">En savoir plus<\/a>\n\n<\/div>\n<\/div>\n<\/div><div class=\"gb-container gb-container-2dce6048\">\n<div class=\"gb-container gb-container-9712d26d\">\n\n<!-- TradingView Widget BEGIN -->\n<div class=\"tradingview-widget-container\">\n  <div class=\"tradingview-widget-container__widget\"><\/div>\n  <div class=\"tradingview-widget-copyright\"><a href=\"https:\/\/www.tradingview.com\/fr\/\" rel=\"noopener nofollow\" target=\"_blank\"><span class=\"blue-text\">Suivez tous les march&eacute;s sur TradingView<\/span><\/a><\/div>\n  <script type=\"text\/javascript\" src=\"https:\/\/s3.tradingview.com\/external-embedding\/embed-widget-screener.js\" async=\"\">\n  {\n  \"width\": \"100%\",\n  \"height\": 550,\n  \"defaultColumn\": \"overview\",\n  \"screener_type\": \"crypto_mkt\",\n  \"displayCurrency\": \"USD\",\n  \"colorTheme\": \"light\",\n  \"locale\": \"en\"\n}\n  <\/script>\n<\/div>\n<!-- TradingView Widget END -->\n\n<\/div>\n<\/div><div class=\"gb-container gb-container-2c2975c1\">\n<div class=\"gb-container gb-container-d660a243\">\n\n<h2 class=\"gb-headline gb-headline-c7c3ab44 gb-headline-text\">En savoir plus sur Subirimagenes<\/h2>\n\n\n\n<p class=\"has-text-align-left\">Vous souhaitez approfondir vos connaissances ? Consultez nos derniers articles, analyses et mises &agrave; jour. Restez inform&eacute; et prenez de l&rsquo;avance &agrave; chaque &eacute;tape.  <\/p>\n\n\n<div class=\"gb-container gb-container-4cfcd491\">\n\n<a class=\"gb-button gb-button-a3e66479 gb-button-text\" href=\"https:\/\/subirimagenes.com\/fr\/opiniones\/\">Voir tous les avis<\/a>\n\n<\/div>\n<\/div>\n<\/div>\n","protected":false},"excerpt":{"rendered":"<p> &#8230; <a title=\"Page d&rsquo;accueil\" class=\"read-more\" href=\"https:\/\/subirimagenes.com\/fr\/\" aria-label=\"En savoir plus sur Page d&rsquo;accueil\">Lire plus<\/a><\/p>\n","protected":false},"author":1,"featured_media":0,"parent":0,"menu_order":0,"comment_status":"closed","ping_status":"closed","template":"","meta":{"footnotes":""},"class_list":["post-10916","page","type-page","status-publish"],"rank_math_title":"Derni\u00e8res nouvelles technologiques, mises \u00e0 jour financi\u00e8res et perspectives des crypto-monnaies | Subirimagenes","rank_math_description":"Gardez une longueur d'avance avec Subirimagenes. Obtenez les derni\u00e8res nouvelles technologiques, des mises \u00e0 jour financi\u00e8res d\u00e9taill\u00e9es et des informations sur les crypto-monnaies. Toutes les tendances et les analyses dont vous avez besoin, en un seul endroit.  ","rank_math_focus_keyword":"","_links":{"self":[{"href":"https:\/\/subirimagenes.com\/fr\/wp-json\/wp\/v2\/pages\/10916","targetHints":{"allow":["GET"]}}],"collection":[{"href":"https:\/\/subirimagenes.com\/fr\/wp-json\/wp\/v2\/pages"}],"about":[{"href":"https:\/\/subirimagenes.com\/fr\/wp-json\/wp\/v2\/types\/page"}],"author":[{"embeddable":true,"href":"https:\/\/subirimagenes.com\/fr\/wp-json\/wp\/v2\/users\/1"}],"replies":[{"embeddable":true,"href":"https:\/\/subirimagenes.com\/fr\/wp-json\/wp\/v2\/comments?post=10916"}],"version-history":[{"count":0,"href":"https:\/\/subirimagenes.com\/fr\/wp-json\/wp\/v2\/pages\/10916\/revisions"}],"wp:attachment":[{"href":"https:\/\/subirimagenes.com\/fr\/wp-json\/wp\/v2\/media?parent=10916"}],"curies":[{"name":"wp","href":"https:\/\/api.w.org\/{rel}","templated":true}]}}