{"id":22616,"date":"2025-01-03T11:27:36","date_gmt":"2025-01-03T11:27:36","guid":{"rendered":"https:\/\/subirimagenes.com\/opinions\/"},"modified":"2025-01-03T12:36:20","modified_gmt":"2025-01-03T12:36:20","slug":"opiniones","status":"publish","type":"page","link":"https:\/\/subirimagenes.com\/fr\/opiniones\/","title":{"rendered":"Opinions"},"content":{"rendered":"<?xml encoding=\"UTF-8\"><div class=\"gb-container gb-container-622264d6\">\n<div class=\"gb-container gb-container-925e4f42\">\n\n<h1 class=\"gb-headline gb-headline-af849a97 gb-headline-text\">Trouvez les meilleures plateformes de trading, les meilleurs outils de trading de crypto-monnaies et les meilleurs robots de trading.<\/h1>\n\n<\/div>\n<\/div><div class=\"gb-container gb-container-815df75d\">\n<nav aria-label=\"breadcrumbs\" class=\"rank-math-breadcrumb\"><p><span class=\"last\">Page d&#039;accueil<\/span><\/p><\/nav>\n\n<\/div><div class=\"gb-container gb-container-2d1b3c11\">\n<div class=\"gb-container gb-container-7a26a69c\">\n\n<p class=\"gb-headline gb-headline-4d55ef54 gb-headline-text\">Vous &ecirc;tes &agrave; la recherche des bons outils de trading ? Vous &ecirc;tes au bon endroit. Vous trouverez ici des avis honn&ecirc;tes sur les plateformes de trading, les plateformes de trading de crypto-monnaies et les robots de trading. Nous avons tout d&eacute;compos&eacute; pour faciliter la compr&eacute;hension &ndash; vous ne savez pas par o&ugrave; commencer ? Il vous suffit de faire d&eacute;filer les articles et de voir ce qui correspond &agrave; votre style et &agrave; vos besoins. Que vous soyez d&eacute;butant ou que vous pratiquiez le trading depuis un certain temps, vous trouverez ici de quoi vous satisfaire. Nous avons fait les recherches n&eacute;cessaires pour que vous n&rsquo;ayez pas &agrave; les faire. &Ecirc;tes-vous pr&ecirc;t &agrave; passer &agrave; la vitesse sup&eacute;rieure ? Commen&ccedil;ons par le commencement.         <\/p>\n\n\n\n<div class=\"gb-grid-wrapper gb-grid-wrapper-bfda7a3c gb-query-loop-wrapper\">\n<div class=\"gb-grid-column gb-grid-column-3b711c03 gb-query-loop-item post-29131 opinion type-opinion status-publish has-post-thumbnail hentry\"><div class=\"gb-container gb-container-3b711c03\">\n<figure class=\"gb-block-image gb-block-image-9bfa2a1b\"><img loading=\"lazy\" decoding=\"async\" width=\"400\" height=\"224\" src=\"https:\/\/subirimagenes.com\/wp-content\/uploads\/2025\/03\/Mobile-Trading-Scene3.jpg\" class=\"gb-image-9bfa2a1b\" alt=\"An&aacute;lisis Burs&aacute;til en Tr&aacute;nsito\" srcset=\"https:\/\/subirimagenes.com\/wp-content\/uploads\/2025\/03\/Mobile-Trading-Scene3.jpg 400w, https:\/\/subirimagenes.com\/wp-content\/uploads\/2025\/03\/Mobile-Trading-Scene3-300x168.jpg 300w\" sizes=\"auto, (max-width: 400px) 100vw, 400px\" title=\"\"><\/figure>\n\n<h2 class=\"gb-headline gb-headline-0bf96bb0 gb-headline-text\"><a href=\"https:\/\/subirimagenes.com\/fr\/opiniones\/ethereum-cormax-app\/\">&Agrave; la d&eacute;couverte de K00411&nbsp;: Innovation et performance dans le trading de cryptomonnaies<\/a><\/h2>\n\n<p class=\"gb-headline gb-headline-60dfae4e gb-headline-text\"><time class=\"entry-date published\" datetime=\"2025-05-28T07:54:02+00:00\">mai 28, 2025<\/time><\/p>\n\n<div class=\"gb-headline gb-headline-f9ca50ee gb-headline-text\">En tant qu&rsquo;analyste financier chevronn&eacute; avec plus d&rsquo;une d&eacute;cennie d&rsquo;exp&eacute;rience dans le secteur de l&rsquo;investissement, je vous apporte un aper&ccedil;u approfondi de K00411 en 2025, une plateforme qui fait le buzz avec ses revendications de rendements &eacute;lev&eacute;s et ses algorithmes sophistiqu&eacute;s. <\/div>\n<\/div><\/div>\n\n<div class=\"gb-grid-column gb-grid-column-3b711c03 gb-query-loop-item post-29135 opinion type-opinion status-publish has-post-thumbnail hentry\"><div class=\"gb-container gb-container-3b711c03\">\n<figure class=\"gb-block-image gb-block-image-9bfa2a1b\"><img loading=\"lazy\" decoding=\"async\" width=\"400\" height=\"224\" src=\"https:\/\/subirimagenes.com\/wp-content\/uploads\/2025\/03\/Mobile-Trading-Scene4.jpg\" class=\"gb-image-9bfa2a1b\" alt=\"Trading Futurista en M&oacute;vil\" srcset=\"https:\/\/subirimagenes.com\/wp-content\/uploads\/2025\/03\/Mobile-Trading-Scene4.jpg 400w, https:\/\/subirimagenes.com\/wp-content\/uploads\/2025\/03\/Mobile-Trading-Scene4-300x168.jpg 300w\" sizes=\"auto, (max-width: 400px) 100vw, 400px\" title=\"\"><\/figure>\n\n<h2 class=\"gb-headline gb-headline-0bf96bb0 gb-headline-text\"><a href=\"https:\/\/subirimagenes.com\/fr\/opiniones\/ethereum-cormax-review\/\">Exploration de K00410&nbsp;: Innovation et s&eacute;curit&eacute; dans le trading de cryptomonnaies<\/a><\/h2>\n\n<p class=\"gb-headline gb-headline-60dfae4e gb-headline-text\"><time class=\"entry-date published\" datetime=\"2025-05-28T07:49:44+00:00\">mai 28, 2025<\/time><\/p>\n\n<div class=\"gb-headline gb-headline-f9ca50ee gb-headline-text\">En tant qu&rsquo;analyste financier avec plus d&rsquo;une d&eacute;cennie d&rsquo;exp&eacute;rience dans le monde volatil de la crypto-monnaie et titulaire de la charte CFA, je vous propose une exploration soutenue par des experts de K00410 alors que nous nous dirigeons vers 2025.<\/div>\n<\/div><\/div>\n\n<div class=\"gb-grid-column gb-grid-column-3b711c03 gb-query-loop-item post-29139 opinion type-opinion status-publish has-post-thumbnail hentry\"><div class=\"gb-container gb-container-3b711c03\">\n<figure class=\"gb-block-image gb-block-image-9bfa2a1b\"><img loading=\"lazy\" decoding=\"async\" width=\"400\" height=\"224\" src=\"https:\/\/subirimagenes.com\/wp-content\/uploads\/2025\/03\/Online-Tranding2.jpg\" class=\"gb-image-9bfa2a1b\" alt=\"Trading M&oacute;vil con Estilo\" srcset=\"https:\/\/subirimagenes.com\/wp-content\/uploads\/2025\/03\/Online-Tranding2.jpg 400w, https:\/\/subirimagenes.com\/wp-content\/uploads\/2025\/03\/Online-Tranding2-300x168.jpg 300w\" sizes=\"auto, (max-width: 400px) 100vw, 400px\" title=\"\"><\/figure>\n\n<h2 class=\"gb-headline gb-headline-0bf96bb0 gb-headline-text\"><a href=\"https:\/\/subirimagenes.com\/fr\/opiniones\/ethereum-cormax\/\">K00409&nbsp;: R&eacute;volutionner le trading de cryptomonnaies gr&acirc;ce &agrave; une technologie avanc&eacute;e<\/a><\/h2>\n\n<p class=\"gb-headline gb-headline-60dfae4e gb-headline-text\"><time class=\"entry-date published\" datetime=\"2025-05-28T07:43:46+00:00\">mai 28, 2025<\/time><\/p>\n\n<div class=\"gb-headline gb-headline-f9ca50ee gb-headline-text\">Je suis vraiment impressionn&eacute; par les progr&egrave;s de K00409 alors qu&rsquo;ils se pr&eacute;parent pour 2025.<\/div>\n<\/div><\/div>\n\n<div class=\"gb-grid-column gb-grid-column-3b711c03 gb-query-loop-item post-29097 opinion type-opinion status-publish has-post-thumbnail hentry\"><div class=\"gb-container gb-container-3b711c03\">\n<figure class=\"gb-block-image gb-block-image-9bfa2a1b\"><img loading=\"lazy\" decoding=\"async\" width=\"400\" height=\"224\" src=\"https:\/\/subirimagenes.com\/wp-content\/uploads\/2025\/03\/Online-Tranding-Charts18.jpg\" class=\"gb-image-9bfa2a1b\" alt=\"Trading Nocturno en Ciudad\" srcset=\"https:\/\/subirimagenes.com\/wp-content\/uploads\/2025\/03\/Online-Tranding-Charts18.jpg 400w, https:\/\/subirimagenes.com\/wp-content\/uploads\/2025\/03\/Online-Tranding-Charts18-300x168.jpg 300w\" sizes=\"auto, (max-width: 400px) 100vw, 400px\" title=\"\"><\/figure>\n\n<h2 class=\"gb-headline gb-headline-0bf96bb0 gb-headline-text\"><a href=\"https:\/\/subirimagenes.com\/fr\/opiniones\/instant-akpro-app\/\">Exploration de K00403&nbsp;: une nouvelle &egrave;re dans le trading de cryptomonnaies<\/a><\/h2>\n\n<p class=\"gb-headline gb-headline-60dfae4e gb-headline-text\"><time class=\"entry-date published\" datetime=\"2025-05-20T08:23:47+00:00\">mai 20, 2025<\/time><\/p>\n\n<div class=\"gb-headline gb-headline-f9ca50ee gb-headline-text\">En tant qu&rsquo;analyste financier chevronn&eacute; avec plus d&rsquo;une d&eacute;cennie d&rsquo;exp&eacute;rience dans les strat&eacute;gies d&rsquo;investissement et analyste financier agr&eacute;&eacute; certifi&eacute; (CFA), je suis ici pour faire la lumi&egrave;re sur le monde fascinant de K00403 &ndash; une plateforme qui a capt&eacute; l&rsquo;attention des investisseurs novices et exp&eacute;riment&eacute;s. <\/div>\n<\/div><\/div>\n\n<div class=\"gb-grid-column gb-grid-column-3b711c03 gb-query-loop-item post-29093 opinion type-opinion status-publish has-post-thumbnail hentry\"><div class=\"gb-container gb-container-3b711c03\">\n<figure class=\"gb-block-image gb-block-image-9bfa2a1b\"><img loading=\"lazy\" decoding=\"async\" width=\"400\" height=\"224\" src=\"https:\/\/subirimagenes.com\/wp-content\/uploads\/2025\/03\/Vivid-Trading-Phone-Screen11.jpg\" class=\"gb-image-9bfa2a1b\" alt=\"Pantalla v&iacute;vida del tel&eacute;fono comercial\" srcset=\"https:\/\/subirimagenes.com\/wp-content\/uploads\/2025\/03\/Vivid-Trading-Phone-Screen11.jpg 400w, https:\/\/subirimagenes.com\/wp-content\/uploads\/2025\/03\/Vivid-Trading-Phone-Screen11-300x168.jpg 300w\" sizes=\"auto, (max-width: 400px) 100vw, 400px\" title=\"\"><\/figure>\n\n<h2 class=\"gb-headline gb-headline-0bf96bb0 gb-headline-text\"><a href=\"https:\/\/subirimagenes.com\/fr\/opiniones\/instant-akpro-review\/\">D&eacute;couvrez K00402&nbsp;: Innovation dans le trading de cryptomonnaies gr&acirc;ce &agrave; l&rsquo;IA<\/a><\/h2>\n\n<p class=\"gb-headline gb-headline-60dfae4e gb-headline-text\"><time class=\"entry-date published\" datetime=\"2025-05-20T08:17:47+00:00\">mai 20, 2025<\/time><\/p>\n\n<div class=\"gb-headline gb-headline-f9ca50ee gb-headline-text\">En tant qu&rsquo;analyste financier avec plus d&rsquo;une d&eacute;cennie d&rsquo;exp&eacute;rience et titulaire de la charte CFA, j&rsquo;ai plong&eacute; dans les subtilit&eacute;s des march&eacute;s financiers, des cadres r&eacute;glementaires et des strat&eacute;gies d&rsquo;investissement.<\/div>\n<\/div><\/div>\n\n<div class=\"gb-grid-column gb-grid-column-3b711c03 gb-query-loop-item post-29089 opinion type-opinion status-publish has-post-thumbnail hentry\"><div class=\"gb-container gb-container-3b711c03\">\n<figure class=\"gb-block-image gb-block-image-9bfa2a1b\"><img loading=\"lazy\" decoding=\"async\" width=\"400\" height=\"224\" src=\"https:\/\/subirimagenes.com\/wp-content\/uploads\/2025\/03\/Mobile-Trading-Scene10.jpg\" class=\"gb-image-9bfa2a1b\" alt=\"Detalles de Trading en M&oacute;vil\" srcset=\"https:\/\/subirimagenes.com\/wp-content\/uploads\/2025\/03\/Mobile-Trading-Scene10.jpg 400w, https:\/\/subirimagenes.com\/wp-content\/uploads\/2025\/03\/Mobile-Trading-Scene10-300x168.jpg 300w\" sizes=\"auto, (max-width: 400px) 100vw, 400px\" title=\"\"><\/figure>\n\n<h2 class=\"gb-headline gb-headline-0bf96bb0 gb-headline-text\"><a href=\"https:\/\/subirimagenes.com\/fr\/opiniones\/instant-akpro\/\">Maximisez vos investissements en cryptomonnaies avec K00401&nbsp;: une technologie avanc&eacute;e au service du trader<\/a><\/h2>\n\n<p class=\"gb-headline gb-headline-60dfae4e gb-headline-text\"><time class=\"entry-date published\" datetime=\"2025-05-20T08:12:02+00:00\">mai 20, 2025<\/time><\/p>\n\n<div class=\"gb-headline gb-headline-f9ca50ee gb-headline-text\">Bienvenue sur notre blog Financial Insights, o&ugrave; notre &eacute;quipe, forte de plusieurs ann&eacute;es d&rsquo;exp&eacute;rience dans le secteur financier et de r&eacute;f&eacute;rences notables telles que les d&eacute;signations CFA et CPA, se penche sur les subtilit&eacute;s de l&rsquo;investissement moderne. <\/div>\n<\/div><\/div>\n\n<div class=\"gb-grid-column gb-grid-column-3b711c03 gb-query-loop-item post-29085 opinion type-opinion status-publish has-post-thumbnail hentry\"><div class=\"gb-container gb-container-3b711c03\">\n<figure class=\"gb-block-image gb-block-image-9bfa2a1b\"><img loading=\"lazy\" decoding=\"async\" width=\"400\" height=\"224\" src=\"https:\/\/subirimagenes.com\/wp-content\/uploads\/2025\/03\/Stock-analysis-on-mobile-screen3.jpg\" class=\"gb-image-9bfa2a1b\" alt=\"Tel&eacute;fono con Gr&aacute;ficos Oscuros\" srcset=\"https:\/\/subirimagenes.com\/wp-content\/uploads\/2025\/03\/Stock-analysis-on-mobile-screen3.jpg 400w, https:\/\/subirimagenes.com\/wp-content\/uploads\/2025\/03\/Stock-analysis-on-mobile-screen3-300x168.jpg 300w\" sizes=\"auto, (max-width: 400px) 100vw, 400px\" title=\"\"><\/figure>\n\n<h2 class=\"gb-headline gb-headline-0bf96bb0 gb-headline-text\"><a href=\"https:\/\/subirimagenes.com\/fr\/opiniones\/energy-proair-app\/\">&Agrave; la d&eacute;couverte de K00400&nbsp;: une plong&eacute;e dans le trading automatis&eacute; en 2025<\/a><\/h2>\n\n<p class=\"gb-headline gb-headline-60dfae4e gb-headline-text\"><time class=\"entry-date published\" datetime=\"2025-05-20T08:06:01+00:00\">mai 20, 2025<\/time><\/p>\n\n<div class=\"gb-headline gb-headline-f9ca50ee gb-headline-text\">En tant qu&rsquo;analyste financier chevronn&eacute; avec plus d&rsquo;une d&eacute;cennie d&rsquo;exp&eacute;rience dans le monde en constante &eacute;volution de l&rsquo;investissement et titulaire de la charte CFA, je vous apporte une analyse soutenue par des experts du K00400 en 2025.<\/div>\n<\/div><\/div>\n\n<div class=\"gb-grid-column gb-grid-column-3b711c03 gb-query-loop-item post-29081 opinion type-opinion status-publish has-post-thumbnail hentry\"><div class=\"gb-container gb-container-3b711c03\">\n<figure class=\"gb-block-image gb-block-image-9bfa2a1b\"><img loading=\"lazy\" decoding=\"async\" width=\"400\" height=\"224\" src=\"https:\/\/subirimagenes.com\/wp-content\/uploads\/2025\/03\/Stock-analysis-on-mobile-screen2.jpg\" class=\"gb-image-9bfa2a1b\" alt=\"Trading Futurista en M&oacute;vil\" srcset=\"https:\/\/subirimagenes.com\/wp-content\/uploads\/2025\/03\/Stock-analysis-on-mobile-screen2.jpg 400w, https:\/\/subirimagenes.com\/wp-content\/uploads\/2025\/03\/Stock-analysis-on-mobile-screen2-300x168.jpg 300w\" sizes=\"auto, (max-width: 400px) 100vw, 400px\" title=\"\"><\/figure>\n\n<h2 class=\"gb-headline gb-headline-0bf96bb0 gb-headline-text\"><a href=\"https:\/\/subirimagenes.com\/fr\/opiniones\/energy-proair-review\/\">&Agrave; la d&eacute;couverte de K00399&nbsp;: Innovation et risque dans le trading de cryptomonnaies<\/a><\/h2>\n\n<p class=\"gb-headline gb-headline-60dfae4e gb-headline-text\"><time class=\"entry-date published\" datetime=\"2025-05-20T07:58:09+00:00\">mai 20, 2025<\/time><\/p>\n\n<div class=\"gb-headline gb-headline-f9ca50ee gb-headline-text\">En tant qu&rsquo;analyste financier chevronn&eacute; avec plus d&rsquo;une d&eacute;cennie d&rsquo;exp&eacute;rience sur les march&eacute;s traditionnels et num&eacute;riques, j&rsquo;apporte une richesse de connaissances et de perspectives au monde en &eacute;volution rapide de l&rsquo;informatique quantique et de la crypto-monnaie. <\/div>\n<\/div><\/div>\n\n<div class=\"gb-grid-column gb-grid-column-3b711c03 gb-query-loop-item post-29077 opinion type-opinion status-publish has-post-thumbnail hentry\"><div class=\"gb-container gb-container-3b711c03\">\n<figure class=\"gb-block-image gb-block-image-9bfa2a1b\"><img loading=\"lazy\" decoding=\"async\" width=\"400\" height=\"224\" src=\"https:\/\/subirimagenes.com\/wp-content\/uploads\/2025\/03\/Stock-analysis-on-mobile-screen1.jpg\" class=\"gb-image-9bfa2a1b\" alt=\"Tel&eacute;fono con Trading de Colores\" srcset=\"https:\/\/subirimagenes.com\/wp-content\/uploads\/2025\/03\/Stock-analysis-on-mobile-screen1.jpg 400w, https:\/\/subirimagenes.com\/wp-content\/uploads\/2025\/03\/Stock-analysis-on-mobile-screen1-300x168.jpg 300w\" sizes=\"auto, (max-width: 400px) 100vw, 400px\" title=\"\"><\/figure>\n\n<h2 class=\"gb-headline gb-headline-0bf96bb0 gb-headline-text\"><a href=\"https:\/\/subirimagenes.com\/fr\/opiniones\/energy-proair\/\">Exploration de K00398&nbsp;: Trading automatis&eacute; de cryptomonnaies<\/a><\/h2>\n\n<p class=\"gb-headline gb-headline-60dfae4e gb-headline-text\"><time class=\"entry-date published\" datetime=\"2025-05-20T07:54:41+00:00\">mai 20, 2025<\/time><\/p>\n\n<div class=\"gb-headline gb-headline-f9ca50ee gb-headline-text\">En tant qu&rsquo;analyste financier chevronn&eacute; avec plus d&rsquo;une d&eacute;cennie d&rsquo;exp&eacute;rience dans le secteur de l&rsquo;investissement et titulaire de la charte CFA, j&rsquo;ai pass&eacute; des ann&eacute;es &agrave; rechercher l&rsquo;&eacute;volution du paysage des crypto-monnaies et sa place dans la planification financi&egrave;re moderne. <\/div>\n<\/div><\/div>\n\n<div class=\"gb-grid-column gb-grid-column-3b711c03 gb-query-loop-item post-28925 opinion type-opinion status-publish has-post-thumbnail hentry\"><div class=\"gb-container gb-container-3b711c03\">\n<figure class=\"gb-block-image gb-block-image-9bfa2a1b\"><img loading=\"lazy\" decoding=\"async\" width=\"400\" height=\"224\" src=\"https:\/\/subirimagenes.com\/wp-content\/uploads\/2025\/03\/Smartphone-showing-trading-data8.jpg\" class=\"gb-image-9bfa2a1b\" alt=\"M&oacute;vil con Trading Colorido\" srcset=\"https:\/\/subirimagenes.com\/wp-content\/uploads\/2025\/03\/Smartphone-showing-trading-data8.jpg 400w, https:\/\/subirimagenes.com\/wp-content\/uploads\/2025\/03\/Smartphone-showing-trading-data8-300x168.jpg 300w\" sizes=\"auto, (max-width: 400px) 100vw, 400px\" title=\"\"><\/figure>\n\n<h2 class=\"gb-headline gb-headline-0bf96bb0 gb-headline-text\"><a href=\"https:\/\/subirimagenes.com\/fr\/opiniones\/gpt-lispro\/\">K00395 : Innovation et efficacit&eacute; dans le commerce des crypto-monnaies<\/a><\/h2>\n\n<p class=\"gb-headline gb-headline-60dfae4e gb-headline-text\"><time class=\"entry-date published\" datetime=\"2025-05-06T08:40:46+00:00\">mai 6, 2025<\/time><\/p>\n\n<div class=\"gb-headline gb-headline-f9ca50ee gb-headline-text\">K00395 de 2025 &ndash; quelle innovation &eacute;tonnante ! Imaginez que vous commandiez une pizza avec une garniture surprise : une interface &eacute;l&eacute;gante qui am&eacute;liore l&rsquo;exp&eacute;rience de l&rsquo;utilisateur.   <\/div>\n<\/div><\/div>\n<\/div>\n\n<div class=\"gb-container gb-container-fa2da548 gb-query-loop-pagination\">\n\n\n<span class=\"gb-button gb-button-ae3848b3 gb-button-text page-numbers gb-block-is-current\" aria-current=\"page\">1<\/span><a class=\"gb-button gb-button-ae3848b3 gb-button-text page-numbers\" href=\"?query-64d1e269-page=2\">2<\/a><a class=\"gb-button gb-button-ae3848b3 gb-button-text page-numbers\" href=\"?query-64d1e269-page=3\">3<\/a><span class=\"gb-button gb-button-ae3848b3 gb-button-text page-numbers dots\">&hellip;<\/span><a class=\"gb-button gb-button-ae3848b3 gb-button-text page-numbers\" href=\"?query-64d1e269-page=36\">36<\/a>\n\n<a class=\"gb-button gb-button-8d2fe732 gb-button-text\" href=\"\/fr\/wp-json\/wp\/v2\/pages\/22616?query-64d1e269-page=2\">Suivant<\/a>\n<\/div>\n\n<\/div>\n<\/div>\n","protected":false},"excerpt":{"rendered":"<p> &#8230; <a title=\"Opinions\" class=\"read-more\" href=\"https:\/\/subirimagenes.com\/fr\/opiniones\/\" aria-label=\"En savoir plus sur Opinions\">Lire plus<\/a><\/p>\n","protected":false},"author":1,"featured_media":0,"parent":0,"menu_order":0,"comment_status":"closed","ping_status":"closed","template":"","meta":{"footnotes":""},"class_list":["post-22616","page","type-page","status-publish"],"rank_math_title":"Meilleures revues de plateformes de trading, de plateformes de crypto-monnaies et de robots de trading.","rank_math_description":"Comparez les meilleures plateformes de trading, plateformes de trading de crypto-monnaies et robots de trading. Obtenez des critiques d\u00e9taill\u00e9es et des informations pour choisir les bons outils pour votre exp\u00e9rience de trading. ","rank_math_focus_keyword":"plates-formes de n\u00e9gociation","_links":{"self":[{"href":"https:\/\/subirimagenes.com\/fr\/wp-json\/wp\/v2\/pages\/22616","targetHints":{"allow":["GET"]}}],"collection":[{"href":"https:\/\/subirimagenes.com\/fr\/wp-json\/wp\/v2\/pages"}],"about":[{"href":"https:\/\/subirimagenes.com\/fr\/wp-json\/wp\/v2\/types\/page"}],"author":[{"embeddable":true,"href":"https:\/\/subirimagenes.com\/fr\/wp-json\/wp\/v2\/users\/1"}],"replies":[{"embeddable":true,"href":"https:\/\/subirimagenes.com\/fr\/wp-json\/wp\/v2\/comments?post=22616"}],"version-history":[{"count":0,"href":"https:\/\/subirimagenes.com\/fr\/wp-json\/wp\/v2\/pages\/22616\/revisions"}],"wp:attachment":[{"href":"https:\/\/subirimagenes.com\/fr\/wp-json\/wp\/v2\/media?parent=22616"}],"curies":[{"name":"wp","href":"https:\/\/api.w.org\/{rel}","templated":true}]}}