{"id":10918,"date":"2022-11-09T13:36:34","date_gmt":"2022-11-09T13:36:34","guid":{"rendered":"https:\/\/subirimagenes.com\/startpagina\/"},"modified":"2025-01-07T07:50:01","modified_gmt":"2025-01-07T07:50:01","slug":"home","status":"publish","type":"page","link":"https:\/\/subirimagenes.com\/nl\/","title":{"rendered":"Startpagina"},"content":{"rendered":"<?xml encoding=\"UTF-8\"><div class=\"gb-container gb-container-f46336a7\">\n<div class=\"gb-container gb-container-0f729179\">\n\n<h1 class=\"gb-headline gb-headline-0fb016dd gb-headline-text\">Ontdek de nieuwste trends in technologie, financi&euml;n en cryptocurrencies<\/h1>\n\n<\/div>\n<\/div><div class=\"gb-container gb-container-bc27c5ad\">\n<div class=\"gb-container gb-container-0abaad4a\">\n<div class=\"gb-grid-wrapper gb-grid-wrapper-ea893e33\">\n<div class=\"gb-grid-column gb-grid-column-0349097c\"><div class=\"gb-container gb-container-0349097c\">\n\n<h2 class=\"gb-headline gb-headline-4c890917 gb-headline-text\">Uw referentiebron voor technologie, financi&euml;n en cryptocurrencies<\/h2>\n\n\n\n<p>Welkom bij Subirimagenes. Hier vind je het laatste nieuws en reviews over technologie, financi&euml;n en cryptocurrencies. We streven ernaar om alles eenvoudig en makkelijk te volgen te maken. Wil je weten wat er gaande is in de wereld van technologie? Benieuwd naar de laatste markttrends of cryptocurrency updates? Wij zijn er om je te helpen. Geen onzin, geen mooie praatjes, gewoon echte informatie die je kunt gebruiken. Of je nu hier bent om op de hoogte te blijven of om iets nieuws te leren, je bent op de juiste plek. Kijk eens rond, bekijk onze reviews en ontdek wat er vandaag de dag hot is op het gebied van technologie en financi&euml;n. Laten we beginnen.         <\/p>\n\n<\/div><\/div>\n\n<div class=\"gb-grid-column gb-grid-column-c3314f44\"><div class=\"gb-container gb-container-c3314f44\">\n\n<figure class=\"gb-block-image gb-block-image-3739947e\"><img loading=\"lazy\" decoding=\"async\" width=\"1000\" height=\"667\" class=\"gb-image gb-image-3739947e\" src=\"https:\/\/subirimagenes.com\/wp-content\/uploads\/2025\/01\/Subirimage-01.jpg\" alt=\"Subirimagenes. Uw referentiebron voor technologie, financi&euml;n en cryptocurrencies.\" title=\"Subirimagenes. Uw referentiebron voor technologie, financi&euml;n en cryptocurrencies.\" srcset=\"https:\/\/subirimagenes.com\/wp-content\/uploads\/2025\/01\/Subirimage-01.jpg 1000w, https:\/\/subirimagenes.com\/wp-content\/uploads\/2025\/01\/Subirimage-01-300x200.jpg 300w, https:\/\/subirimagenes.com\/wp-content\/uploads\/2025\/01\/Subirimage-01-768x512.jpg 768w\" sizes=\"auto, (max-width: 1000px) 100vw, 1000px\"><\/figure>\n\n<\/div><\/div>\n<\/div>\n<\/div>\n<\/div><div class=\"gb-container gb-container-cf968e59\">\n<div class=\"gb-container gb-container-520775e4\">\n\n<h2 class=\"gb-headline gb-headline-24474f4f gb-headline-text\">Laatste beoordelingen<\/h2>\n\n\n\n<div class=\"gb-grid-wrapper gb-grid-wrapper-2af8c289 horiz-scroll gb-query-loop-wrapper\">\n<div class=\"gb-grid-column gb-grid-column-2c852e9e gb-query-loop-item post-29129 opinion type-opinion status-publish has-post-thumbnail hentry\"><div class=\"gb-container gb-container-2c852e9e\"><div class=\"gb-inside-container\">\n<figure class=\"gb-block-image gb-block-image-be53bd63\"><img loading=\"lazy\" decoding=\"async\" width=\"400\" height=\"224\" src=\"https:\/\/subirimagenes.com\/wp-content\/uploads\/2025\/03\/Mobile-Trading-Scene3.jpg\" class=\"gb-image-be53bd63\" alt=\"An&aacute;lisis Burs&aacute;til en Tr&aacute;nsito\" srcset=\"https:\/\/subirimagenes.com\/wp-content\/uploads\/2025\/03\/Mobile-Trading-Scene3.jpg 400w, https:\/\/subirimagenes.com\/wp-content\/uploads\/2025\/03\/Mobile-Trading-Scene3-300x168.jpg 300w\" sizes=\"auto, (max-width: 400px) 100vw, 400px\" title=\"\"><\/figure>\n\n<h2 class=\"gb-headline gb-headline-d93a0e50 gb-headline-text\"><a href=\"https:\/\/subirimagenes.com\/nl\/opiniones\/ethereum-cormax-app\/\">Ontdekking van K00411: Innovatie en prestaties in cryptocurrency-handel<\/a><\/h2>\n\n\n\n<p class=\"gb-headline gb-headline-2ce5d081 gb-headline-text\"><a href=\"https:\/\/subirimagenes.com\/nl\/opiniones\/ethereum-cormax-app\/\">Als ervaren financieel analist met meer dan tien jaar ervaring in de beleggingssector, bied ik u in 2025 een diepgaande blik op K00411, een platform dat furore maakt met zijn beweringen over hoge rendementen en geavanceerde algoritmes. <\/a><\/p>\n<\/div><\/div><\/div>\n\n<div class=\"gb-grid-column gb-grid-column-2c852e9e gb-query-loop-item post-29133 opinion type-opinion status-publish has-post-thumbnail hentry\"><div class=\"gb-container gb-container-2c852e9e\"><div class=\"gb-inside-container\">\n<figure class=\"gb-block-image gb-block-image-be53bd63\"><img loading=\"lazy\" decoding=\"async\" width=\"400\" height=\"224\" src=\"https:\/\/subirimagenes.com\/wp-content\/uploads\/2025\/03\/Mobile-Trading-Scene4.jpg\" class=\"gb-image-be53bd63\" alt=\"Trading Futurista en M&oacute;vil\" srcset=\"https:\/\/subirimagenes.com\/wp-content\/uploads\/2025\/03\/Mobile-Trading-Scene4.jpg 400w, https:\/\/subirimagenes.com\/wp-content\/uploads\/2025\/03\/Mobile-Trading-Scene4-300x168.jpg 300w\" sizes=\"auto, (max-width: 400px) 100vw, 400px\" title=\"\"><\/figure>\n\n<h2 class=\"gb-headline gb-headline-d93a0e50 gb-headline-text\"><a href=\"https:\/\/subirimagenes.com\/nl\/opiniones\/ethereum-cormax-review\/\">K00410 verkennen: Innovatie en veiligheid in cryptocurrency-handel<\/a><\/h2>\n\n\n\n<p class=\"gb-headline gb-headline-2ce5d081 gb-headline-text\"><a href=\"https:\/\/subirimagenes.com\/nl\/opiniones\/ethereum-cormax-review\/\">Als financieel analist met meer dan tien jaar ervaring in de volatiele wereld van cryptocurrency en als CFA-charterholder presenteer ik u een door experts ondersteunde verkenning van K00410 terwijl we op weg zijn naar 2025.<\/a><\/p>\n<\/div><\/div><\/div>\n\n<div class=\"gb-grid-column gb-grid-column-2c852e9e gb-query-loop-item post-29137 opinion type-opinion status-publish has-post-thumbnail hentry\"><div class=\"gb-container gb-container-2c852e9e\"><div class=\"gb-inside-container\">\n<figure class=\"gb-block-image gb-block-image-be53bd63\"><img loading=\"lazy\" decoding=\"async\" width=\"400\" height=\"224\" src=\"https:\/\/subirimagenes.com\/wp-content\/uploads\/2025\/03\/Online-Tranding2.jpg\" class=\"gb-image-be53bd63\" alt=\"Trading M&oacute;vil con Estilo\" srcset=\"https:\/\/subirimagenes.com\/wp-content\/uploads\/2025\/03\/Online-Tranding2.jpg 400w, https:\/\/subirimagenes.com\/wp-content\/uploads\/2025\/03\/Online-Tranding2-300x168.jpg 300w\" sizes=\"auto, (max-width: 400px) 100vw, 400px\" title=\"\"><\/figure>\n\n<h2 class=\"gb-headline gb-headline-d93a0e50 gb-headline-text\"><a href=\"https:\/\/subirimagenes.com\/nl\/opiniones\/ethereum-cormax\/\">K00409: Een revolutie in cryptocurrency-handel met geavanceerde technologie<\/a><\/h2>\n\n<p class=\"gb-headline gb-headline-91438a09 gb-headline-text\"><time class=\"entry-date updated-date\" datetime=\"2025-05-28T08:37:46+00:00\">mei 28, 2025<\/time><\/p>\n\n<p class=\"gb-headline gb-headline-2ce5d081 gb-headline-text\"><a href=\"https:\/\/subirimagenes.com\/nl\/opiniones\/ethereum-cormax\/\">Ik ben oprecht onder de indruk van de voortgang van K00409 nu ze zich voorbereiden op 2025.<\/a><\/p>\n<\/div><\/div><\/div>\n<\/div>\n\n\n\n<div class=\"gb-grid-wrapper gb-grid-wrapper-3d06c979 horiz-scroll gb-query-loop-wrapper\">\n<div class=\"gb-grid-column gb-grid-column-31473bbb gb-query-loop-item post-29095 opinion type-opinion status-publish has-post-thumbnail hentry\"><div class=\"gb-container gb-container-31473bbb\"><div class=\"gb-inside-container\">\n<figure class=\"gb-block-image gb-block-image-d940573e\"><img loading=\"lazy\" decoding=\"async\" width=\"400\" height=\"224\" src=\"https:\/\/subirimagenes.com\/wp-content\/uploads\/2025\/03\/Online-Tranding-Charts18.jpg\" class=\"gb-image-d940573e\" alt=\"Trading Nocturno en Ciudad\" srcset=\"https:\/\/subirimagenes.com\/wp-content\/uploads\/2025\/03\/Online-Tranding-Charts18.jpg 400w, https:\/\/subirimagenes.com\/wp-content\/uploads\/2025\/03\/Online-Tranding-Charts18-300x168.jpg 300w\" sizes=\"auto, (max-width: 400px) 100vw, 400px\" title=\"\"><\/figure>\n\n<h2 class=\"gb-headline gb-headline-af2754b5 gb-headline-text\"><a href=\"https:\/\/subirimagenes.com\/nl\/opiniones\/instant-akpro-app\/\">K00403 verkennen: een nieuw tijdperk in cryptocurrency-handel<\/a><\/h2>\n\n<p class=\"gb-headline gb-headline-501f368a gb-headline-text\"><time class=\"entry-date updated-date\" datetime=\"2025-05-26T11:14:18+00:00\">mei 26, 2025<\/time><\/p>\n\n<p class=\"gb-headline gb-headline-055e6d00 gb-headline-text\"><a href=\"https:\/\/subirimagenes.com\/nl\/opiniones\/instant-akpro-app\/\">Als ervaren financieel analist met meer dan tien jaar ervaring in beleggingsstrategie&euml;n en een gecertificeerd Chartered Financial Analyst (CFA) wil ik graag licht werpen op de intrigerende wereld van K00403, een platform dat de aandacht heeft getrokken van zowel beginnende als ervaren beleggers. <\/a><\/p>\n<\/div><\/div><\/div>\n\n<div class=\"gb-grid-column gb-grid-column-31473bbb gb-query-loop-item post-29091 opinion type-opinion status-publish has-post-thumbnail hentry\"><div class=\"gb-container gb-container-31473bbb\"><div class=\"gb-inside-container\">\n<figure class=\"gb-block-image gb-block-image-d940573e\"><img loading=\"lazy\" decoding=\"async\" width=\"400\" height=\"224\" src=\"https:\/\/subirimagenes.com\/wp-content\/uploads\/2025\/03\/Vivid-Trading-Phone-Screen11.jpg\" class=\"gb-image-d940573e\" alt=\"Pantalla v&iacute;vida del tel&eacute;fono comercial\" srcset=\"https:\/\/subirimagenes.com\/wp-content\/uploads\/2025\/03\/Vivid-Trading-Phone-Screen11.jpg 400w, https:\/\/subirimagenes.com\/wp-content\/uploads\/2025\/03\/Vivid-Trading-Phone-Screen11-300x168.jpg 300w\" sizes=\"auto, (max-width: 400px) 100vw, 400px\" title=\"\"><\/figure>\n\n<h2 class=\"gb-headline gb-headline-af2754b5 gb-headline-text\"><a href=\"https:\/\/subirimagenes.com\/nl\/opiniones\/instant-akpro-review\/\">Ontdek K00402: Innovatie in cryptocurrency-handel met AI<\/a><\/h2>\n\n<p class=\"gb-headline gb-headline-501f368a gb-headline-text\"><time class=\"entry-date updated-date\" datetime=\"2025-05-26T10:57:17+00:00\">mei 26, 2025<\/time><\/p>\n\n<p class=\"gb-headline gb-headline-055e6d00 gb-headline-text\"><a href=\"https:\/\/subirimagenes.com\/nl\/opiniones\/instant-akpro-review\/\">Als financieel analist met meer dan tien jaar ervaring en CFA-certificaat heb ik mij verdiept in de complexiteit van financi&euml;le markten, regelgevingskaders en beleggingsstrategie&euml;n.<\/a><\/p>\n<\/div><\/div><\/div>\n\n<div class=\"gb-grid-column gb-grid-column-31473bbb gb-query-loop-item post-29087 opinion type-opinion status-publish has-post-thumbnail hentry\"><div class=\"gb-container gb-container-31473bbb\"><div class=\"gb-inside-container\">\n<figure class=\"gb-block-image gb-block-image-d940573e\"><img loading=\"lazy\" decoding=\"async\" width=\"400\" height=\"224\" src=\"https:\/\/subirimagenes.com\/wp-content\/uploads\/2025\/03\/Mobile-Trading-Scene10.jpg\" class=\"gb-image-d940573e\" alt=\"Detalles de Trading en M&oacute;vil\" srcset=\"https:\/\/subirimagenes.com\/wp-content\/uploads\/2025\/03\/Mobile-Trading-Scene10.jpg 400w, https:\/\/subirimagenes.com\/wp-content\/uploads\/2025\/03\/Mobile-Trading-Scene10-300x168.jpg 300w\" sizes=\"auto, (max-width: 400px) 100vw, 400px\" title=\"\"><\/figure>\n\n<h2 class=\"gb-headline gb-headline-af2754b5 gb-headline-text\"><a href=\"https:\/\/subirimagenes.com\/nl\/opiniones\/instant-akpro\/\">Maximaliseer uw crypto-investeringen met K00401: geavanceerde technologie ten dienste van de handelaar<\/a><\/h2>\n\n<p class=\"gb-headline gb-headline-501f368a gb-headline-text\"><time class=\"entry-date updated-date\" datetime=\"2025-05-26T10:41:56+00:00\">mei 26, 2025<\/time><\/p>\n\n<p class=\"gb-headline gb-headline-055e6d00 gb-headline-text\"><a href=\"https:\/\/subirimagenes.com\/nl\/opiniones\/instant-akpro\/\">Welkom bij onze Financial Insights-blog, waar ons team, met jarenlange ervaring in de financi&euml;le sector en belangrijke kwalificaties zoals de CFA- en CPA-titels, dieper ingaat op de complexiteit van modern beleggen. <\/a><\/p>\n<\/div><\/div><\/div>\n<\/div>\n\n\n<div class=\"gb-container gb-container-a4ffdef4\">\n\n<a class=\"gb-button gb-button-96f3da68 gb-button-text\" href=\"https:\/\/subirimagenes.com\/nl\/opiniones\/\">Meer lezen<\/a>\n\n<\/div>\n<\/div>\n<\/div><div class=\"gb-container gb-container-2dce6048\">\n<div class=\"gb-container gb-container-9712d26d\">\n\n<!-- TradingView Widget BEGIN -->\n<div class=\"tradingview-widget-container\">\n  <div class=\"tradingview-widget-container__widget\"><\/div>\n  <div class=\"tradingview-widget-copyright\"><a href=\"https:\/\/www.tradingview.com\/nl\/\" rel=\"noopener nofollow\" target=\"_blank\"><span class=\"blue-text\">Volg alle markten op TradingView<\/span><\/a><\/div>\n  <script type=\"text\/javascript\" src=\"https:\/\/s3.tradingview.com\/external-embedding\/embed-widget-screener.js\" async=\"\">\n  {\n  \"width\": \"100%\",\n  \"height\": 550,\n  \"defaultColumn\": \"overview\",\n  \"screener_type\": \"crypto_mkt\",\n  \"displayCurrency\": \"USD\",\n  \"colorTheme\": \"light\",\n  \"locale\": \"en\"\n}\n  <\/script>\n<\/div>\n<!-- TradingView Widget END -->\n\n<\/div>\n<\/div><div class=\"gb-container gb-container-2c2975c1\">\n<div class=\"gb-container gb-container-d660a243\">\n\n<h2 class=\"gb-headline gb-headline-c7c3ab44 gb-headline-text\">Ontdek meer met Subirimagenes<\/h2>\n\n\n\n<p class=\"has-text-align-left\">Klaar om dieper te graven? Bekijk onze nieuwste artikelen, reviews en updates. Blijf op de hoogte en volg de ontwikkelingen op de voet.  <\/p>\n\n\n<div class=\"gb-container gb-container-4cfcd491\">\n\n<a class=\"gb-button gb-button-a3e66479 gb-button-text\" href=\"https:\/\/subirimagenes.com\/nl\/opiniones\/\">Bekijk alle meningen<\/a>\n\n<\/div>\n<\/div>\n<\/div>\n","protected":false},"excerpt":{"rendered":"<p> &#8230; <a title=\"Startpagina\" class=\"read-more\" href=\"https:\/\/subirimagenes.com\/nl\/\" aria-label=\"Lees meer over Startpagina\">Lees meer<\/a><\/p>\n","protected":false},"author":1,"featured_media":0,"parent":0,"menu_order":0,"comment_status":"closed","ping_status":"closed","template":"","meta":{"footnotes":""},"class_list":["post-10918","page","type-page","status-publish"],"rank_math_title":"Laatste technieuws, financi\u00eble updates en cryptocurrency vooruitzichten | Subirimagenes","rank_math_description":"Blijf op de hoogte met Subirimagenes. Ontvang het laatste technieuws, gedetailleerde financi\u00eble updates en inzichten in cryptocurrency. Alle trends en recensies die je nodig hebt, op \u00e9\u00e9n plek.  ","rank_math_focus_keyword":"","_links":{"self":[{"href":"https:\/\/subirimagenes.com\/nl\/wp-json\/wp\/v2\/pages\/10918","targetHints":{"allow":["GET"]}}],"collection":[{"href":"https:\/\/subirimagenes.com\/nl\/wp-json\/wp\/v2\/pages"}],"about":[{"href":"https:\/\/subirimagenes.com\/nl\/wp-json\/wp\/v2\/types\/page"}],"author":[{"embeddable":true,"href":"https:\/\/subirimagenes.com\/nl\/wp-json\/wp\/v2\/users\/1"}],"replies":[{"embeddable":true,"href":"https:\/\/subirimagenes.com\/nl\/wp-json\/wp\/v2\/comments?post=10918"}],"version-history":[{"count":0,"href":"https:\/\/subirimagenes.com\/nl\/wp-json\/wp\/v2\/pages\/10918\/revisions"}],"wp:attachment":[{"href":"https:\/\/subirimagenes.com\/nl\/wp-json\/wp\/v2\/media?parent=10918"}],"curies":[{"name":"wp","href":"https:\/\/api.w.org\/{rel}","templated":true}]}}