{"id":10924,"date":"2022-11-09T13:36:34","date_gmt":"2022-11-09T13:36:34","guid":{"rendered":"https:\/\/subirimagenes.com\/strona-glowna\/"},"modified":"2025-04-29T06:36:02","modified_gmt":"2025-04-29T06:36:02","slug":"home","status":"publish","type":"page","link":"https:\/\/subirimagenes.com\/pl\/","title":{"rendered":"Strona g\u0142\u00f3wna"},"content":{"rendered":"<?xml encoding=\"UTF-8\"><div class=\"gb-container gb-container-f46336a7\">\n<div class=\"gb-container gb-container-0f729179\">\n\n<h1 class=\"gb-headline gb-headline-0fb016dd gb-headline-text\">Odkryj najnowsze trendy w technologii, finansach i kryptowalutach<\/h1>\n\n<\/div>\n<\/div><div class=\"gb-container gb-container-bc27c5ad\">\n<div class=\"gb-container gb-container-0abaad4a\">\n<div class=\"gb-grid-wrapper gb-grid-wrapper-ea893e33\">\n<div class=\"gb-grid-column gb-grid-column-0349097c\"><div class=\"gb-container gb-container-0349097c\">\n\n<h2 class=\"gb-headline gb-headline-4c890917 gb-headline-text\">Twoje &#378;r&oacute;d&#322;o informacji o technologii, finansach i kryptowalutach<\/h2>\n\n\n\n<p>Witamy na Subirimagenes. Tutaj znajdziesz najnowsze wiadomo&#347;ci i recenzje na temat technologii, finans&oacute;w i kryptowalut. Chcemy, aby wszystko by&#322;o proste i &#322;atwe do na&#347;ladowania. Chcesz wiedzie&#263;, co dzieje si&#281; w &#347;wiecie technologii? Interesuj&#261; Ci&#281; najnowsze trendy rynkowe lub aktualizacje kryptowalut? Jeste&#347;my tutaj, aby pom&oacute;c. &#379;adnych bzdur, &#380;adnych wymy&#347;lnych gadek, tylko prawdziwe rzeczy, kt&oacute;rych mo&#380;esz u&#380;y&#263;. Niezale&#380;nie od tego, czy chcesz by&#263; na bie&#380;&#261;co, czy nauczy&#263; si&#281; czego&#347; nowego, jeste&#347; we w&#322;a&#347;ciwym miejscu. Rozejrzyj si&#281;, sprawd&#378; nasze recenzje i dowiedz si&#281;, co jest dzi&#347; na topie w dziedzinie technologii i finans&oacute;w. <a href=\"https:\/\/quantraderx.com\/pl\/\" target=\"_blank\" rel=\"noopener\">Kliknij tutaj<\/a>, aby rozpocz&#261;&#263;.         <\/p>\n\n<\/div><\/div>\n\n<div class=\"gb-grid-column gb-grid-column-c3314f44\"><div class=\"gb-container gb-container-c3314f44\">\n\n<figure class=\"gb-block-image gb-block-image-3739947e\"><img loading=\"lazy\" decoding=\"async\" width=\"1000\" height=\"667\" class=\"gb-image gb-image-3739947e\" src=\"https:\/\/subirimagenes.com\/wp-content\/uploads\/2025\/01\/Subirimage-01.jpg\" alt=\"Subirimagenes. Twoje &#378;r&oacute;d&#322;o informacji o technologii, finansach i kryptowalutach.\" title=\"Subirimagenes. Twoje &#378;r&oacute;d&#322;o informacji o technologii, finansach i kryptowalutach.\" srcset=\"https:\/\/subirimagenes.com\/wp-content\/uploads\/2025\/01\/Subirimage-01.jpg 1000w, https:\/\/subirimagenes.com\/wp-content\/uploads\/2025\/01\/Subirimage-01-300x200.jpg 300w, https:\/\/subirimagenes.com\/wp-content\/uploads\/2025\/01\/Subirimage-01-768x512.jpg 768w\" sizes=\"auto, (max-width: 1000px) 100vw, 1000px\"><\/figure>\n\n<\/div><\/div>\n<\/div>\n<\/div>\n<\/div><div class=\"gb-container gb-container-cf968e59\">\n<div class=\"gb-container gb-container-520775e4\">\n\n<h2 class=\"gb-headline gb-headline-24474f4f gb-headline-text\">Najnowsze recenzje<\/h2>\n\n\n\n<div class=\"gb-grid-wrapper gb-grid-wrapper-2af8c289 horiz-scroll gb-query-loop-wrapper\">\n<div class=\"gb-grid-column gb-grid-column-2c852e9e gb-query-loop-item post-29142 opinion type-opinion status-publish has-post-thumbnail hentry\"><div class=\"gb-container gb-container-2c852e9e\"><div class=\"gb-inside-container\">\n<figure class=\"gb-block-image gb-block-image-be53bd63\"><img loading=\"lazy\" decoding=\"async\" width=\"400\" height=\"224\" src=\"https:\/\/subirimagenes.com\/wp-content\/uploads\/2025\/03\/Mobile-Trading-Scene3.jpg\" class=\"gb-image-be53bd63\" alt=\"An&aacute;lisis Burs&aacute;til en Tr&aacute;nsito\" srcset=\"https:\/\/subirimagenes.com\/wp-content\/uploads\/2025\/03\/Mobile-Trading-Scene3.jpg 400w, https:\/\/subirimagenes.com\/wp-content\/uploads\/2025\/03\/Mobile-Trading-Scene3-300x168.jpg 300w\" sizes=\"auto, (max-width: 400px) 100vw, 400px\" title=\"\"><\/figure>\n\n<h2 class=\"gb-headline gb-headline-d93a0e50 gb-headline-text\"><a href=\"https:\/\/subirimagenes.com\/pl\/opiniones\/ethereum-cormax-app\/\">Odkrywanie K00411: Innowacje i wydajno&#347;&#263; w handlu kryptowalutami<\/a><\/h2>\n\n<p class=\"gb-headline gb-headline-91438a09 gb-headline-text\"><time class=\"entry-date updated-date\" datetime=\"2025-05-28T08:50:22+00:00\">28 maja, 2025<\/time><\/p>\n\n<p class=\"gb-headline gb-headline-2ce5d081 gb-headline-text\"><a href=\"https:\/\/subirimagenes.com\/pl\/opiniones\/ethereum-cormax-app\/\">Jako do&#347;wiadczony analityk finansowy z ponad dziesi&#281;cioletnim do&#347;wiadczeniem w bran&#380;y inwestycyjnej, przedstawiam dog&#322;&#281;bn&#261; analiz&#281; K00411 w 2025 r., platformy, kt&oacute;ra budzi szum dzi&#281;ki swoim zapewnieniom o wysokich zwrotach i zaawansowanych algorytmach. <\/a><\/p>\n<\/div><\/div><\/div>\n\n<div class=\"gb-grid-column gb-grid-column-2c852e9e gb-query-loop-item post-29146 opinion type-opinion status-publish has-post-thumbnail hentry\"><div class=\"gb-container gb-container-2c852e9e\"><div class=\"gb-inside-container\">\n<figure class=\"gb-block-image gb-block-image-be53bd63\"><img loading=\"lazy\" decoding=\"async\" width=\"400\" height=\"224\" src=\"https:\/\/subirimagenes.com\/wp-content\/uploads\/2025\/03\/Mobile-Trading-Scene4.jpg\" class=\"gb-image-be53bd63\" alt=\"Trading Futurista en M&oacute;vil\" srcset=\"https:\/\/subirimagenes.com\/wp-content\/uploads\/2025\/03\/Mobile-Trading-Scene4.jpg 400w, https:\/\/subirimagenes.com\/wp-content\/uploads\/2025\/03\/Mobile-Trading-Scene4-300x168.jpg 300w\" sizes=\"auto, (max-width: 400px) 100vw, 400px\" title=\"\"><\/figure>\n\n<h2 class=\"gb-headline gb-headline-d93a0e50 gb-headline-text\"><a href=\"https:\/\/subirimagenes.com\/pl\/opiniones\/ethereum-cormax-review\/\">Eksploracja K00410: Innowacje i bezpiecze&#324;stwo w handlu kryptowalutami<\/a><\/h2>\n\n<p class=\"gb-headline gb-headline-91438a09 gb-headline-text\"><time class=\"entry-date updated-date\" datetime=\"2025-05-28T08:55:29+00:00\">28 maja, 2025<\/time><\/p>\n\n<p class=\"gb-headline gb-headline-2ce5d081 gb-headline-text\"><a href=\"https:\/\/subirimagenes.com\/pl\/opiniones\/ethereum-cormax-review\/\">Jako analityk finansowy z ponad dziesi&#281;cioletnim do&#347;wiadczeniem w niestabilnym &#347;wiecie kryptowalut i posiadacz tytu&#322;u CFA, przedstawiam Pa&#324;stwu popart&#261; przez ekspert&oacute;w analiz&#281; K00410 w obliczu zbli&#380;aj&#261;cego si&#281; roku 2025.<\/a><\/p>\n<\/div><\/div><\/div>\n\n<div class=\"gb-grid-column gb-grid-column-2c852e9e gb-query-loop-item post-29150 opinion type-opinion status-publish has-post-thumbnail hentry\"><div class=\"gb-container gb-container-2c852e9e\"><div class=\"gb-inside-container\">\n<figure class=\"gb-block-image gb-block-image-be53bd63\"><img loading=\"lazy\" decoding=\"async\" width=\"400\" height=\"224\" src=\"https:\/\/subirimagenes.com\/wp-content\/uploads\/2025\/03\/Online-Tranding2.jpg\" class=\"gb-image-be53bd63\" alt=\"Trading M&oacute;vil con Estilo\" srcset=\"https:\/\/subirimagenes.com\/wp-content\/uploads\/2025\/03\/Online-Tranding2.jpg 400w, https:\/\/subirimagenes.com\/wp-content\/uploads\/2025\/03\/Online-Tranding2-300x168.jpg 300w\" sizes=\"auto, (max-width: 400px) 100vw, 400px\" title=\"\"><\/figure>\n\n<h2 class=\"gb-headline gb-headline-d93a0e50 gb-headline-text\"><a href=\"https:\/\/subirimagenes.com\/pl\/opiniones\/ethereum-cormax\/\">K00409: Rewolucjonizowanie handlu kryptowalutami dzi&#281;ki zaawansowanej technologii<\/a><\/h2>\n\n<p class=\"gb-headline gb-headline-91438a09 gb-headline-text\"><time class=\"entry-date updated-date\" datetime=\"2025-05-28T09:03:03+00:00\">28 maja, 2025<\/time><\/p>\n\n<p class=\"gb-headline gb-headline-2ce5d081 gb-headline-text\"><a href=\"https:\/\/subirimagenes.com\/pl\/opiniones\/ethereum-cormax\/\">Jestem pod wra&#380;eniem post&#281;p&oacute;w K00409 w przygotowaniach do roku 2025.<\/a><\/p>\n<\/div><\/div><\/div>\n<\/div>\n\n\n\n<div class=\"gb-grid-wrapper gb-grid-wrapper-3d06c979 horiz-scroll gb-query-loop-wrapper\">\n<div class=\"gb-grid-column gb-grid-column-31473bbb gb-query-loop-item post-29123 opinion type-opinion status-publish has-post-thumbnail hentry\"><div class=\"gb-container gb-container-31473bbb\"><div class=\"gb-inside-container\">\n<figure class=\"gb-block-image gb-block-image-d940573e\"><img loading=\"lazy\" decoding=\"async\" width=\"400\" height=\"224\" src=\"https:\/\/subirimagenes.com\/wp-content\/uploads\/2025\/03\/Online-Tranding-Charts19.jpg\" class=\"gb-image-d940573e\" alt=\"Trading M&oacute;vil y Colorido\" srcset=\"https:\/\/subirimagenes.com\/wp-content\/uploads\/2025\/03\/Online-Tranding-Charts19.jpg 400w, https:\/\/subirimagenes.com\/wp-content\/uploads\/2025\/03\/Online-Tranding-Charts19-300x168.jpg 300w\" sizes=\"auto, (max-width: 400px) 100vw, 400px\" title=\"\"><\/figure>\n\n<h2 class=\"gb-headline gb-headline-af2754b5 gb-headline-text\"><a href=\"https:\/\/subirimagenes.com\/pl\/opiniones\/chain-adipex-xp\/\">K00405: Rewolucjonizowanie handlu kryptowalutami dzi&#281;ki technologii kwantowej<\/a><\/h2>\n\n\n\n<p class=\"gb-headline gb-headline-055e6d00 gb-headline-text\"><a href=\"https:\/\/subirimagenes.com\/pl\/opiniones\/chain-adipex-xp\/\">Jako do&#347;wiadczony analityk finansowy z ponad dziesi&#281;cioletnim do&#347;wiadczeniem w zakresie strategii inwestycyjnych i innowacji fintech, uwa&#380;nie &#347;ledzi&#322;em rozw&oacute;j sytuacji w zakresie komputer&oacute;w kwantowych w finansach. <\/a><\/p>\n<\/div><\/div><\/div>\n\n<div class=\"gb-grid-column gb-grid-column-31473bbb gb-query-loop-item post-29108 opinion type-opinion status-publish has-post-thumbnail hentry\"><div class=\"gb-container gb-container-31473bbb\"><div class=\"gb-inside-container\">\n<figure class=\"gb-block-image gb-block-image-d940573e\"><img loading=\"lazy\" decoding=\"async\" width=\"400\" height=\"224\" src=\"https:\/\/subirimagenes.com\/wp-content\/uploads\/2025\/03\/Online-Tranding-Charts18.jpg\" class=\"gb-image-d940573e\" alt=\"Trading Nocturno en Ciudad\" srcset=\"https:\/\/subirimagenes.com\/wp-content\/uploads\/2025\/03\/Online-Tranding-Charts18.jpg 400w, https:\/\/subirimagenes.com\/wp-content\/uploads\/2025\/03\/Online-Tranding-Charts18-300x168.jpg 300w\" sizes=\"auto, (max-width: 400px) 100vw, 400px\" title=\"\"><\/figure>\n\n<h2 class=\"gb-headline gb-headline-af2754b5 gb-headline-text\"><a href=\"https:\/\/subirimagenes.com\/pl\/opiniones\/instant-akpro-app\/\">Odkrywanie K00403: Nowa era w handlu kryptowalutami<\/a><\/h2>\n\n<p class=\"gb-headline gb-headline-501f368a gb-headline-text\"><time class=\"entry-date updated-date\" datetime=\"2025-05-26T11:56:14+00:00\">26 maja, 2025<\/time><\/p>\n\n<p class=\"gb-headline gb-headline-055e6d00 gb-headline-text\"><a href=\"https:\/\/subirimagenes.com\/pl\/opiniones\/instant-akpro-app\/\">Jako do&#347;wiadczony analityk finansowy z ponad dziesi&#281;cioletnim do&#347;wiadczeniem w zakresie strategii inwestycyjnych i certyfikowany Chartered Financial Analyst (CFA), jestem tutaj, aby rzuci&#263; &#347;wiat&#322;o na intryguj&#261;cy &#347;wiat K00403 &mdash; platformy, kt&oacute;ra przyci&#261;gn&#281;&#322;a uwag&#281; zar&oacute;wno pocz&#261;tkuj&#261;cych, jak i do&#347;wiadczonych inwestor&oacute;w. <\/a><\/p>\n<\/div><\/div><\/div>\n\n<div class=\"gb-grid-column gb-grid-column-31473bbb gb-query-loop-item post-29112 opinion type-opinion status-publish has-post-thumbnail hentry\"><div class=\"gb-container gb-container-31473bbb\"><div class=\"gb-inside-container\">\n<figure class=\"gb-block-image gb-block-image-d940573e\"><img loading=\"lazy\" decoding=\"async\" width=\"400\" height=\"224\" src=\"https:\/\/subirimagenes.com\/wp-content\/uploads\/2025\/03\/Vivid-Trading-Phone-Screen11.jpg\" class=\"gb-image-d940573e\" alt=\"Pantalla v&iacute;vida del tel&eacute;fono comercial\" srcset=\"https:\/\/subirimagenes.com\/wp-content\/uploads\/2025\/03\/Vivid-Trading-Phone-Screen11.jpg 400w, https:\/\/subirimagenes.com\/wp-content\/uploads\/2025\/03\/Vivid-Trading-Phone-Screen11-300x168.jpg 300w\" sizes=\"auto, (max-width: 400px) 100vw, 400px\" title=\"\"><\/figure>\n\n<h2 class=\"gb-headline gb-headline-af2754b5 gb-headline-text\"><a href=\"https:\/\/subirimagenes.com\/pl\/opiniones\/instant-akpro-review\/\">Odkryj K00402: Innowacje w handlu kryptowalutami z AI<\/a><\/h2>\n\n<p class=\"gb-headline gb-headline-501f368a gb-headline-text\"><time class=\"entry-date updated-date\" datetime=\"2025-05-26T12:02:32+00:00\">26 maja, 2025<\/time><\/p>\n\n<p class=\"gb-headline gb-headline-055e6d00 gb-headline-text\"><a href=\"https:\/\/subirimagenes.com\/pl\/opiniones\/instant-akpro-review\/\">Jako analityk finansowy z ponad dziesi&#281;cioletnim do&#347;wiadczeniem i posiadacz tytu&#322;u CFA, zag&#322;&#281;bia&#322;em si&#281; w zawi&#322;o&#347;ci rynk&oacute;w finansowych, ram regulacyjnych i strategii inwestycyjnych.<\/a><\/p>\n<\/div><\/div><\/div>\n<\/div>\n\n\n<div class=\"gb-container gb-container-a4ffdef4\">\n\n<a class=\"gb-button gb-button-96f3da68 gb-button-text\" href=\"https:\/\/subirimagenes.com\/pl\/opiniones\/\">Czytaj wi&#281;cej<\/a>\n\n<\/div>\n<\/div>\n<\/div><div class=\"gb-container gb-container-2dce6048\">\n<div class=\"gb-container gb-container-9712d26d\">\n\n<!-- TradingView Widget BEGIN -->\n<div class=\"tradingview-widget-container\">\n  <div class=\"tradingview-widget-container__widget\"><\/div>\n  <div class=\"tradingview-widget-copyright\"><a href=\"https:\/\/www.tradingview.com\/pl\/\" rel=\"noopener nofollow\" target=\"_blank\"><span class=\"blue-text\">&#346;led&#378; wszystkie rynki na TradingView<\/span><\/a><\/div>\n  <script type=\"text\/javascript\" src=\"https:\/\/s3.tradingview.com\/external-embedding\/embed-widget-screener.js\" async=\"\">\n  {\n  \"width\": \"100%\",\n  \"height\": 550,\n  \"defaultColumn\": \"overview\",\n  \"screener_type\": \"crypto_mkt\",\n  \"displayCurrency\": \"USD\",\n  \"colorTheme\": \"light\",\n  \"locale\": \"en\"\n}\n  <\/script>\n<\/div>\n<!-- TradingView Widget END -->\n\n<\/div>\n<\/div><div class=\"gb-container gb-container-2c2975c1\">\n<div class=\"gb-container gb-container-d660a243\">\n\n<h2 class=\"gb-headline gb-headline-c7c3ab44 gb-headline-text\">Dowiedz si&#281; wi&#281;cej z Subirimagenes<\/h2>\n\n\n\n<p class=\"has-text-align-left\">Gotowy na g&#322;&#281;bsz&#261; analiz&#281;? Sprawd&#378; nasze najnowsze artyku&#322;y, recenzje i aktualizacje. B&#261;d&#378; na bie&#380;&#261;co i wyprzedzaj konkurencj&#281; na ka&#380;dym kroku.  <\/p>\n\n\n<div class=\"gb-container gb-container-4cfcd491\">\n\n<a class=\"gb-button gb-button-a3e66479 gb-button-text\" href=\"https:\/\/subirimagenes.com\/pl\/opiniones\/\">Zobacz wszystkie opinie<\/a>\n\n<\/div>\n<\/div>\n<\/div>\n","protected":false},"excerpt":{"rendered":"<p> &#8230; <a title=\"Strona g\u0142\u00f3wna\" class=\"read-more\" href=\"https:\/\/subirimagenes.com\/pl\/\" aria-label=\"Dowiedz si\u0119 wi\u0119cej o Strona g\u0142\u00f3wna\">Czytaj dalej<\/a><\/p>\n","protected":false},"author":1,"featured_media":0,"parent":0,"menu_order":0,"comment_status":"closed","ping_status":"closed","template":"","meta":{"footnotes":""},"class_list":["post-10924","page","type-page","status-publish"],"rank_math_title":"Najnowsze wiadomo\u015bci technologiczne, aktualizacje finansowe i prognozy dotycz\u0105ce kryptowalut | Subirimagenes","rank_math_description":"B\u0105d\u017a na bie\u017c\u0105co z Subirimagenes. Otrzymuj najnowsze wiadomo\u015bci technologiczne, szczeg\u00f3\u0142owe aktualizacje finansowe i spostrze\u017cenia dotycz\u0105ce kryptowalut. Wszystkie trendy i recenzje w jednym miejscu.  ","rank_math_focus_keyword":"","_links":{"self":[{"href":"https:\/\/subirimagenes.com\/pl\/wp-json\/wp\/v2\/pages\/10924","targetHints":{"allow":["GET"]}}],"collection":[{"href":"https:\/\/subirimagenes.com\/pl\/wp-json\/wp\/v2\/pages"}],"about":[{"href":"https:\/\/subirimagenes.com\/pl\/wp-json\/wp\/v2\/types\/page"}],"author":[{"embeddable":true,"href":"https:\/\/subirimagenes.com\/pl\/wp-json\/wp\/v2\/users\/1"}],"replies":[{"embeddable":true,"href":"https:\/\/subirimagenes.com\/pl\/wp-json\/wp\/v2\/comments?post=10924"}],"version-history":[{"count":0,"href":"https:\/\/subirimagenes.com\/pl\/wp-json\/wp\/v2\/pages\/10924\/revisions"}],"wp:attachment":[{"href":"https:\/\/subirimagenes.com\/pl\/wp-json\/wp\/v2\/media?parent=10924"}],"curies":[{"name":"wp","href":"https:\/\/api.w.org\/{rel}","templated":true}]}}