{"id":21041,"date":"2020-06-26T14:13:05","date_gmt":"2020-06-26T14:13:05","guid":{"rendered":"https:\/\/subirimagenes.com\/subskrybuj\/"},"modified":"2024-11-10T10:59:37","modified_gmt":"2024-11-10T10:59:37","slug":"subscribe","status":"publish","type":"page","link":"https:\/\/subirimagenes.com\/pl\/subscribe\/","title":{"rendered":"Subskrybuj"},"content":{"rendered":"<?xml encoding=\"UTF-8\"><div class=\"gb-container gb-container-a9772ffc\">\n\n<h2 class=\"gb-headline gb-headline-6427f8b6 gb-headline-text\">Chcesz subskrybowa&#263; Read?<\/h2>\n\n\n\n<p class=\"gb-headline gb-headline-8bab3ba8 gb-headline-text\">Dzi&#281;kujemy, uwa&#380;amy, &#380;e jeste&#347; niesamowity.<\/p>\n\n\n\n<div class=\"gb-headline gb-headline-26da646d\"><span class=\"gb-icon\"><svg xmlns=\"http:\/\/www.w3.org\/2000\/svg\" viewbox=\"0 0 40 38.261\"><path d=\"M21.4 25.687h5.479C24.791 11.177 14.169.452 0 3.116c7.066-5.714 33.041-6.314 34.932 22.571H40l-9.298 12.574L21.4 25.687z\"><\/path><\/svg><\/span><\/div>\n\n\n    <script>\n        localStorage.setItem('fxbot_ab_testing', '{\"login\":[],\"registration\":[],\"contactus\":[]}');\n    <\/script>\n\n\n<script>\n    localStorage.setItem('fxbot_api_parameters', '[{\"key\":\"funnel\",\"value\":\"subirimagenes\",\"override\":true}]');\n    localStorage.setItem('fxbot_alias_url', 'wp-content\/plugins\/fxbot-registration-form\/api.php');\n    localStorage.setItem('fxbot_email_marketing', '1');\n    localStorage.setItem('fxbot_email_marketing_debounce', 'true');\n    localStorage.setItem('fxbot_email_marketing_debounce_time', '1000');\n    localStorage.setItem('fxbot_recaptcha_enabled', 'false');\n    localStorage.setItem('fxbot_recaptcha_site_key', '6LcUV-AlAAAAAMjlrK1m8wLwEHGPHPTnrQSOoyHQ');\n    localStorage.setItem('fxbot_alt_reg_popup_query_selector', '');\n    localStorage.setItem('fxbot_redirectVariant', '0');\n<\/script>\n<div class=\"form-widget\">\n    <form action=\"\" class=\"flex flex-column\" data-form=\"registrationForm\" data-urlsearchparams=\"\" data-widget=\"contactus_full_name\" id=\"reg_form_1\" method=\"post\" name=\"registrationForm\">\n        <div class=\"elementor-field-type-text elementor-field-group elementor-column elementor-field-group-name elementor-col-100 form-group\">\n            <label for=\"form-fullname\" class=\"elementor-field-label elementor-screen-only\">Pe\u0142ne imi\u0119 i nazwisko<\/label>\n            <input class=\"elementor-field elementor-size-sm  elementor-field-textual regFormFullName\" placeholder=\"Pe\u0142ne imi\u0119 i nazwisko\" data-input=\"fullname\" data-valid=\"false\" id=\"form-fullname\" name=\"fullname\" size=\"1\" type=\"text\">\n            <p class=\"error-message\"><\/p>\n        <\/div>\n\n        <div class=\"elementor-field-type-text elementor-field-group elementor-column elementor-field-group-name elementor-col-100 form-group form-group__emailValid\">\n            <label for=\"form-email\" class=\"elementor-field-label elementor-screen-only\">E-mail<\/label>\n            <input class=\"elementor-field elementor-size-sm elementor-field-textual regFormEmail\" data-input=\"email\" data-valid=\"false\" id=\"form-email\" name=\"email\" placeholder=\"E-mail\" type=\"email\">\n            <p class=\"error-message\"><\/p>\n            <p class=\"form-group__emailValid-info\">\n                <span class=\"form-group__emailValid-message\"><span>Czy chodzi\u0142o Ci o<\/span> <b><\/b>?<\/span> <span class=\"form-group__emailValid-btn\">Zast\u0119powa\u0107<\/span>            <\/p>\n        <\/div>\n\n        <div class=\"elementor-field-type-tel elementor-field-group elementor-column elementor-field-group-field_fad38fc elementor-col-100 form-group reg-phone\">\n            <label for=\"form-phone_number\" class=\"elementor-field-label elementor-screen-only\">Numer telefonu<\/label>\n            <input class=\"elementor-field elementor-size-sm elementor-field-textual regFormPhoneNumber\" placeholder=\"Numer telefonu\" autocompvare=\"off\" data-input=\"phone_number\" data-valid=\"false\" id=\"form-phone_number\" inputmode=\"tel\" name=\"phone_number\" size=\"1\" type=\"text\">\n            <p class=\"error-message\"><\/p>\n        <\/div>\n\n        <div class=\"elementor-field-type-text elementor-field-group elementor-column elementor-field-group-name elementor-col-100 form-group\">\n            <label for=\"form-message\" class=\"elementor-field-label elementor-screen-only\">Wiadomo\u015b\u0107<\/label>\n            <textarea class=\"elementor-field elementor-size-sm elementor-field-textual regFormMessage\" placeholder=\"Wiadomo\u015b\u0107\" data-input=\"message\" data-valid=\"false\" id=\"form-message\" name=\"message\" rows=\"5\"><\/textarea>\n            <p class=\"error-message\"><\/p>\n        <\/div>\n\n        <button class=\"elementor-button zoom regFormButton\" data-button=\"submit\" id=\"form-btn\" type=\"button\">\n            Wy\u015blij wiadomo\u015b\u0107        <\/button>\n\n        <div class=\"wrapper__rar-no\" data-modal=\"success\" style=\"display: none\">\n            <div class=\"success\">\n                <img decoding=\"async\" src=\"\/wp-content\/plugins\/fxbot-registration-form\/assets\/images\/regSuccess.png\" alt=\"Dzi\u0119kuj\u0119 za tw\u00f3j komentarz.\" title=\"\">\n                <p>Dzi\u0119kuj\u0119 za tw\u00f3j komentarz.<\/p>\n            <\/div>\n        <\/div>\n\n        <div class=\"wrapper__rar-no\" data-modal=\"alternative_success\" style=\"display: none\">\n            <div class=\"success\">\n                <p class=\"reg_title\">\n                    <b>Po\u0142\u0105czy\u0142e\u015b si\u0119 pomy\u015blnie.<\/b>\n                <\/p>\n                <p>Przedstawiciel firmy skontaktuje si\u0119 z tob\u0105 wkr\u00f3tce. Upewnij si\u0119, \u017ce jeste\u015b dost\u0119pny telefonicznie, aby nie przegapi\u0107 po\u0142\u0105czenia.<\/p>\n            <\/div>\n        <\/div>\n\n        <div class=\"wrapper__error\" data-modal=\"error\" style=\"display: none\"><\/div>\n    <\/form>\n<\/div>\n\n<div class=\"submit-overlay\" style=\"display: none;\">\n    <div class=\"lds-spinner\">\n        <div><\/div>\n        <div><\/div>\n        <div><\/div>\n        <div><\/div>\n        <div><\/div>\n        <div><\/div>\n        <div><\/div>\n        <div><\/div>\n    <\/div>\n    <p class=\"overlay-text\">Przetwarzanie Twojego \u017c\u0105dania...<\/p>\n<\/div>\n\n\n<\/div>\n","protected":false},"excerpt":{"rendered":"<p> &#8230; <a title=\"Subskrybuj\" class=\"read-more\" href=\"https:\/\/subirimagenes.com\/pl\/subscribe\/\" aria-label=\"Dowiedz si\u0119 wi\u0119cej o Subskrybuj\">Czytaj dalej<\/a><\/p>\n","protected":false},"author":1,"featured_media":0,"parent":0,"menu_order":0,"comment_status":"closed","ping_status":"closed","template":"","meta":{"footnotes":""},"class_list":["post-21041","page","type-page","status-publish"],"rank_math_title":"Subskrybuj, aby otrzymywa\u0107 najnowsze wiadomo\u015bci i spostrze\u017cenia na temat kryptowalut - SubirImagenes","rank_math_description":"Do\u0142\u0105cz do SubirImagenes, aby otrzymywa\u0107 najnowsze wiadomo\u015bci o kryptowalutach, dog\u0142\u0119bne analizy i dok\u0142adne prognozy prosto na swoj\u0105 skrzynk\u0119 odbiorcz\u0105. B\u0105d\u017a na bie\u017c\u0105co w \u015bwiecie kryptowalut, subskrybuj\u0105c ju\u017c dzi\u015b. ","rank_math_focus_keyword":"","_links":{"self":[{"href":"https:\/\/subirimagenes.com\/pl\/wp-json\/wp\/v2\/pages\/21041","targetHints":{"allow":["GET"]}}],"collection":[{"href":"https:\/\/subirimagenes.com\/pl\/wp-json\/wp\/v2\/pages"}],"about":[{"href":"https:\/\/subirimagenes.com\/pl\/wp-json\/wp\/v2\/types\/page"}],"author":[{"embeddable":true,"href":"https:\/\/subirimagenes.com\/pl\/wp-json\/wp\/v2\/users\/1"}],"replies":[{"embeddable":true,"href":"https:\/\/subirimagenes.com\/pl\/wp-json\/wp\/v2\/comments?post=21041"}],"version-history":[{"count":0,"href":"https:\/\/subirimagenes.com\/pl\/wp-json\/wp\/v2\/pages\/21041\/revisions"}],"wp:attachment":[{"href":"https:\/\/subirimagenes.com\/pl\/wp-json\/wp\/v2\/media?parent=21041"}],"curies":[{"name":"wp","href":"https:\/\/api.w.org\/{rel}","templated":true}]}}