{"id":22632,"date":"2025-01-03T11:27:36","date_gmt":"2025-01-03T11:27:36","guid":{"rendered":"https:\/\/subirimagenes.com\/opinie\/"},"modified":"2025-01-03T12:36:23","modified_gmt":"2025-01-03T12:36:23","slug":"opiniones","status":"publish","type":"page","link":"https:\/\/subirimagenes.com\/pl\/opiniones\/","title":{"rendered":"Opinie"},"content":{"rendered":"<?xml encoding=\"UTF-8\"><div class=\"gb-container gb-container-622264d6\">\n<div class=\"gb-container gb-container-925e4f42\">\n\n<h1 class=\"gb-headline gb-headline-af849a97 gb-headline-text\">Znajd&#378; najlepsze platformy handlowe, narz&#281;dzia do handlu kryptowalutami i roboty handlowe<\/h1>\n\n<\/div>\n<\/div><div class=\"gb-container gb-container-815df75d\">\n<nav aria-label=\"breadcrumbs\" class=\"rank-math-breadcrumb\"><p><span class=\"last\">Strona g\u0142\u00f3wna<\/span><\/p><\/nav>\n\n<\/div><div class=\"gb-container gb-container-2d1b3c11\">\n<div class=\"gb-container gb-container-7a26a69c\">\n\n<p class=\"gb-headline gb-headline-4d55ef54 gb-headline-text\">Szukasz odpowiednich narz&#281;dzi handlowych? Trafi&#322;e&#347; we w&#322;a&#347;ciwe miejsce. Tutaj znajdziesz uczciwe recenzje platform handlowych, platform do handlu kryptowalutami i robot&oacute;w handlowych. Podzielili&#347;my to wszystko, aby by&#322;o &#322;atwe do zrozumienia &ndash; nie wiesz od czego zacz&#261;&#263;? Po prostu przewi&#324; i zobacz, co odpowiada Twojemu stylowi i potrzebom. Niezale&#380;nie od tego, czy jeste&#347; pocz&#261;tkuj&#261;cym, czy handlujesz ju&#380; od jakiego&#347; czasu, znajdziesz tutaj co&#347; dla siebie. Czy jeste&#347; gotowy, aby przenie&#347;&#263; sw&oacute;j handel na wy&#380;szy poziom? Zaczynajmy.         <\/p>\n\n\n\n<div class=\"gb-grid-wrapper gb-grid-wrapper-bfda7a3c gb-query-loop-wrapper\">\n<div class=\"gb-grid-column gb-grid-column-3b711c03 gb-query-loop-item post-29142 opinion type-opinion status-publish has-post-thumbnail hentry\"><div class=\"gb-container gb-container-3b711c03\">\n<figure class=\"gb-block-image gb-block-image-9bfa2a1b\"><img loading=\"lazy\" decoding=\"async\" width=\"400\" height=\"224\" src=\"https:\/\/subirimagenes.com\/wp-content\/uploads\/2025\/03\/Mobile-Trading-Scene3.jpg\" class=\"gb-image-9bfa2a1b\" alt=\"An&aacute;lisis Burs&aacute;til en Tr&aacute;nsito\" srcset=\"https:\/\/subirimagenes.com\/wp-content\/uploads\/2025\/03\/Mobile-Trading-Scene3.jpg 400w, https:\/\/subirimagenes.com\/wp-content\/uploads\/2025\/03\/Mobile-Trading-Scene3-300x168.jpg 300w\" sizes=\"auto, (max-width: 400px) 100vw, 400px\" title=\"\"><\/figure>\n\n<h2 class=\"gb-headline gb-headline-0bf96bb0 gb-headline-text\"><a href=\"https:\/\/subirimagenes.com\/pl\/opiniones\/ethereum-cormax-app\/\">Odkrywanie K00411: Innowacje i wydajno&#347;&#263; w handlu kryptowalutami<\/a><\/h2>\n\n<p class=\"gb-headline gb-headline-60dfae4e gb-headline-text\"><time class=\"entry-date published\" datetime=\"2025-05-28T07:54:02+00:00\">28 maja, 2025<\/time><\/p>\n\n<div class=\"gb-headline gb-headline-f9ca50ee gb-headline-text\">Jako do&#347;wiadczony analityk finansowy z ponad dziesi&#281;cioletnim do&#347;wiadczeniem w bran&#380;y inwestycyjnej, przedstawiam dog&#322;&#281;bn&#261; analiz&#281; K00411 w 2025 r., platformy, kt&oacute;ra budzi szum dzi&#281;ki swoim zapewnieniom o wysokich zwrotach i zaawansowanych algorytmach. <\/div>\n<\/div><\/div>\n\n<div class=\"gb-grid-column gb-grid-column-3b711c03 gb-query-loop-item post-29146 opinion type-opinion status-publish has-post-thumbnail hentry\"><div class=\"gb-container gb-container-3b711c03\">\n<figure class=\"gb-block-image gb-block-image-9bfa2a1b\"><img loading=\"lazy\" decoding=\"async\" width=\"400\" height=\"224\" src=\"https:\/\/subirimagenes.com\/wp-content\/uploads\/2025\/03\/Mobile-Trading-Scene4.jpg\" class=\"gb-image-9bfa2a1b\" alt=\"Trading Futurista en M&oacute;vil\" srcset=\"https:\/\/subirimagenes.com\/wp-content\/uploads\/2025\/03\/Mobile-Trading-Scene4.jpg 400w, https:\/\/subirimagenes.com\/wp-content\/uploads\/2025\/03\/Mobile-Trading-Scene4-300x168.jpg 300w\" sizes=\"auto, (max-width: 400px) 100vw, 400px\" title=\"\"><\/figure>\n\n<h2 class=\"gb-headline gb-headline-0bf96bb0 gb-headline-text\"><a href=\"https:\/\/subirimagenes.com\/pl\/opiniones\/ethereum-cormax-review\/\">Eksploracja K00410: Innowacje i bezpiecze&#324;stwo w handlu kryptowalutami<\/a><\/h2>\n\n<p class=\"gb-headline gb-headline-60dfae4e gb-headline-text\"><time class=\"entry-date published\" datetime=\"2025-05-28T07:49:44+00:00\">28 maja, 2025<\/time><\/p>\n\n<div class=\"gb-headline gb-headline-f9ca50ee gb-headline-text\">Jako analityk finansowy z ponad dziesi&#281;cioletnim do&#347;wiadczeniem w niestabilnym &#347;wiecie kryptowalut i posiadacz tytu&#322;u CFA, przedstawiam Pa&#324;stwu popart&#261; przez ekspert&oacute;w analiz&#281; K00410 w obliczu zbli&#380;aj&#261;cego si&#281; roku 2025.<\/div>\n<\/div><\/div>\n\n<div class=\"gb-grid-column gb-grid-column-3b711c03 gb-query-loop-item post-29150 opinion type-opinion status-publish has-post-thumbnail hentry\"><div class=\"gb-container gb-container-3b711c03\">\n<figure class=\"gb-block-image gb-block-image-9bfa2a1b\"><img loading=\"lazy\" decoding=\"async\" width=\"400\" height=\"224\" src=\"https:\/\/subirimagenes.com\/wp-content\/uploads\/2025\/03\/Online-Tranding2.jpg\" class=\"gb-image-9bfa2a1b\" alt=\"Trading M&oacute;vil con Estilo\" srcset=\"https:\/\/subirimagenes.com\/wp-content\/uploads\/2025\/03\/Online-Tranding2.jpg 400w, https:\/\/subirimagenes.com\/wp-content\/uploads\/2025\/03\/Online-Tranding2-300x168.jpg 300w\" sizes=\"auto, (max-width: 400px) 100vw, 400px\" title=\"\"><\/figure>\n\n<h2 class=\"gb-headline gb-headline-0bf96bb0 gb-headline-text\"><a href=\"https:\/\/subirimagenes.com\/pl\/opiniones\/ethereum-cormax\/\">K00409: Rewolucjonizowanie handlu kryptowalutami dzi&#281;ki zaawansowanej technologii<\/a><\/h2>\n\n<p class=\"gb-headline gb-headline-60dfae4e gb-headline-text\"><time class=\"entry-date published\" datetime=\"2025-05-28T07:43:46+00:00\">28 maja, 2025<\/time><\/p>\n\n<div class=\"gb-headline gb-headline-f9ca50ee gb-headline-text\">Jestem pod wra&#380;eniem post&#281;p&oacute;w K00409 w przygotowaniach do roku 2025.<\/div>\n<\/div><\/div>\n\n<div class=\"gb-grid-column gb-grid-column-3b711c03 gb-query-loop-item post-29123 opinion type-opinion status-publish has-post-thumbnail hentry\"><div class=\"gb-container gb-container-3b711c03\">\n<figure class=\"gb-block-image gb-block-image-9bfa2a1b\"><img loading=\"lazy\" decoding=\"async\" width=\"400\" height=\"224\" src=\"https:\/\/subirimagenes.com\/wp-content\/uploads\/2025\/03\/Online-Tranding-Charts19.jpg\" class=\"gb-image-9bfa2a1b\" alt=\"Trading M&oacute;vil y Colorido\" srcset=\"https:\/\/subirimagenes.com\/wp-content\/uploads\/2025\/03\/Online-Tranding-Charts19.jpg 400w, https:\/\/subirimagenes.com\/wp-content\/uploads\/2025\/03\/Online-Tranding-Charts19-300x168.jpg 300w\" sizes=\"auto, (max-width: 400px) 100vw, 400px\" title=\"\"><\/figure>\n\n<h2 class=\"gb-headline gb-headline-0bf96bb0 gb-headline-text\"><a href=\"https:\/\/subirimagenes.com\/pl\/opiniones\/chain-adipex-xp\/\">K00405: Rewolucjonizowanie handlu kryptowalutami dzi&#281;ki technologii kwantowej<\/a><\/h2>\n\n<p class=\"gb-headline gb-headline-60dfae4e gb-headline-text\"><time class=\"entry-date published\" datetime=\"2025-05-27T09:23:49+00:00\">27 maja, 2025<\/time><\/p>\n\n<div class=\"gb-headline gb-headline-f9ca50ee gb-headline-text\">Jako do&#347;wiadczony analityk finansowy z ponad dziesi&#281;cioletnim do&#347;wiadczeniem w zakresie strategii inwestycyjnych i innowacji fintech, uwa&#380;nie &#347;ledzi&#322;em rozw&oacute;j sytuacji w zakresie komputer&oacute;w kwantowych w finansach. <\/div>\n<\/div><\/div>\n\n<div class=\"gb-grid-column gb-grid-column-3b711c03 gb-query-loop-item post-29108 opinion type-opinion status-publish has-post-thumbnail hentry\"><div class=\"gb-container gb-container-3b711c03\">\n<figure class=\"gb-block-image gb-block-image-9bfa2a1b\"><img loading=\"lazy\" decoding=\"async\" width=\"400\" height=\"224\" src=\"https:\/\/subirimagenes.com\/wp-content\/uploads\/2025\/03\/Online-Tranding-Charts18.jpg\" class=\"gb-image-9bfa2a1b\" alt=\"Trading Nocturno en Ciudad\" srcset=\"https:\/\/subirimagenes.com\/wp-content\/uploads\/2025\/03\/Online-Tranding-Charts18.jpg 400w, https:\/\/subirimagenes.com\/wp-content\/uploads\/2025\/03\/Online-Tranding-Charts18-300x168.jpg 300w\" sizes=\"auto, (max-width: 400px) 100vw, 400px\" title=\"\"><\/figure>\n\n<h2 class=\"gb-headline gb-headline-0bf96bb0 gb-headline-text\"><a href=\"https:\/\/subirimagenes.com\/pl\/opiniones\/instant-akpro-app\/\">Odkrywanie K00403: Nowa era w handlu kryptowalutami<\/a><\/h2>\n\n<p class=\"gb-headline gb-headline-60dfae4e gb-headline-text\"><time class=\"entry-date published\" datetime=\"2025-05-20T08:23:47+00:00\">20 maja, 2025<\/time><\/p>\n\n<div class=\"gb-headline gb-headline-f9ca50ee gb-headline-text\">Jako do&#347;wiadczony analityk finansowy z ponad dziesi&#281;cioletnim do&#347;wiadczeniem w zakresie strategii inwestycyjnych i certyfikowany Chartered Financial Analyst (CFA), jestem tutaj, aby rzuci&#263; &#347;wiat&#322;o na intryguj&#261;cy &#347;wiat K00403 &mdash; platformy, kt&oacute;ra przyci&#261;gn&#281;&#322;a uwag&#281; zar&oacute;wno pocz&#261;tkuj&#261;cych, jak i do&#347;wiadczonych inwestor&oacute;w. <\/div>\n<\/div><\/div>\n\n<div class=\"gb-grid-column gb-grid-column-3b711c03 gb-query-loop-item post-29112 opinion type-opinion status-publish has-post-thumbnail hentry\"><div class=\"gb-container gb-container-3b711c03\">\n<figure class=\"gb-block-image gb-block-image-9bfa2a1b\"><img loading=\"lazy\" decoding=\"async\" width=\"400\" height=\"224\" src=\"https:\/\/subirimagenes.com\/wp-content\/uploads\/2025\/03\/Vivid-Trading-Phone-Screen11.jpg\" class=\"gb-image-9bfa2a1b\" alt=\"Pantalla v&iacute;vida del tel&eacute;fono comercial\" srcset=\"https:\/\/subirimagenes.com\/wp-content\/uploads\/2025\/03\/Vivid-Trading-Phone-Screen11.jpg 400w, https:\/\/subirimagenes.com\/wp-content\/uploads\/2025\/03\/Vivid-Trading-Phone-Screen11-300x168.jpg 300w\" sizes=\"auto, (max-width: 400px) 100vw, 400px\" title=\"\"><\/figure>\n\n<h2 class=\"gb-headline gb-headline-0bf96bb0 gb-headline-text\"><a href=\"https:\/\/subirimagenes.com\/pl\/opiniones\/instant-akpro-review\/\">Odkryj K00402: Innowacje w handlu kryptowalutami z AI<\/a><\/h2>\n\n<p class=\"gb-headline gb-headline-60dfae4e gb-headline-text\"><time class=\"entry-date published\" datetime=\"2025-05-20T08:17:47+00:00\">20 maja, 2025<\/time><\/p>\n\n<div class=\"gb-headline gb-headline-f9ca50ee gb-headline-text\">Jako analityk finansowy z ponad dziesi&#281;cioletnim do&#347;wiadczeniem i posiadacz tytu&#322;u CFA, zag&#322;&#281;bia&#322;em si&#281; w zawi&#322;o&#347;ci rynk&oacute;w finansowych, ram regulacyjnych i strategii inwestycyjnych.<\/div>\n<\/div><\/div>\n\n<div class=\"gb-grid-column gb-grid-column-3b711c03 gb-query-loop-item post-29116 opinion type-opinion status-publish has-post-thumbnail hentry\"><div class=\"gb-container gb-container-3b711c03\">\n<figure class=\"gb-block-image gb-block-image-9bfa2a1b\"><img loading=\"lazy\" decoding=\"async\" width=\"400\" height=\"224\" src=\"https:\/\/subirimagenes.com\/wp-content\/uploads\/2025\/03\/Mobile-Trading-Scene10.jpg\" class=\"gb-image-9bfa2a1b\" alt=\"Detalles de Trading en M&oacute;vil\" srcset=\"https:\/\/subirimagenes.com\/wp-content\/uploads\/2025\/03\/Mobile-Trading-Scene10.jpg 400w, https:\/\/subirimagenes.com\/wp-content\/uploads\/2025\/03\/Mobile-Trading-Scene10-300x168.jpg 300w\" sizes=\"auto, (max-width: 400px) 100vw, 400px\" title=\"\"><\/figure>\n\n<h2 class=\"gb-headline gb-headline-0bf96bb0 gb-headline-text\"><a href=\"https:\/\/subirimagenes.com\/pl\/opiniones\/instant-akpro\/\">Zmaksymalizuj swoje inwestycje w kryptowaluty dzi&#281;ki K00401: Zaawansowana technologia na us&#322;ugach tradera<\/a><\/h2>\n\n<p class=\"gb-headline gb-headline-60dfae4e gb-headline-text\"><time class=\"entry-date published\" datetime=\"2025-05-20T08:12:02+00:00\">20 maja, 2025<\/time><\/p>\n\n<div class=\"gb-headline gb-headline-f9ca50ee gb-headline-text\">Witamy na naszym blogu Financial Insights, gdzie nasz zesp&oacute;&#322;, posiadaj&#261;cy wieloletnie do&#347;wiadczenie w bran&#380;y finansowej i tak znacz&#261;ce kwalifikacje, jak tytu&#322;y CFA i CPA, zag&#322;&#281;bia si&#281; w zawi&#322;o&#347;ci nowoczesnego inwestowania. <\/div>\n<\/div><\/div>\n\n<div class=\"gb-grid-column gb-grid-column-3b711c03 gb-query-loop-item post-29120 opinion type-opinion status-publish has-post-thumbnail hentry\"><div class=\"gb-container gb-container-3b711c03\">\n<figure class=\"gb-block-image gb-block-image-9bfa2a1b\"><img loading=\"lazy\" decoding=\"async\" width=\"400\" height=\"224\" src=\"https:\/\/subirimagenes.com\/wp-content\/uploads\/2025\/03\/Stock-analysis-on-mobile-screen3.jpg\" class=\"gb-image-9bfa2a1b\" alt=\"Tel&eacute;fono con Gr&aacute;ficos Oscuros\" srcset=\"https:\/\/subirimagenes.com\/wp-content\/uploads\/2025\/03\/Stock-analysis-on-mobile-screen3.jpg 400w, https:\/\/subirimagenes.com\/wp-content\/uploads\/2025\/03\/Stock-analysis-on-mobile-screen3-300x168.jpg 300w\" sizes=\"auto, (max-width: 400px) 100vw, 400px\" title=\"\"><\/figure>\n\n<h2 class=\"gb-headline gb-headline-0bf96bb0 gb-headline-text\"><a href=\"https:\/\/subirimagenes.com\/pl\/opiniones\/energy-proair-app\/\">Odkrywanie K00400: G&#322;&#281;bokie nurkowanie w zautomatyzowanym handlu w 2025 r.<\/a><\/h2>\n\n<p class=\"gb-headline gb-headline-60dfae4e gb-headline-text\"><time class=\"entry-date published\" datetime=\"2025-05-20T08:06:01+00:00\">20 maja, 2025<\/time><\/p>\n\n<div class=\"gb-headline gb-headline-f9ca50ee gb-headline-text\">Jako do&#347;wiadczony analityk finansowy z ponad dziesi&#281;cioletnim do&#347;wiadczeniem w ci&#261;gle zmieniaj&#261;cym si&#281; &#347;wiecie inwestycji i posiadacz tytu&#322;u CFA, przedstawiam Pa&#324;stwu analiz&#281; K00400 w roku 2025, popart&#261; przez ekspert&oacute;w.<\/div>\n<\/div><\/div>\n\n<div class=\"gb-grid-column gb-grid-column-3b711c03 gb-query-loop-item post-29104 opinion type-opinion status-publish has-post-thumbnail hentry\"><div class=\"gb-container gb-container-3b711c03\">\n<figure class=\"gb-block-image gb-block-image-9bfa2a1b\"><img loading=\"lazy\" decoding=\"async\" width=\"400\" height=\"224\" src=\"https:\/\/subirimagenes.com\/wp-content\/uploads\/2025\/03\/Stock-analysis-on-mobile-screen2.jpg\" class=\"gb-image-9bfa2a1b\" alt=\"Trading Futurista en M&oacute;vil\" srcset=\"https:\/\/subirimagenes.com\/wp-content\/uploads\/2025\/03\/Stock-analysis-on-mobile-screen2.jpg 400w, https:\/\/subirimagenes.com\/wp-content\/uploads\/2025\/03\/Stock-analysis-on-mobile-screen2-300x168.jpg 300w\" sizes=\"auto, (max-width: 400px) 100vw, 400px\" title=\"\"><\/figure>\n\n<h2 class=\"gb-headline gb-headline-0bf96bb0 gb-headline-text\"><a href=\"https:\/\/subirimagenes.com\/pl\/opiniones\/energy-proair-review\/\">Odkrywanie K00399: Innowacje i ryzyko w handlu kryptowalutami<\/a><\/h2>\n\n<p class=\"gb-headline gb-headline-60dfae4e gb-headline-text\"><time class=\"entry-date published\" datetime=\"2025-05-20T07:58:09+00:00\">20 maja, 2025<\/time><\/p>\n\n<div class=\"gb-headline gb-headline-f9ca50ee gb-headline-text\">Jako do&#347;wiadczony analityk finansowy z ponad dziesi&#281;cioletnim do&#347;wiadczeniem na rynkach tradycyjnych i cyfrowych, wnosz&#281; ogromn&#261; wiedz&#281; i perspektyw&#281; do szybko rozwijaj&#261;cego si&#281; &#347;wiata komputer&oacute;w kwantowych i kryptowalut. <\/div>\n<\/div><\/div>\n\n<div class=\"gb-grid-column gb-grid-column-3b711c03 gb-query-loop-item post-29100 opinion type-opinion status-publish has-post-thumbnail hentry\"><div class=\"gb-container gb-container-3b711c03\">\n<figure class=\"gb-block-image gb-block-image-9bfa2a1b\"><img loading=\"lazy\" decoding=\"async\" width=\"400\" height=\"224\" src=\"https:\/\/subirimagenes.com\/wp-content\/uploads\/2025\/03\/Stock-analysis-on-mobile-screen1.jpg\" class=\"gb-image-9bfa2a1b\" alt=\"Tel&eacute;fono con Trading de Colores\" srcset=\"https:\/\/subirimagenes.com\/wp-content\/uploads\/2025\/03\/Stock-analysis-on-mobile-screen1.jpg 400w, https:\/\/subirimagenes.com\/wp-content\/uploads\/2025\/03\/Stock-analysis-on-mobile-screen1-300x168.jpg 300w\" sizes=\"auto, (max-width: 400px) 100vw, 400px\" title=\"\"><\/figure>\n\n<h2 class=\"gb-headline gb-headline-0bf96bb0 gb-headline-text\"><a href=\"https:\/\/subirimagenes.com\/pl\/opiniones\/energy-proair\/\">Eksploracja K00398: Zautomatyzowany handel kryptowalutami<\/a><\/h2>\n\n<p class=\"gb-headline gb-headline-60dfae4e gb-headline-text\"><time class=\"entry-date published\" datetime=\"2025-05-20T07:54:41+00:00\">20 maja, 2025<\/time><\/p>\n\n<div class=\"gb-headline gb-headline-f9ca50ee gb-headline-text\">Jako do&#347;wiadczony analityk finansowy z ponad dziesi&#281;cioletnim do&#347;wiadczeniem w bran&#380;y inwestycyjnej i posiadacz tytu&#322;u CFA, po&#347;wi&#281;ci&#322;em lata na badanie zmieniaj&#261;cego si&#281; rynku kryptowalut i ich miejsca we wsp&oacute;&#322;czesnym planowaniu finansowym. <\/div>\n<\/div><\/div>\n<\/div>\n\n<div class=\"gb-container gb-container-fa2da548 gb-query-loop-pagination\">\n\n\n<span class=\"gb-button gb-button-ae3848b3 gb-button-text page-numbers gb-block-is-current\" aria-current=\"page\">1<\/span><a class=\"gb-button gb-button-ae3848b3 gb-button-text page-numbers\" href=\"?query-64d1e269-page=2\">2<\/a><a class=\"gb-button gb-button-ae3848b3 gb-button-text page-numbers\" href=\"?query-64d1e269-page=3\">3<\/a><span class=\"gb-button gb-button-ae3848b3 gb-button-text page-numbers dots\">&hellip;<\/span><a class=\"gb-button gb-button-ae3848b3 gb-button-text page-numbers\" href=\"?query-64d1e269-page=36\">36<\/a>\n\n<a class=\"gb-button gb-button-8d2fe732 gb-button-text\" href=\"\/pl\/wp-json\/wp\/v2\/pages\/22632?query-64d1e269-page=2\">Nast&#281;pny<\/a>\n<\/div>\n\n<\/div>\n<\/div>\n","protected":false},"excerpt":{"rendered":"<p> &#8230; <a title=\"Opinie\" class=\"read-more\" href=\"https:\/\/subirimagenes.com\/pl\/opiniones\/\" aria-label=\"Dowiedz si\u0119 wi\u0119cej o Opinie\">Czytaj dalej<\/a><\/p>\n","protected":false},"author":1,"featured_media":0,"parent":0,"menu_order":0,"comment_status":"closed","ping_status":"closed","template":"","meta":{"footnotes":""},"class_list":["post-22632","page","type-page","status-publish"],"rank_math_title":"Najlepsze recenzje platform handlowych, platform kryptowalutowych i robot\u00f3w handlowych","rank_math_description":"Por\u00f3wnaj najlepsze platformy handlowe, platformy do handlu kryptowalutami i roboty handlowe. Uzyskaj szczeg\u00f3\u0142owe recenzje i informacje, aby wybra\u0107 odpowiednie narz\u0119dzia do swojego do\u015bwiadczenia handlowego. ","rank_math_focus_keyword":"platformy transakcyjne","_links":{"self":[{"href":"https:\/\/subirimagenes.com\/pl\/wp-json\/wp\/v2\/pages\/22632","targetHints":{"allow":["GET"]}}],"collection":[{"href":"https:\/\/subirimagenes.com\/pl\/wp-json\/wp\/v2\/pages"}],"about":[{"href":"https:\/\/subirimagenes.com\/pl\/wp-json\/wp\/v2\/types\/page"}],"author":[{"embeddable":true,"href":"https:\/\/subirimagenes.com\/pl\/wp-json\/wp\/v2\/users\/1"}],"replies":[{"embeddable":true,"href":"https:\/\/subirimagenes.com\/pl\/wp-json\/wp\/v2\/comments?post=22632"}],"version-history":[{"count":0,"href":"https:\/\/subirimagenes.com\/pl\/wp-json\/wp\/v2\/pages\/22632\/revisions"}],"wp:attachment":[{"href":"https:\/\/subirimagenes.com\/pl\/wp-json\/wp\/v2\/media?parent=22632"}],"curies":[{"name":"wp","href":"https:\/\/api.w.org\/{rel}","templated":true}]}}