{"id":22629,"date":"2025-01-03T11:27:36","date_gmt":"2025-01-03T11:27:36","guid":{"rendered":"https:\/\/subirimagenes.com\/opinioes\/"},"modified":"2025-01-03T12:36:23","modified_gmt":"2025-01-03T12:36:23","slug":"opiniones","status":"publish","type":"page","link":"https:\/\/subirimagenes.com\/pt-br\/opiniones\/","title":{"rendered":"Opini\u00f5es"},"content":{"rendered":"<?xml encoding=\"UTF-8\"><div class=\"gb-container gb-container-622264d6\">\n<div class=\"gb-container gb-container-925e4f42\">\n\n<h1 class=\"gb-headline gb-headline-af849a97 gb-headline-text\">Encontre as melhores plataformas de negocia&ccedil;&atilde;o, ferramentas de criptomoeda e rob&ocirc;s de negocia&ccedil;&atilde;o<\/h1>\n\n<\/div>\n<\/div><div class=\"gb-container gb-container-815df75d\">\n<nav aria-label=\"breadcrumbs\" class=\"rank-math-breadcrumb\"><p><span class=\"last\">P\u00e1gina inicial<\/span><\/p><\/nav>\n\n<\/div><div class=\"gb-container gb-container-2d1b3c11\">\n<div class=\"gb-container gb-container-7a26a69c\">\n\n<p class=\"gb-headline gb-headline-4d55ef54 gb-headline-text\">Voc&ecirc; est&aacute; procurando as ferramentas de negocia&ccedil;&atilde;o certas? Voc&ecirc; veio ao lugar certo. Aqui voc&ecirc; encontrar&aacute; an&aacute;lises honestas de plataformas de negocia&ccedil;&atilde;o, plataformas de negocia&ccedil;&atilde;o de criptomoedas e rob&ocirc;s de negocia&ccedil;&atilde;o. Dividimos tudo para facilitar a compreens&atilde;o &ndash; voc&ecirc; n&atilde;o sabe por onde come&ccedil;ar? Basta rolar a tela e ver o que se adapta ao seu estilo e &agrave;s suas necessidades. Quer voc&ecirc; seja um iniciante ou j&aacute; esteja negociando h&aacute; algum tempo, h&aacute; algo aqui para voc&ecirc;. Fizemos a pesquisa para que voc&ecirc; n&atilde;o precise faz&ecirc;-la. Voc&ecirc; est&aacute; pronto para levar sua negocia&ccedil;&atilde;o para o pr&oacute;ximo n&iacute;vel? Vamos come&ccedil;ar.         <\/p>\n\n\n\n<div class=\"gb-grid-wrapper gb-grid-wrapper-bfda7a3c gb-query-loop-wrapper\">\n<div class=\"gb-grid-column gb-grid-column-3b711c03 gb-query-loop-item post-29143 opinion type-opinion status-publish has-post-thumbnail hentry\"><div class=\"gb-container gb-container-3b711c03\">\n<figure class=\"gb-block-image gb-block-image-9bfa2a1b\"><img loading=\"lazy\" decoding=\"async\" width=\"400\" height=\"224\" src=\"https:\/\/subirimagenes.com\/wp-content\/uploads\/2025\/03\/Mobile-Trading-Scene3.jpg\" class=\"gb-image-9bfa2a1b\" alt=\"An&aacute;lisis Burs&aacute;til en Tr&aacute;nsito\" srcset=\"https:\/\/subirimagenes.com\/wp-content\/uploads\/2025\/03\/Mobile-Trading-Scene3.jpg 400w, https:\/\/subirimagenes.com\/wp-content\/uploads\/2025\/03\/Mobile-Trading-Scene3-300x168.jpg 300w\" sizes=\"auto, (max-width: 400px) 100vw, 400px\" title=\"\"><\/figure>\n\n<h2 class=\"gb-headline gb-headline-0bf96bb0 gb-headline-text\"><a href=\"https:\/\/subirimagenes.com\/pt-br\/opiniones\/ethereum-cormax-app\/\">Descobrindo K00411: Inova&ccedil;&atilde;o e Desempenho na Negocia&ccedil;&atilde;o de Criptomoedas<\/a><\/h2>\n\n<p class=\"gb-headline gb-headline-60dfae4e gb-headline-text\"><time class=\"entry-date published\" datetime=\"2025-05-28T07:54:02+00:00\">maio 28, 2025<\/time><\/p>\n\n<div class=\"gb-headline gb-headline-f9ca50ee gb-headline-text\">Como analista financeiro experiente com mais de uma d&eacute;cada de experi&ecirc;ncia no setor de investimentos, trago a voc&ecirc;s uma an&aacute;lise aprofundada do K00411 em 2025, uma plataforma que est&aacute; gerando burburinho com suas promessas de altos retornos e algoritmos sofisticados. <\/div>\n<\/div><\/div>\n\n<div class=\"gb-grid-column gb-grid-column-3b711c03 gb-query-loop-item post-29147 opinion type-opinion status-publish has-post-thumbnail hentry\"><div class=\"gb-container gb-container-3b711c03\">\n<figure class=\"gb-block-image gb-block-image-9bfa2a1b\"><img loading=\"lazy\" decoding=\"async\" width=\"400\" height=\"224\" src=\"https:\/\/subirimagenes.com\/wp-content\/uploads\/2025\/03\/Mobile-Trading-Scene4.jpg\" class=\"gb-image-9bfa2a1b\" alt=\"Trading Futurista en M&oacute;vil\" srcset=\"https:\/\/subirimagenes.com\/wp-content\/uploads\/2025\/03\/Mobile-Trading-Scene4.jpg 400w, https:\/\/subirimagenes.com\/wp-content\/uploads\/2025\/03\/Mobile-Trading-Scene4-300x168.jpg 300w\" sizes=\"auto, (max-width: 400px) 100vw, 400px\" title=\"\"><\/figure>\n\n<h2 class=\"gb-headline gb-headline-0bf96bb0 gb-headline-text\"><a href=\"https:\/\/subirimagenes.com\/pt-br\/opiniones\/ethereum-cormax-review\/\">Explorando K00410: Inova&ccedil;&atilde;o e Seguran&ccedil;a na Negocia&ccedil;&atilde;o de Criptomoedas<\/a><\/h2>\n\n<p class=\"gb-headline gb-headline-60dfae4e gb-headline-text\"><time class=\"entry-date published\" datetime=\"2025-05-28T07:49:44+00:00\">maio 28, 2025<\/time><\/p>\n\n<div class=\"gb-headline gb-headline-f9ca50ee gb-headline-text\">Como analista financeiro com mais de uma d&eacute;cada de experi&ecirc;ncia no mundo vol&aacute;til das criptomoedas e detentor do certificado CFA, trago a voc&ecirc;s uma explora&ccedil;&atilde;o apoiada por especialistas do K00410 conforme avan&ccedil;amos em dire&ccedil;&atilde;o a 2025.<\/div>\n<\/div><\/div>\n\n<div class=\"gb-grid-column gb-grid-column-3b711c03 gb-query-loop-item post-29151 opinion type-opinion status-publish has-post-thumbnail hentry\"><div class=\"gb-container gb-container-3b711c03\">\n<figure class=\"gb-block-image gb-block-image-9bfa2a1b\"><img loading=\"lazy\" decoding=\"async\" width=\"400\" height=\"224\" src=\"https:\/\/subirimagenes.com\/wp-content\/uploads\/2025\/03\/Online-Tranding2.jpg\" class=\"gb-image-9bfa2a1b\" alt=\"Trading M&oacute;vil con Estilo\" srcset=\"https:\/\/subirimagenes.com\/wp-content\/uploads\/2025\/03\/Online-Tranding2.jpg 400w, https:\/\/subirimagenes.com\/wp-content\/uploads\/2025\/03\/Online-Tranding2-300x168.jpg 300w\" sizes=\"auto, (max-width: 400px) 100vw, 400px\" title=\"\"><\/figure>\n\n<h2 class=\"gb-headline gb-headline-0bf96bb0 gb-headline-text\"><a href=\"https:\/\/subirimagenes.com\/pt-br\/opiniones\/ethereum-cormax\/\">K00409: Revolucionando a negocia&ccedil;&atilde;o de criptomoedas com tecnologia avan&ccedil;ada<\/a><\/h2>\n\n<p class=\"gb-headline gb-headline-60dfae4e gb-headline-text\"><time class=\"entry-date published\" datetime=\"2025-05-28T07:43:46+00:00\">maio 28, 2025<\/time><\/p>\n\n<div class=\"gb-headline gb-headline-f9ca50ee gb-headline-text\">Estou genuinamente impressionado com o progresso do K00409 enquanto eles se preparam para 2025.<\/div>\n<\/div><\/div>\n\n<div class=\"gb-grid-column gb-grid-column-3b711c03 gb-query-loop-item post-29109 opinion type-opinion status-publish has-post-thumbnail hentry\"><div class=\"gb-container gb-container-3b711c03\">\n<figure class=\"gb-block-image gb-block-image-9bfa2a1b\"><img loading=\"lazy\" decoding=\"async\" width=\"400\" height=\"224\" src=\"https:\/\/subirimagenes.com\/wp-content\/uploads\/2025\/03\/Online-Tranding-Charts18.jpg\" class=\"gb-image-9bfa2a1b\" alt=\"Trading Nocturno en Ciudad\" srcset=\"https:\/\/subirimagenes.com\/wp-content\/uploads\/2025\/03\/Online-Tranding-Charts18.jpg 400w, https:\/\/subirimagenes.com\/wp-content\/uploads\/2025\/03\/Online-Tranding-Charts18-300x168.jpg 300w\" sizes=\"auto, (max-width: 400px) 100vw, 400px\" title=\"\"><\/figure>\n\n<h2 class=\"gb-headline gb-headline-0bf96bb0 gb-headline-text\"><a href=\"https:\/\/subirimagenes.com\/pt-br\/opiniones\/instant-akpro-app\/\">Explorando K00403: Uma Nova Era na Negocia&ccedil;&atilde;o de Criptomoedas<\/a><\/h2>\n\n<p class=\"gb-headline gb-headline-60dfae4e gb-headline-text\"><time class=\"entry-date published\" datetime=\"2025-05-20T08:23:47+00:00\">maio 20, 2025<\/time><\/p>\n\n<div class=\"gb-headline gb-headline-f9ca50ee gb-headline-text\">Como analista financeiro experiente com mais de uma d&eacute;cada de experi&ecirc;ncia em estrat&eacute;gias de investimento e um Analista Financeiro Credenciado (CFA) certificado, estou aqui para lan&ccedil;ar luz sobre o mundo intrigante do K00403 &mdash; uma plataforma que capturou a aten&ccedil;&atilde;o de investidores novatos e experientes. <\/div>\n<\/div><\/div>\n\n<div class=\"gb-grid-column gb-grid-column-3b711c03 gb-query-loop-item post-29113 opinion type-opinion status-publish has-post-thumbnail hentry\"><div class=\"gb-container gb-container-3b711c03\">\n<figure class=\"gb-block-image gb-block-image-9bfa2a1b\"><img loading=\"lazy\" decoding=\"async\" width=\"400\" height=\"224\" src=\"https:\/\/subirimagenes.com\/wp-content\/uploads\/2025\/03\/Vivid-Trading-Phone-Screen11.jpg\" class=\"gb-image-9bfa2a1b\" alt=\"Pantalla v&iacute;vida del tel&eacute;fono comercial\" srcset=\"https:\/\/subirimagenes.com\/wp-content\/uploads\/2025\/03\/Vivid-Trading-Phone-Screen11.jpg 400w, https:\/\/subirimagenes.com\/wp-content\/uploads\/2025\/03\/Vivid-Trading-Phone-Screen11-300x168.jpg 300w\" sizes=\"auto, (max-width: 400px) 100vw, 400px\" title=\"\"><\/figure>\n\n<h2 class=\"gb-headline gb-headline-0bf96bb0 gb-headline-text\"><a href=\"https:\/\/subirimagenes.com\/pt-br\/opiniones\/instant-akpro-review\/\">Descubra K00402: Inova&ccedil;&atilde;o em Negocia&ccedil;&atilde;o de Criptomoedas com IA<\/a><\/h2>\n\n<p class=\"gb-headline gb-headline-60dfae4e gb-headline-text\"><time class=\"entry-date published\" datetime=\"2025-05-20T08:17:47+00:00\">maio 20, 2025<\/time><\/p>\n\n<div class=\"gb-headline gb-headline-f9ca50ee gb-headline-text\">Como analista financeiro com mais de uma d&eacute;cada de experi&ecirc;ncia e detentor do certificado CFA, mergulhei nas complexidades dos mercados financeiros, estruturas regulat&oacute;rias e estrat&eacute;gias de investimento.<\/div>\n<\/div><\/div>\n\n<div class=\"gb-grid-column gb-grid-column-3b711c03 gb-query-loop-item post-29117 opinion type-opinion status-publish has-post-thumbnail hentry\"><div class=\"gb-container gb-container-3b711c03\">\n<figure class=\"gb-block-image gb-block-image-9bfa2a1b\"><img loading=\"lazy\" decoding=\"async\" width=\"400\" height=\"224\" src=\"https:\/\/subirimagenes.com\/wp-content\/uploads\/2025\/03\/Mobile-Trading-Scene10.jpg\" class=\"gb-image-9bfa2a1b\" alt=\"Detalles de Trading en M&oacute;vil\" srcset=\"https:\/\/subirimagenes.com\/wp-content\/uploads\/2025\/03\/Mobile-Trading-Scene10.jpg 400w, https:\/\/subirimagenes.com\/wp-content\/uploads\/2025\/03\/Mobile-Trading-Scene10-300x168.jpg 300w\" sizes=\"auto, (max-width: 400px) 100vw, 400px\" title=\"\"><\/figure>\n\n<h2 class=\"gb-headline gb-headline-0bf96bb0 gb-headline-text\"><a href=\"https:\/\/subirimagenes.com\/pt-br\/opiniones\/instant-akpro\/\">Maximize seus investimentos em criptomoedas com K00401: Tecnologia avan&ccedil;ada a servi&ccedil;o do trader<\/a><\/h2>\n\n<p class=\"gb-headline gb-headline-60dfae4e gb-headline-text\"><time class=\"entry-date published\" datetime=\"2025-05-20T08:12:02+00:00\">maio 20, 2025<\/time><\/p>\n\n<div class=\"gb-headline gb-headline-f9ca50ee gb-headline-text\">Bem-vindo ao nosso blog Financial Insights, onde nossa equipe, com anos de experi&ecirc;ncia no setor financeiro e credenciais not&aacute;veis como as designa&ccedil;&otilde;es CFA e CPA, se aprofunda nas complexidades do investimento moderno. <\/div>\n<\/div><\/div>\n\n<div class=\"gb-grid-column gb-grid-column-3b711c03 gb-query-loop-item post-29121 opinion type-opinion status-publish has-post-thumbnail hentry\"><div class=\"gb-container gb-container-3b711c03\">\n<figure class=\"gb-block-image gb-block-image-9bfa2a1b\"><img loading=\"lazy\" decoding=\"async\" width=\"400\" height=\"224\" src=\"https:\/\/subirimagenes.com\/wp-content\/uploads\/2025\/03\/Stock-analysis-on-mobile-screen3.jpg\" class=\"gb-image-9bfa2a1b\" alt=\"Tel&eacute;fono con Gr&aacute;ficos Oscuros\" srcset=\"https:\/\/subirimagenes.com\/wp-content\/uploads\/2025\/03\/Stock-analysis-on-mobile-screen3.jpg 400w, https:\/\/subirimagenes.com\/wp-content\/uploads\/2025\/03\/Stock-analysis-on-mobile-screen3-300x168.jpg 300w\" sizes=\"auto, (max-width: 400px) 100vw, 400px\" title=\"\"><\/figure>\n\n<h2 class=\"gb-headline gb-headline-0bf96bb0 gb-headline-text\"><a href=\"https:\/\/subirimagenes.com\/pt-br\/opiniones\/energy-proair-app\/\">Descobrindo o K00400: Uma An&aacute;lise Profunda da Negocia&ccedil;&atilde;o Automatizada em 2025<\/a><\/h2>\n\n<p class=\"gb-headline gb-headline-60dfae4e gb-headline-text\"><time class=\"entry-date published\" datetime=\"2025-05-20T08:06:01+00:00\">maio 20, 2025<\/time><\/p>\n\n<div class=\"gb-headline gb-headline-f9ca50ee gb-headline-text\">Como analista financeiro experiente com mais de uma d&eacute;cada de experi&ecirc;ncia no mundo dos investimentos em constante evolu&ccedil;&atilde;o e detentor do certificado CFA, trago a voc&ecirc;s uma an&aacute;lise com respaldo de especialistas sobre o K00400 em 2025.<\/div>\n<\/div><\/div>\n\n<div class=\"gb-grid-column gb-grid-column-3b711c03 gb-query-loop-item post-29105 opinion type-opinion status-publish has-post-thumbnail hentry\"><div class=\"gb-container gb-container-3b711c03\">\n<figure class=\"gb-block-image gb-block-image-9bfa2a1b\"><img loading=\"lazy\" decoding=\"async\" width=\"400\" height=\"224\" src=\"https:\/\/subirimagenes.com\/wp-content\/uploads\/2025\/03\/Stock-analysis-on-mobile-screen2.jpg\" class=\"gb-image-9bfa2a1b\" alt=\"Trading Futurista en M&oacute;vil\" srcset=\"https:\/\/subirimagenes.com\/wp-content\/uploads\/2025\/03\/Stock-analysis-on-mobile-screen2.jpg 400w, https:\/\/subirimagenes.com\/wp-content\/uploads\/2025\/03\/Stock-analysis-on-mobile-screen2-300x168.jpg 300w\" sizes=\"auto, (max-width: 400px) 100vw, 400px\" title=\"\"><\/figure>\n\n<h2 class=\"gb-headline gb-headline-0bf96bb0 gb-headline-text\"><a href=\"https:\/\/subirimagenes.com\/pt-br\/opiniones\/energy-proair-review\/\">Descobrindo K00399: Inova&ccedil;&atilde;o e Risco na Negocia&ccedil;&atilde;o de Criptomoedas<\/a><\/h2>\n\n<p class=\"gb-headline gb-headline-60dfae4e gb-headline-text\"><time class=\"entry-date published\" datetime=\"2025-05-20T07:58:09+00:00\">maio 20, 2025<\/time><\/p>\n\n<div class=\"gb-headline gb-headline-f9ca50ee gb-headline-text\">Como analista financeiro experiente, com mais de uma d&eacute;cada de experi&ecirc;ncia em mercados tradicionais e digitais, trago uma riqueza de conhecimento e perspectiva para o mundo em r&aacute;pida evolu&ccedil;&atilde;o da computa&ccedil;&atilde;o qu&acirc;ntica e criptomoedas. <\/div>\n<\/div><\/div>\n\n<div class=\"gb-grid-column gb-grid-column-3b711c03 gb-query-loop-item post-29101 opinion type-opinion status-publish has-post-thumbnail hentry\"><div class=\"gb-container gb-container-3b711c03\">\n<figure class=\"gb-block-image gb-block-image-9bfa2a1b\"><img loading=\"lazy\" decoding=\"async\" width=\"400\" height=\"224\" src=\"https:\/\/subirimagenes.com\/wp-content\/uploads\/2025\/03\/Stock-analysis-on-mobile-screen1.jpg\" class=\"gb-image-9bfa2a1b\" alt=\"Tel&eacute;fono con Trading de Colores\" srcset=\"https:\/\/subirimagenes.com\/wp-content\/uploads\/2025\/03\/Stock-analysis-on-mobile-screen1.jpg 400w, https:\/\/subirimagenes.com\/wp-content\/uploads\/2025\/03\/Stock-analysis-on-mobile-screen1-300x168.jpg 300w\" sizes=\"auto, (max-width: 400px) 100vw, 400px\" title=\"\"><\/figure>\n\n<h2 class=\"gb-headline gb-headline-0bf96bb0 gb-headline-text\"><a href=\"https:\/\/subirimagenes.com\/pt-br\/opiniones\/energy-proair\/\">Explorando K00398: Negocia&ccedil;&atilde;o automatizada de criptomoedas<\/a><\/h2>\n\n<p class=\"gb-headline gb-headline-60dfae4e gb-headline-text\"><time class=\"entry-date published\" datetime=\"2025-05-20T07:54:41+00:00\">maio 20, 2025<\/time><\/p>\n\n<div class=\"gb-headline gb-headline-f9ca50ee gb-headline-text\">Como analista financeiro experiente com mais de uma d&eacute;cada de experi&ecirc;ncia no setor de investimentos e detentor do certificado CFA, passei anos pesquisando o cen&aacute;rio em evolu&ccedil;&atilde;o das criptomoedas e seu lugar no planejamento financeiro moderno. <\/div>\n<\/div><\/div>\n\n<div class=\"gb-grid-column gb-grid-column-3b711c03 gb-query-loop-item post-28914 opinion type-opinion status-publish has-post-thumbnail hentry\"><div class=\"gb-container gb-container-3b711c03\">\n<figure class=\"gb-block-image gb-block-image-9bfa2a1b\"><img loading=\"lazy\" decoding=\"async\" width=\"400\" height=\"224\" src=\"https:\/\/subirimagenes.com\/wp-content\/uploads\/2025\/03\/Smartphone-showing-trading-data8.jpg\" class=\"gb-image-9bfa2a1b\" alt=\"M&oacute;vil con Trading Colorido\" srcset=\"https:\/\/subirimagenes.com\/wp-content\/uploads\/2025\/03\/Smartphone-showing-trading-data8.jpg 400w, https:\/\/subirimagenes.com\/wp-content\/uploads\/2025\/03\/Smartphone-showing-trading-data8-300x168.jpg 300w\" sizes=\"auto, (max-width: 400px) 100vw, 400px\" title=\"\"><\/figure>\n\n<h2 class=\"gb-headline gb-headline-0bf96bb0 gb-headline-text\"><a href=\"https:\/\/subirimagenes.com\/pt-br\/opiniones\/gpt-lispro\/\">K00395: Inova&ccedil;&atilde;o e efici&ecirc;ncia no com&eacute;rcio de criptomoedas<\/a><\/h2>\n\n<p class=\"gb-headline gb-headline-60dfae4e gb-headline-text\"><time class=\"entry-date published\" datetime=\"2025-05-06T08:40:46+00:00\">maio 6, 2025<\/time><\/p>\n\n<div class=\"gb-headline gb-headline-f9ca50ee gb-headline-text\">K00395 de 2025 &ndash; que inova&ccedil;&atilde;o incr&iacute;vel! Imagine pedir uma pizza com uma cobertura surpresa: uma interface elegante que aprimora a experi&ecirc;ncia do usu&aacute;rio.   <\/div>\n<\/div><\/div>\n<\/div>\n\n<div class=\"gb-container gb-container-fa2da548 gb-query-loop-pagination\">\n\n\n<span class=\"gb-button gb-button-ae3848b3 gb-button-text page-numbers gb-block-is-current\" aria-current=\"page\">1<\/span><a class=\"gb-button gb-button-ae3848b3 gb-button-text page-numbers\" href=\"?query-64d1e269-page=2\">2<\/a><a class=\"gb-button gb-button-ae3848b3 gb-button-text page-numbers\" href=\"?query-64d1e269-page=3\">3<\/a><span class=\"gb-button gb-button-ae3848b3 gb-button-text page-numbers dots\">&hellip;<\/span><a class=\"gb-button gb-button-ae3848b3 gb-button-text page-numbers\" href=\"?query-64d1e269-page=36\">36<\/a>\n\n<a class=\"gb-button gb-button-8d2fe732 gb-button-text\" href=\"\/pt-br\/wp-json\/wp\/v2\/pages\/22629?query-64d1e269-page=2\">Pr&oacute;ximo<\/a>\n<\/div>\n\n<\/div>\n<\/div>\n","protected":false},"excerpt":{"rendered":"<p> &#8230; <a title=\"Opini\u00f5es\" class=\"read-more\" href=\"https:\/\/subirimagenes.com\/pt-br\/opiniones\/\" aria-label=\"Read more about Opini\u00f5es\">Leia mais<\/a><\/p>\n","protected":false},"author":1,"featured_media":0,"parent":0,"menu_order":0,"comment_status":"closed","ping_status":"closed","template":"","meta":{"footnotes":""},"class_list":["post-22629","page","type-page","status-publish"],"rank_math_title":"As melhores an\u00e1lises de plataformas de negocia\u00e7\u00e3o, plataformas de criptomoedas e rob\u00f4s de negocia\u00e7\u00e3o","rank_math_description":"Compare as melhores plataformas de negocia\u00e7\u00e3o, plataformas de negocia\u00e7\u00e3o de criptomoedas e rob\u00f4s de negocia\u00e7\u00e3o. Obtenha an\u00e1lises e informa\u00e7\u00f5es detalhadas para que voc\u00ea possa escolher as ferramentas certas para sua experi\u00eancia de negocia\u00e7\u00e3o. ","rank_math_focus_keyword":"plataformas de negocia\u00e7\u00e3o","_links":{"self":[{"href":"https:\/\/subirimagenes.com\/pt-br\/wp-json\/wp\/v2\/pages\/22629","targetHints":{"allow":["GET"]}}],"collection":[{"href":"https:\/\/subirimagenes.com\/pt-br\/wp-json\/wp\/v2\/pages"}],"about":[{"href":"https:\/\/subirimagenes.com\/pt-br\/wp-json\/wp\/v2\/types\/page"}],"author":[{"embeddable":true,"href":"https:\/\/subirimagenes.com\/pt-br\/wp-json\/wp\/v2\/users\/1"}],"replies":[{"embeddable":true,"href":"https:\/\/subirimagenes.com\/pt-br\/wp-json\/wp\/v2\/comments?post=22629"}],"version-history":[{"count":0,"href":"https:\/\/subirimagenes.com\/pt-br\/wp-json\/wp\/v2\/pages\/22629\/revisions"}],"wp:attachment":[{"href":"https:\/\/subirimagenes.com\/pt-br\/wp-json\/wp\/v2\/media?parent=22629"}],"curies":[{"name":"wp","href":"https:\/\/api.w.org\/{rel}","templated":true}]}}