{"id":6485,"date":"2022-11-09T13:36:34","date_gmt":"2022-11-09T13:36:34","guid":{"rendered":"https:\/\/subirimagenes.com\/pagina-inicial\/"},"modified":"2025-01-07T07:50:05","modified_gmt":"2025-01-07T07:50:05","slug":"home","status":"publish","type":"page","link":"https:\/\/subirimagenes.com\/pt-br\/","title":{"rendered":"P\u00e1gina inicial"},"content":{"rendered":"<?xml encoding=\"UTF-8\"><div class=\"gb-container gb-container-f46336a7\">\n<div class=\"gb-container gb-container-0f729179\">\n\n<h1 class=\"gb-headline gb-headline-0fb016dd gb-headline-text\">Descubra as &uacute;ltimas tend&ecirc;ncias em tecnologia, finan&ccedil;as e criptomoedas<\/h1>\n\n<\/div>\n<\/div><div class=\"gb-container gb-container-bc27c5ad\">\n<div class=\"gb-container gb-container-0abaad4a\">\n<div class=\"gb-grid-wrapper gb-grid-wrapper-ea893e33\">\n<div class=\"gb-grid-column gb-grid-column-0349097c\"><div class=\"gb-container gb-container-0349097c\">\n\n<h2 class=\"gb-headline gb-headline-4c890917 gb-headline-text\">Sua fonte de refer&ecirc;ncia em tecnologia, finan&ccedil;as e criptomoedas<\/h2>\n\n\n\n<p>Bem-vindo ao Subirimagenes. Aqui voc&ecirc; encontrar&aacute; as &uacute;ltimas not&iacute;cias e an&aacute;lises sobre tecnologia, finan&ccedil;as e criptomoedas. Voc&ecirc; quer saber o que est&aacute; acontecendo no mundo da tecnologia? Est&aacute; curioso sobre as &uacute;ltimas tend&ecirc;ncias do mercado ou sobre as atualiza&ccedil;&otilde;es de criptomoedas? Estamos aqui para ajudar voc&ecirc;. Nada de bobagens, nada de conversa fiada, apenas material real que voc&ecirc; pode usar. Se voc&ecirc; est&aacute; aqui para se manter atualizado ou aprender algo novo, voc&ecirc; est&aacute; no lugar certo. D&ecirc; uma olhada, confira nossas an&aacute;lises e descubra o que h&aacute; de mais moderno em tecnologia e finan&ccedil;as atualmente. Vamos come&ccedil;ar.         <\/p>\n\n<\/div><\/div>\n\n<div class=\"gb-grid-column gb-grid-column-c3314f44\"><div class=\"gb-container gb-container-c3314f44\">\n\n<figure class=\"gb-block-image gb-block-image-3739947e\"><img loading=\"lazy\" decoding=\"async\" width=\"1000\" height=\"667\" class=\"gb-image gb-image-3739947e\" src=\"https:\/\/subirimagenes.com\/wp-content\/uploads\/2025\/01\/Subirimage-01.jpg\" alt=\"Subirimagenes. Sua fonte de refer&ecirc;ncia em tecnologia, finan&ccedil;as e criptomoedas.\" title=\"Subirimagenes. Sua fonte de refer&ecirc;ncia em tecnologia, finan&ccedil;as e criptomoedas.\" srcset=\"https:\/\/subirimagenes.com\/wp-content\/uploads\/2025\/01\/Subirimage-01.jpg 1000w, https:\/\/subirimagenes.com\/wp-content\/uploads\/2025\/01\/Subirimage-01-300x200.jpg 300w, https:\/\/subirimagenes.com\/wp-content\/uploads\/2025\/01\/Subirimage-01-768x512.jpg 768w\" sizes=\"auto, (max-width: 1000px) 100vw, 1000px\"><\/figure>\n\n<\/div><\/div>\n<\/div>\n<\/div>\n<\/div><div class=\"gb-container gb-container-cf968e59\">\n<div class=\"gb-container gb-container-520775e4\">\n\n<h2 class=\"gb-headline gb-headline-24474f4f gb-headline-text\">&Uacute;ltimas avalia&ccedil;&otilde;es<\/h2>\n\n\n\n<div class=\"gb-grid-wrapper gb-grid-wrapper-2af8c289 horiz-scroll gb-query-loop-wrapper\">\n<div class=\"gb-grid-column gb-grid-column-2c852e9e gb-query-loop-item post-29143 opinion type-opinion status-publish has-post-thumbnail hentry\"><div class=\"gb-container gb-container-2c852e9e\"><div class=\"gb-inside-container\">\n<figure class=\"gb-block-image gb-block-image-be53bd63\"><img loading=\"lazy\" decoding=\"async\" width=\"400\" height=\"224\" src=\"https:\/\/subirimagenes.com\/wp-content\/uploads\/2025\/03\/Mobile-Trading-Scene3.jpg\" class=\"gb-image-be53bd63\" alt=\"An&aacute;lisis Burs&aacute;til en Tr&aacute;nsito\" srcset=\"https:\/\/subirimagenes.com\/wp-content\/uploads\/2025\/03\/Mobile-Trading-Scene3.jpg 400w, https:\/\/subirimagenes.com\/wp-content\/uploads\/2025\/03\/Mobile-Trading-Scene3-300x168.jpg 300w\" sizes=\"auto, (max-width: 400px) 100vw, 400px\" title=\"\"><\/figure>\n\n<h2 class=\"gb-headline gb-headline-d93a0e50 gb-headline-text\"><a href=\"https:\/\/subirimagenes.com\/pt-br\/opiniones\/ethereum-cormax-app\/\">Descobrindo K00411: Inova&ccedil;&atilde;o e Desempenho na Negocia&ccedil;&atilde;o de Criptomoedas<\/a><\/h2>\n\n<p class=\"gb-headline gb-headline-91438a09 gb-headline-text\"><time class=\"entry-date updated-date\" datetime=\"2025-05-28T08:50:22+00:00\">maio 28, 2025<\/time><\/p>\n\n<p class=\"gb-headline gb-headline-2ce5d081 gb-headline-text\"><a href=\"https:\/\/subirimagenes.com\/pt-br\/opiniones\/ethereum-cormax-app\/\">Como analista financeiro experiente com mais de uma d&eacute;cada de experi&ecirc;ncia no setor de investimentos, trago a voc&ecirc;s uma an&aacute;lise aprofundada do K00411 em 2025, uma plataforma que est&aacute; gerando burburinho com suas promessas de altos retornos e algoritmos sofisticados. <\/a><\/p>\n<\/div><\/div><\/div>\n\n<div class=\"gb-grid-column gb-grid-column-2c852e9e gb-query-loop-item post-29147 opinion type-opinion status-publish has-post-thumbnail hentry\"><div class=\"gb-container gb-container-2c852e9e\"><div class=\"gb-inside-container\">\n<figure class=\"gb-block-image gb-block-image-be53bd63\"><img loading=\"lazy\" decoding=\"async\" width=\"400\" height=\"224\" src=\"https:\/\/subirimagenes.com\/wp-content\/uploads\/2025\/03\/Mobile-Trading-Scene4.jpg\" class=\"gb-image-be53bd63\" alt=\"Trading Futurista en M&oacute;vil\" srcset=\"https:\/\/subirimagenes.com\/wp-content\/uploads\/2025\/03\/Mobile-Trading-Scene4.jpg 400w, https:\/\/subirimagenes.com\/wp-content\/uploads\/2025\/03\/Mobile-Trading-Scene4-300x168.jpg 300w\" sizes=\"auto, (max-width: 400px) 100vw, 400px\" title=\"\"><\/figure>\n\n<h2 class=\"gb-headline gb-headline-d93a0e50 gb-headline-text\"><a href=\"https:\/\/subirimagenes.com\/pt-br\/opiniones\/ethereum-cormax-review\/\">Explorando K00410: Inova&ccedil;&atilde;o e Seguran&ccedil;a na Negocia&ccedil;&atilde;o de Criptomoedas<\/a><\/h2>\n\n<p class=\"gb-headline gb-headline-91438a09 gb-headline-text\"><time class=\"entry-date updated-date\" datetime=\"2025-05-28T08:55:29+00:00\">maio 28, 2025<\/time><\/p>\n\n<p class=\"gb-headline gb-headline-2ce5d081 gb-headline-text\"><a href=\"https:\/\/subirimagenes.com\/pt-br\/opiniones\/ethereum-cormax-review\/\">Como analista financeiro com mais de uma d&eacute;cada de experi&ecirc;ncia no mundo vol&aacute;til das criptomoedas e detentor do certificado CFA, trago a voc&ecirc;s uma explora&ccedil;&atilde;o apoiada por especialistas do K00410 conforme avan&ccedil;amos em dire&ccedil;&atilde;o a 2025.<\/a><\/p>\n<\/div><\/div><\/div>\n\n<div class=\"gb-grid-column gb-grid-column-2c852e9e gb-query-loop-item post-29151 opinion type-opinion status-publish has-post-thumbnail hentry\"><div class=\"gb-container gb-container-2c852e9e\"><div class=\"gb-inside-container\">\n<figure class=\"gb-block-image gb-block-image-be53bd63\"><img loading=\"lazy\" decoding=\"async\" width=\"400\" height=\"224\" src=\"https:\/\/subirimagenes.com\/wp-content\/uploads\/2025\/03\/Online-Tranding2.jpg\" class=\"gb-image-be53bd63\" alt=\"Trading M&oacute;vil con Estilo\" srcset=\"https:\/\/subirimagenes.com\/wp-content\/uploads\/2025\/03\/Online-Tranding2.jpg 400w, https:\/\/subirimagenes.com\/wp-content\/uploads\/2025\/03\/Online-Tranding2-300x168.jpg 300w\" sizes=\"auto, (max-width: 400px) 100vw, 400px\" title=\"\"><\/figure>\n\n<h2 class=\"gb-headline gb-headline-d93a0e50 gb-headline-text\"><a href=\"https:\/\/subirimagenes.com\/pt-br\/opiniones\/ethereum-cormax\/\">K00409: Revolucionando a negocia&ccedil;&atilde;o de criptomoedas com tecnologia avan&ccedil;ada<\/a><\/h2>\n\n<p class=\"gb-headline gb-headline-91438a09 gb-headline-text\"><time class=\"entry-date updated-date\" datetime=\"2025-05-28T09:04:30+00:00\">maio 28, 2025<\/time><\/p>\n\n<p class=\"gb-headline gb-headline-2ce5d081 gb-headline-text\"><a href=\"https:\/\/subirimagenes.com\/pt-br\/opiniones\/ethereum-cormax\/\">Estou genuinamente impressionado com o progresso do K00409 enquanto eles se preparam para 2025.<\/a><\/p>\n<\/div><\/div><\/div>\n<\/div>\n\n\n\n<div class=\"gb-grid-wrapper gb-grid-wrapper-3d06c979 horiz-scroll gb-query-loop-wrapper\">\n<div class=\"gb-grid-column gb-grid-column-31473bbb gb-query-loop-item post-29109 opinion type-opinion status-publish has-post-thumbnail hentry\"><div class=\"gb-container gb-container-31473bbb\"><div class=\"gb-inside-container\">\n<figure class=\"gb-block-image gb-block-image-d940573e\"><img loading=\"lazy\" decoding=\"async\" width=\"400\" height=\"224\" src=\"https:\/\/subirimagenes.com\/wp-content\/uploads\/2025\/03\/Online-Tranding-Charts18.jpg\" class=\"gb-image-d940573e\" alt=\"Trading Nocturno en Ciudad\" srcset=\"https:\/\/subirimagenes.com\/wp-content\/uploads\/2025\/03\/Online-Tranding-Charts18.jpg 400w, https:\/\/subirimagenes.com\/wp-content\/uploads\/2025\/03\/Online-Tranding-Charts18-300x168.jpg 300w\" sizes=\"auto, (max-width: 400px) 100vw, 400px\" title=\"\"><\/figure>\n\n<h2 class=\"gb-headline gb-headline-af2754b5 gb-headline-text\"><a href=\"https:\/\/subirimagenes.com\/pt-br\/opiniones\/instant-akpro-app\/\">Explorando K00403: Uma Nova Era na Negocia&ccedil;&atilde;o de Criptomoedas<\/a><\/h2>\n\n<p class=\"gb-headline gb-headline-501f368a gb-headline-text\"><time class=\"entry-date updated-date\" datetime=\"2025-05-26T11:56:14+00:00\">maio 26, 2025<\/time><\/p>\n\n<p class=\"gb-headline gb-headline-055e6d00 gb-headline-text\"><a href=\"https:\/\/subirimagenes.com\/pt-br\/opiniones\/instant-akpro-app\/\">Como analista financeiro experiente com mais de uma d&eacute;cada de experi&ecirc;ncia em estrat&eacute;gias de investimento e um Analista Financeiro Credenciado (CFA) certificado, estou aqui para lan&ccedil;ar luz sobre o mundo intrigante do K00403 &mdash; uma plataforma que capturou a aten&ccedil;&atilde;o de investidores novatos e experientes. <\/a><\/p>\n<\/div><\/div><\/div>\n\n<div class=\"gb-grid-column gb-grid-column-31473bbb gb-query-loop-item post-29113 opinion type-opinion status-publish has-post-thumbnail hentry\"><div class=\"gb-container gb-container-31473bbb\"><div class=\"gb-inside-container\">\n<figure class=\"gb-block-image gb-block-image-d940573e\"><img loading=\"lazy\" decoding=\"async\" width=\"400\" height=\"224\" src=\"https:\/\/subirimagenes.com\/wp-content\/uploads\/2025\/03\/Vivid-Trading-Phone-Screen11.jpg\" class=\"gb-image-d940573e\" alt=\"Pantalla v&iacute;vida del tel&eacute;fono comercial\" srcset=\"https:\/\/subirimagenes.com\/wp-content\/uploads\/2025\/03\/Vivid-Trading-Phone-Screen11.jpg 400w, https:\/\/subirimagenes.com\/wp-content\/uploads\/2025\/03\/Vivid-Trading-Phone-Screen11-300x168.jpg 300w\" sizes=\"auto, (max-width: 400px) 100vw, 400px\" title=\"\"><\/figure>\n\n<h2 class=\"gb-headline gb-headline-af2754b5 gb-headline-text\"><a href=\"https:\/\/subirimagenes.com\/pt-br\/opiniones\/instant-akpro-review\/\">Descubra K00402: Inova&ccedil;&atilde;o em Negocia&ccedil;&atilde;o de Criptomoedas com IA<\/a><\/h2>\n\n<p class=\"gb-headline gb-headline-501f368a gb-headline-text\"><time class=\"entry-date updated-date\" datetime=\"2025-05-26T12:02:32+00:00\">maio 26, 2025<\/time><\/p>\n\n<p class=\"gb-headline gb-headline-055e6d00 gb-headline-text\"><a href=\"https:\/\/subirimagenes.com\/pt-br\/opiniones\/instant-akpro-review\/\">Como analista financeiro com mais de uma d&eacute;cada de experi&ecirc;ncia e detentor do certificado CFA, mergulhei nas complexidades dos mercados financeiros, estruturas regulat&oacute;rias e estrat&eacute;gias de investimento.<\/a><\/p>\n<\/div><\/div><\/div>\n\n<div class=\"gb-grid-column gb-grid-column-31473bbb gb-query-loop-item post-29117 opinion type-opinion status-publish has-post-thumbnail hentry\"><div class=\"gb-container gb-container-31473bbb\"><div class=\"gb-inside-container\">\n<figure class=\"gb-block-image gb-block-image-d940573e\"><img loading=\"lazy\" decoding=\"async\" width=\"400\" height=\"224\" src=\"https:\/\/subirimagenes.com\/wp-content\/uploads\/2025\/03\/Mobile-Trading-Scene10.jpg\" class=\"gb-image-d940573e\" alt=\"Detalles de Trading en M&oacute;vil\" srcset=\"https:\/\/subirimagenes.com\/wp-content\/uploads\/2025\/03\/Mobile-Trading-Scene10.jpg 400w, https:\/\/subirimagenes.com\/wp-content\/uploads\/2025\/03\/Mobile-Trading-Scene10-300x168.jpg 300w\" sizes=\"auto, (max-width: 400px) 100vw, 400px\" title=\"\"><\/figure>\n\n<h2 class=\"gb-headline gb-headline-af2754b5 gb-headline-text\"><a href=\"https:\/\/subirimagenes.com\/pt-br\/opiniones\/instant-akpro\/\">Maximize seus investimentos em criptomoedas com K00401: Tecnologia avan&ccedil;ada a servi&ccedil;o do trader<\/a><\/h2>\n\n<p class=\"gb-headline gb-headline-501f368a gb-headline-text\"><time class=\"entry-date updated-date\" datetime=\"2025-05-26T12:22:45+00:00\">maio 26, 2025<\/time><\/p>\n\n<p class=\"gb-headline gb-headline-055e6d00 gb-headline-text\"><a href=\"https:\/\/subirimagenes.com\/pt-br\/opiniones\/instant-akpro\/\">Bem-vindo ao nosso blog Financial Insights, onde nossa equipe, com anos de experi&ecirc;ncia no setor financeiro e credenciais not&aacute;veis como as designa&ccedil;&otilde;es CFA e CPA, se aprofunda nas complexidades do investimento moderno. <\/a><\/p>\n<\/div><\/div><\/div>\n<\/div>\n\n\n<div class=\"gb-container gb-container-a4ffdef4\">\n\n<a class=\"gb-button gb-button-96f3da68 gb-button-text\" href=\"https:\/\/subirimagenes.com\/pt-br\/opiniones\/\">Leia mais<\/a>\n\n<\/div>\n<\/div>\n<\/div><div class=\"gb-container gb-container-2dce6048\">\n<div class=\"gb-container gb-container-9712d26d\">\n\n<!-- TradingView Widget BEGIN -->\n<div class=\"tradingview-widget-container\">\n  <div class=\"tradingview-widget-container__widget\"><\/div>\n  <div class=\"tradingview-widget-copyright\"><a href=\"https:\/\/www.tradingview.com\/pt-br\/\" rel=\"noopener nofollow\" target=\"_blank\"><span class=\"blue-text\">Acompanhe todos os mercados no TradingView<\/span><\/a><\/div>\n  <script type=\"text\/javascript\" src=\"https:\/\/s3.tradingview.com\/external-embedding\/embed-widget-screener.js\" async=\"\">\n  {\n  \"width\": \"100%\",\n  \"height\": 550,\n  \"defaultColumn\": \"overview\",\n  \"screener_type\": \"crypto_mkt\",\n  \"displayCurrency\": \"USD\",\n  \"colorTheme\": \"light\",\n  \"locale\": \"en\"\n}\n  <\/script>\n<\/div>\n<!-- TradingView Widget END -->\n\n<\/div>\n<\/div><div class=\"gb-container gb-container-2c2975c1\">\n<div class=\"gb-container gb-container-d660a243\">\n\n<h2 class=\"gb-headline gb-headline-c7c3ab44 gb-headline-text\">Explore mais com a Subirimagenes<\/h2>\n\n\n\n<p class=\"has-text-align-left\">Voc&ecirc; est&aacute; pronto para se aprofundar? Confira nossos artigos, an&aacute;lises e atualiza&ccedil;&otilde;es mais recentes. Mantenha-se informado e &agrave; frente da curva a cada passo do caminho.  <\/p>\n\n\n<div class=\"gb-container gb-container-4cfcd491\">\n\n<a class=\"gb-button gb-button-a3e66479 gb-button-text\" href=\"https:\/\/subirimagenes.com\/pt-br\/opiniones\/\">Ver todas as opini&otilde;es<\/a>\n\n<\/div>\n<\/div>\n<\/div>\n","protected":false},"excerpt":{"rendered":"<p> &#8230; <a title=\"P\u00e1gina inicial\" class=\"read-more\" href=\"https:\/\/subirimagenes.com\/pt-br\/\" aria-label=\"Read more about P\u00e1gina inicial\">Leia mais<\/a><\/p>\n","protected":false},"author":1,"featured_media":0,"parent":0,"menu_order":0,"comment_status":"closed","ping_status":"closed","template":"","meta":{"footnotes":""},"class_list":["post-6485","page","type-page","status-publish"],"rank_math_title":"\u00daltimas not\u00edcias de tecnologia, atualiza\u00e7\u00f5es financeiras e perspectivas de criptomoedas | Subirimagenes","rank_math_description":"Fique \u00e0 frente da curva com o Subirimagenes. Receba as \u00faltimas not\u00edcias sobre tecnologia, atualiza\u00e7\u00f5es financeiras detalhadas e percep\u00e7\u00f5es sobre criptomoedas. Todas as tend\u00eancias e an\u00e1lises de que voc\u00ea precisa, em um s\u00f3 lugar.  ","rank_math_focus_keyword":"","_links":{"self":[{"href":"https:\/\/subirimagenes.com\/pt-br\/wp-json\/wp\/v2\/pages\/6485","targetHints":{"allow":["GET"]}}],"collection":[{"href":"https:\/\/subirimagenes.com\/pt-br\/wp-json\/wp\/v2\/pages"}],"about":[{"href":"https:\/\/subirimagenes.com\/pt-br\/wp-json\/wp\/v2\/types\/page"}],"author":[{"embeddable":true,"href":"https:\/\/subirimagenes.com\/pt-br\/wp-json\/wp\/v2\/users\/1"}],"replies":[{"embeddable":true,"href":"https:\/\/subirimagenes.com\/pt-br\/wp-json\/wp\/v2\/comments?post=6485"}],"version-history":[{"count":0,"href":"https:\/\/subirimagenes.com\/pt-br\/wp-json\/wp\/v2\/pages\/6485\/revisions"}],"wp:attachment":[{"href":"https:\/\/subirimagenes.com\/pt-br\/wp-json\/wp\/v2\/media?parent=6485"}],"curies":[{"name":"wp","href":"https:\/\/api.w.org\/{rel}","templated":true}]}}