{"id":10926,"date":"2022-11-09T13:36:34","date_gmt":"2022-11-09T13:36:34","guid":{"rendered":"https:\/\/subirimagenes.com\/ana-sayfa\/"},"modified":"2025-01-07T07:50:04","modified_gmt":"2025-01-07T07:50:04","slug":"home","status":"publish","type":"page","link":"https:\/\/subirimagenes.com\/tr\/","title":{"rendered":"Ana Sayfa"},"content":{"rendered":"<?xml encoding=\"UTF-8\"><div class=\"gb-container gb-container-f46336a7\">\n<div class=\"gb-container gb-container-0f729179\">\n\n<h1 class=\"gb-headline gb-headline-0fb016dd gb-headline-text\">Teknoloji, finans ve kripto para birimlerindeki en son trendleri ke&#351;fedin<\/h1>\n\n<\/div>\n<\/div><div class=\"gb-container gb-container-bc27c5ad\">\n<div class=\"gb-container gb-container-0abaad4a\">\n<div class=\"gb-grid-wrapper gb-grid-wrapper-ea893e33\">\n<div class=\"gb-grid-column gb-grid-column-0349097c\"><div class=\"gb-container gb-container-0349097c\">\n\n<h2 class=\"gb-headline gb-headline-4c890917 gb-headline-text\">Teknoloji, finans ve kripto para birimleri i&ccedil;in referans kayna&#287;&#305;n&#305;z<\/h2>\n\n\n\n<p>Subirimagenes&rsquo;e ho&#351; geldiniz. Burada teknoloji, finans ve kripto para birimleri hakk&#305;nda en son haberleri ve incelemeleri bulacaks&#305;n&#305;z. Her &#351;eyi basit ve takip etmesi kolay hale getirmeyi ama&ccedil;l&#305;yoruz. Teknoloji d&uuml;nyas&#305;nda neler olup bitti&#287;ini bilmek ister misiniz? En son piyasa trendlerini veya kripto para g&uuml;ncellemelerini merak ediyor musunuz? Yard&#305;m etmek i&ccedil;in buraday&#305;z. Sa&ccedil;mal&#305;k yok, s&uuml;sl&uuml; konu&#351;malar yok, sadece kullanabilece&#287;iniz ger&ccedil;ek &#351;eyler. &#304;ster g&uuml;ncel kalmak ister yeni bir &#351;eyler &ouml;&#287;renmek i&ccedil;in burada olun, do&#287;ru yerdesiniz. Etraf&#305;n&#305;za bir g&ouml;z at&#305;n, incelemelerimize g&ouml;z at&#305;n ve bug&uuml;n teknoloji ve finans alan&#305;nda nelerin s&#305;cak oldu&#287;unu &ouml;&#287;renin. Hadi ba&#351;layal&#305;m.         <\/p>\n\n<\/div><\/div>\n\n<div class=\"gb-grid-column gb-grid-column-c3314f44\"><div class=\"gb-container gb-container-c3314f44\">\n\n<figure class=\"gb-block-image gb-block-image-3739947e\"><img loading=\"lazy\" decoding=\"async\" width=\"1000\" height=\"667\" class=\"gb-image gb-image-3739947e\" src=\"https:\/\/subirimagenes.com\/wp-content\/uploads\/2025\/01\/Subirimage-01.jpg\" alt=\"Subirimagenes. Teknoloji, finans ve kripto para birimleri i&ccedil;in referans kayna&#287;&#305;n&#305;z.\" title=\"Subirimagenes. Teknoloji, finans ve kripto para birimleri i&ccedil;in referans kayna&#287;&#305;n&#305;z.\" srcset=\"https:\/\/subirimagenes.com\/wp-content\/uploads\/2025\/01\/Subirimage-01.jpg 1000w, https:\/\/subirimagenes.com\/wp-content\/uploads\/2025\/01\/Subirimage-01-300x200.jpg 300w, https:\/\/subirimagenes.com\/wp-content\/uploads\/2025\/01\/Subirimage-01-768x512.jpg 768w\" sizes=\"auto, (max-width: 1000px) 100vw, 1000px\"><\/figure>\n\n<\/div><\/div>\n<\/div>\n<\/div>\n<\/div><div class=\"gb-container gb-container-cf968e59\">\n<div class=\"gb-container gb-container-520775e4\">\n\n<h2 class=\"gb-headline gb-headline-24474f4f gb-headline-text\">Son yorumlar<\/h2>\n\n\n\n<div class=\"gb-grid-wrapper gb-grid-wrapper-2af8c289 horiz-scroll gb-query-loop-wrapper\">\n<div class=\"gb-grid-column gb-grid-column-2c852e9e gb-query-loop-item post-29144 opinion type-opinion status-publish has-post-thumbnail hentry\"><div class=\"gb-container gb-container-2c852e9e\"><div class=\"gb-inside-container\">\n<figure class=\"gb-block-image gb-block-image-be53bd63\"><img loading=\"lazy\" decoding=\"async\" width=\"400\" height=\"224\" src=\"https:\/\/subirimagenes.com\/wp-content\/uploads\/2025\/03\/Mobile-Trading-Scene3.jpg\" class=\"gb-image-be53bd63\" alt=\"An&aacute;lisis Burs&aacute;til en Tr&aacute;nsito\" srcset=\"https:\/\/subirimagenes.com\/wp-content\/uploads\/2025\/03\/Mobile-Trading-Scene3.jpg 400w, https:\/\/subirimagenes.com\/wp-content\/uploads\/2025\/03\/Mobile-Trading-Scene3-300x168.jpg 300w\" sizes=\"auto, (max-width: 400px) 100vw, 400px\" title=\"\"><\/figure>\n\n<h2 class=\"gb-headline gb-headline-d93a0e50 gb-headline-text\"><a href=\"https:\/\/subirimagenes.com\/tr\/opiniones\/ethereum-cormax-app\/\">K00411&rsquo;i Ke&#351;fetmek: Kripto Para Ticareti Alan&#305;nda Yenilik ve Performans<\/a><\/h2>\n\n<p class=\"gb-headline gb-headline-91438a09 gb-headline-text\"><time class=\"entry-date updated-date\" datetime=\"2025-05-28T08:50:22+00:00\">May&#305;s 28, 2025<\/time><\/p>\n\n<p class=\"gb-headline gb-headline-2ce5d081 gb-headline-text\"><a href=\"https:\/\/subirimagenes.com\/tr\/opiniones\/ethereum-cormax-app\/\">Yat&#305;r&#305;m sekt&ouml;r&uuml;nde on y&#305;l&#305; a&#351;k&#305;n deneyime sahip deneyimli bir finans analisti olarak, y&uuml;ksek getiri iddialar&#305; ve geli&#351;mi&#351; algoritmalar&#305;yla ilgi oda&#287;&#305; olan bir platform olan K00411&rsquo;in 2025 y&#305;l&#305;na ili&#351;kin derinlemesine bir bak&#305;&#351; a&ccedil;&#305;s&#305; sunuyorum. <\/a><\/p>\n<\/div><\/div><\/div>\n\n<div class=\"gb-grid-column gb-grid-column-2c852e9e gb-query-loop-item post-29148 opinion type-opinion status-publish has-post-thumbnail hentry\"><div class=\"gb-container gb-container-2c852e9e\"><div class=\"gb-inside-container\">\n<figure class=\"gb-block-image gb-block-image-be53bd63\"><img loading=\"lazy\" decoding=\"async\" width=\"400\" height=\"224\" src=\"https:\/\/subirimagenes.com\/wp-content\/uploads\/2025\/03\/Mobile-Trading-Scene4.jpg\" class=\"gb-image-be53bd63\" alt=\"Trading Futurista en M&oacute;vil\" srcset=\"https:\/\/subirimagenes.com\/wp-content\/uploads\/2025\/03\/Mobile-Trading-Scene4.jpg 400w, https:\/\/subirimagenes.com\/wp-content\/uploads\/2025\/03\/Mobile-Trading-Scene4-300x168.jpg 300w\" sizes=\"auto, (max-width: 400px) 100vw, 400px\" title=\"\"><\/figure>\n\n<h2 class=\"gb-headline gb-headline-d93a0e50 gb-headline-text\"><a href=\"https:\/\/subirimagenes.com\/tr\/opiniones\/ethereum-cormax-review\/\">K00410&rsquo;u Ke&#351;fetmek: Kripto Para Ticaretinde Yenilik ve G&uuml;venlik<\/a><\/h2>\n\n<p class=\"gb-headline gb-headline-91438a09 gb-headline-text\"><time class=\"entry-date updated-date\" datetime=\"2025-05-28T08:55:55+00:00\">May&#305;s 28, 2025<\/time><\/p>\n\n<p class=\"gb-headline gb-headline-2ce5d081 gb-headline-text\"><a href=\"https:\/\/subirimagenes.com\/tr\/opiniones\/ethereum-cormax-review\/\">Kripto paralar&#305;n de&#287;i&#351;ken d&uuml;nyas&#305;nda on y&#305;l&#305; a&#351;k&#305;n deneyime sahip bir finans analisti ve CFA sertifikas&#305; sahibi olarak, 2025&rsquo;e do&#287;ru ilerlerken size K00410&rsquo;un uzman destekli bir incelemesini sunuyorum.<\/a><\/p>\n<\/div><\/div><\/div>\n\n<div class=\"gb-grid-column gb-grid-column-2c852e9e gb-query-loop-item post-29152 opinion type-opinion status-publish has-post-thumbnail hentry\"><div class=\"gb-container gb-container-2c852e9e\"><div class=\"gb-inside-container\">\n<figure class=\"gb-block-image gb-block-image-be53bd63\"><img loading=\"lazy\" decoding=\"async\" width=\"400\" height=\"224\" src=\"https:\/\/subirimagenes.com\/wp-content\/uploads\/2025\/03\/Online-Tranding2.jpg\" class=\"gb-image-be53bd63\" alt=\"Trading M&oacute;vil con Estilo\" srcset=\"https:\/\/subirimagenes.com\/wp-content\/uploads\/2025\/03\/Online-Tranding2.jpg 400w, https:\/\/subirimagenes.com\/wp-content\/uploads\/2025\/03\/Online-Tranding2-300x168.jpg 300w\" sizes=\"auto, (max-width: 400px) 100vw, 400px\" title=\"\"><\/figure>\n\n<h2 class=\"gb-headline gb-headline-d93a0e50 gb-headline-text\"><a href=\"https:\/\/subirimagenes.com\/tr\/opiniones\/ethereum-cormax\/\">K00409: Geli&#351;mi&#351; Teknolojiyle Kripto Para Ticareti Devrim Yarat&#305;yor<\/a><\/h2>\n\n<p class=\"gb-headline gb-headline-91438a09 gb-headline-text\"><time class=\"entry-date updated-date\" datetime=\"2025-05-28T09:04:30+00:00\">May&#305;s 28, 2025<\/time><\/p>\n\n<p class=\"gb-headline gb-headline-2ce5d081 gb-headline-text\"><a href=\"https:\/\/subirimagenes.com\/tr\/opiniones\/ethereum-cormax\/\">K00409&rsquo;un 2025&rsquo;e haz&#305;rlan&#305;rken kaydetti&#287;i ilerlemeden ger&ccedil;ekten etkilendim.<\/a><\/p>\n<\/div><\/div><\/div>\n<\/div>\n\n\n\n<div class=\"gb-grid-wrapper gb-grid-wrapper-3d06c979 horiz-scroll gb-query-loop-wrapper\">\n<div class=\"gb-grid-column gb-grid-column-31473bbb gb-query-loop-item post-29110 opinion type-opinion status-publish has-post-thumbnail hentry\"><div class=\"gb-container gb-container-31473bbb\"><div class=\"gb-inside-container\">\n<figure class=\"gb-block-image gb-block-image-d940573e\"><img loading=\"lazy\" decoding=\"async\" width=\"400\" height=\"224\" src=\"https:\/\/subirimagenes.com\/wp-content\/uploads\/2025\/03\/Online-Tranding-Charts18.jpg\" class=\"gb-image-d940573e\" alt=\"Trading Nocturno en Ciudad\" srcset=\"https:\/\/subirimagenes.com\/wp-content\/uploads\/2025\/03\/Online-Tranding-Charts18.jpg 400w, https:\/\/subirimagenes.com\/wp-content\/uploads\/2025\/03\/Online-Tranding-Charts18-300x168.jpg 300w\" sizes=\"auto, (max-width: 400px) 100vw, 400px\" title=\"\"><\/figure>\n\n<h2 class=\"gb-headline gb-headline-af2754b5 gb-headline-text\"><a href=\"https:\/\/subirimagenes.com\/tr\/opiniones\/instant-akpro-app\/\">K00403&rsquo;&uuml; Ke&#351;fetmek: Kripto Para Ticaretinde Yeni Bir D&ouml;nem<\/a><\/h2>\n\n<p class=\"gb-headline gb-headline-501f368a gb-headline-text\"><time class=\"entry-date updated-date\" datetime=\"2025-05-26T11:56:50+00:00\">May&#305;s 26, 2025<\/time><\/p>\n\n<p class=\"gb-headline gb-headline-055e6d00 gb-headline-text\"><a href=\"https:\/\/subirimagenes.com\/tr\/opiniones\/instant-akpro-app\/\">Yat&#305;r&#305;m stratejileri konusunda on y&#305;l&#305; a&#351;k&#305;n deneyime sahip deneyimli bir finans analisti ve sertifikal&#305; Chartered Financial Analyst (CFA) olarak, hem yeni ba&#351;layanlar&#305;n hem de deneyimli yat&#305;r&#305;mc&#305;lar&#305;n dikkatini &ccedil;eken bir platform olan K00403&rsquo;&uuml;n ilgi &ccedil;ekici d&uuml;nyas&#305;na &#305;&#351;&#305;k tutmak i&ccedil;in buraday&#305;m. <\/a><\/p>\n<\/div><\/div><\/div>\n\n<div class=\"gb-grid-column gb-grid-column-31473bbb gb-query-loop-item post-29114 opinion type-opinion status-publish has-post-thumbnail hentry\"><div class=\"gb-container gb-container-31473bbb\"><div class=\"gb-inside-container\">\n<figure class=\"gb-block-image gb-block-image-d940573e\"><img loading=\"lazy\" decoding=\"async\" width=\"400\" height=\"224\" src=\"https:\/\/subirimagenes.com\/wp-content\/uploads\/2025\/03\/Vivid-Trading-Phone-Screen11.jpg\" class=\"gb-image-d940573e\" alt=\"Pantalla v&iacute;vida del tel&eacute;fono comercial\" srcset=\"https:\/\/subirimagenes.com\/wp-content\/uploads\/2025\/03\/Vivid-Trading-Phone-Screen11.jpg 400w, https:\/\/subirimagenes.com\/wp-content\/uploads\/2025\/03\/Vivid-Trading-Phone-Screen11-300x168.jpg 300w\" sizes=\"auto, (max-width: 400px) 100vw, 400px\" title=\"\"><\/figure>\n\n<h2 class=\"gb-headline gb-headline-af2754b5 gb-headline-text\"><a href=\"https:\/\/subirimagenes.com\/tr\/opiniones\/instant-akpro-review\/\">K00402&rsquo;yi ke&#351;fedin: Yapay Zeka ile Kripto Para Ticareti&rsquo;nde Yenilik<\/a><\/h2>\n\n<p class=\"gb-headline gb-headline-501f368a gb-headline-text\"><time class=\"entry-date updated-date\" datetime=\"2025-05-26T12:03:58+00:00\">May&#305;s 26, 2025<\/time><\/p>\n\n<p class=\"gb-headline gb-headline-055e6d00 gb-headline-text\"><a href=\"https:\/\/subirimagenes.com\/tr\/opiniones\/instant-akpro-review\/\">On y&#305;l&#305; a&#351;k&#305;n deneyime sahip bir finans analisti ve CFA sertifikal&#305; olarak, finans piyasalar&#305;n&#305;n inceliklerini, d&uuml;zenleyici &ccedil;er&ccedil;eveleri ve yat&#305;r&#305;m stratejilerini derinlemesine inceledim.<\/a><\/p>\n<\/div><\/div><\/div>\n\n<div class=\"gb-grid-column gb-grid-column-31473bbb gb-query-loop-item post-29118 opinion type-opinion status-publish has-post-thumbnail hentry\"><div class=\"gb-container gb-container-31473bbb\"><div class=\"gb-inside-container\">\n<figure class=\"gb-block-image gb-block-image-d940573e\"><img loading=\"lazy\" decoding=\"async\" width=\"400\" height=\"224\" src=\"https:\/\/subirimagenes.com\/wp-content\/uploads\/2025\/03\/Mobile-Trading-Scene10.jpg\" class=\"gb-image-d940573e\" alt=\"Detalles de Trading en M&oacute;vil\" srcset=\"https:\/\/subirimagenes.com\/wp-content\/uploads\/2025\/03\/Mobile-Trading-Scene10.jpg 400w, https:\/\/subirimagenes.com\/wp-content\/uploads\/2025\/03\/Mobile-Trading-Scene10-300x168.jpg 300w\" sizes=\"auto, (max-width: 400px) 100vw, 400px\" title=\"\"><\/figure>\n\n<h2 class=\"gb-headline gb-headline-af2754b5 gb-headline-text\"><a href=\"https:\/\/subirimagenes.com\/tr\/opiniones\/instant-akpro\/\">K00401 ile Kripto Yat&#305;r&#305;mlar&#305;n&#305;z&#305; Maksimize Edin: Yat&#305;r&#305;mc&#305;n&#305;n Hizmetindeki Geli&#351;mi&#351; Teknoloji<\/a><\/h2>\n\n<p class=\"gb-headline gb-headline-501f368a gb-headline-text\"><time class=\"entry-date updated-date\" datetime=\"2025-05-26T12:22:45+00:00\">May&#305;s 26, 2025<\/time><\/p>\n\n<p class=\"gb-headline gb-headline-055e6d00 gb-headline-text\"><a href=\"https:\/\/subirimagenes.com\/tr\/opiniones\/instant-akpro\/\">Finans sekt&ouml;r&uuml;nde uzun y&#305;llara dayanan deneyime ve CFA ve CPA gibi &ouml;nemli belgelere sahip ekibimizin, modern yat&#305;r&#305;m&#305;n inceliklerini derinlemesine inceledi&#287;i Finansal G&ouml;r&uuml;&#351;ler blogumuza ho&#351; geldiniz. <\/a><\/p>\n<\/div><\/div><\/div>\n<\/div>\n\n\n<div class=\"gb-container gb-container-a4ffdef4\">\n\n<a class=\"gb-button gb-button-96f3da68 gb-button-text\" href=\"https:\/\/subirimagenes.com\/tr\/opiniones\/\">Daha fazla bilgi edinin<\/a>\n\n<\/div>\n<\/div>\n<\/div><div class=\"gb-container gb-container-2dce6048\">\n<div class=\"gb-container gb-container-9712d26d\">\n\n<!-- TradingView Widget BEGIN -->\n<div class=\"tradingview-widget-container\">\n  <div class=\"tradingview-widget-container__widget\"><\/div>\n  <div class=\"tradingview-widget-copyright\"><a href=\"https:\/\/www.tradingview.com\/tr\/\" rel=\"noopener nofollow\" target=\"_blank\"><span class=\"blue-text\">TradingView&rsquo;de t&uuml;m piyasalar&#305; takip edin<\/span><\/a><\/div>\n  <script type=\"text\/javascript\" src=\"https:\/\/s3.tradingview.com\/external-embedding\/embed-widget-screener.js\" async=\"\">\n  {\n  \"width\": \"100%\",\n  \"height\": 550,\n  \"defaultColumn\": \"overview\",\n  \"screener_type\": \"crypto_mkt\",\n  \"displayCurrency\": \"USD\",\n  \"colorTheme\": \"light\",\n  \"locale\": \"en\"\n}\n  <\/script>\n<\/div>\n<!-- TradingView Widget END -->\n\n<\/div>\n<\/div><div class=\"gb-container gb-container-2c2975c1\">\n<div class=\"gb-container gb-container-d660a243\">\n\n<h2 class=\"gb-headline gb-headline-c7c3ab44 gb-headline-text\">Subirimagenes ile daha fazlas&#305;n&#305; ke&#351;fedin<\/h2>\n\n\n\n<p class=\"has-text-align-left\">Daha derine inmeye haz&#305;r m&#305;s&#305;n&#305;z? En son makalelerimize, incelemelerimize ve g&uuml;ncellemelerimize g&ouml;z at&#305;n. Her ad&#305;mda bilgi sahibi olun ve e&#287;rinin &ouml;n&uuml;nde olun.  <\/p>\n\n\n<div class=\"gb-container gb-container-4cfcd491\">\n\n<a class=\"gb-button gb-button-a3e66479 gb-button-text\" href=\"https:\/\/subirimagenes.com\/tr\/opiniones\/\">T&uuml;m g&ouml;r&uuml;&#351;leri g&ouml;r&uuml;n<\/a>\n\n<\/div>\n<\/div>\n<\/div>\n","protected":false},"excerpt":{"rendered":"<p> &#8230; <a title=\"Ana Sayfa\" class=\"read-more\" href=\"https:\/\/subirimagenes.com\/tr\/\" aria-label=\"Read more about Ana Sayfa\">Read more<\/a><\/p>\n","protected":false},"author":1,"featured_media":0,"parent":0,"menu_order":0,"comment_status":"closed","ping_status":"closed","template":"","meta":{"footnotes":""},"class_list":["post-10926","page","type-page","status-publish"],"rank_math_title":"En son teknoloji haberleri, finansal g\u00fcncellemeler ve kripto para birimi g\u00f6r\u00fcn\u00fcm\u00fc | Subirimagenes","rank_math_description":"Subirimagenes ile bir ad\u0131m \u00f6nde olun. En son teknoloji haberlerini, ayr\u0131nt\u0131l\u0131 finansal g\u00fcncellemeleri ve kripto para birimi i\u00e7g\u00f6r\u00fclerini al\u0131n. \u0130htiyac\u0131n\u0131z olan t\u00fcm trendler ve incelemeler tek bir yerde.  ","rank_math_focus_keyword":"","_links":{"self":[{"href":"https:\/\/subirimagenes.com\/tr\/wp-json\/wp\/v2\/pages\/10926","targetHints":{"allow":["GET"]}}],"collection":[{"href":"https:\/\/subirimagenes.com\/tr\/wp-json\/wp\/v2\/pages"}],"about":[{"href":"https:\/\/subirimagenes.com\/tr\/wp-json\/wp\/v2\/types\/page"}],"author":[{"embeddable":true,"href":"https:\/\/subirimagenes.com\/tr\/wp-json\/wp\/v2\/users\/1"}],"replies":[{"embeddable":true,"href":"https:\/\/subirimagenes.com\/tr\/wp-json\/wp\/v2\/comments?post=10926"}],"version-history":[{"count":0,"href":"https:\/\/subirimagenes.com\/tr\/wp-json\/wp\/v2\/pages\/10926\/revisions"}],"wp:attachment":[{"href":"https:\/\/subirimagenes.com\/tr\/wp-json\/wp\/v2\/media?parent=10926"}],"curies":[{"name":"wp","href":"https:\/\/api.w.org\/{rel}","templated":true}]}}