{"id":22626,"date":"2025-01-03T11:27:36","date_gmt":"2025-01-03T11:27:36","guid":{"rendered":"https:\/\/subirimagenes.com\/gorusler\/"},"modified":"2025-01-03T12:36:22","modified_gmt":"2025-01-03T12:36:22","slug":"opiniones","status":"publish","type":"page","link":"https:\/\/subirimagenes.com\/tr\/opiniones\/","title":{"rendered":"G\u00f6r\u00fc\u015fler"},"content":{"rendered":"<?xml encoding=\"UTF-8\"><div class=\"gb-container gb-container-622264d6\">\n<div class=\"gb-container gb-container-925e4f42\">\n\n<h1 class=\"gb-headline gb-headline-af849a97 gb-headline-text\">En iyi ticaret platformlar&#305;n&#305;, kripto para ara&ccedil;lar&#305;n&#305; ve ticaret robotlar&#305;n&#305; bulun<\/h1>\n\n<\/div>\n<\/div><div class=\"gb-container gb-container-815df75d\">\n<nav aria-label=\"breadcrumbs\" class=\"rank-math-breadcrumb\"><p><span class=\"last\">Ana sayfa<\/span><\/p><\/nav>\n\n<\/div><div class=\"gb-container gb-container-2d1b3c11\">\n<div class=\"gb-container gb-container-7a26a69c\">\n\n<p class=\"gb-headline gb-headline-4d55ef54 gb-headline-text\">Do&#287;ru ticaret ara&ccedil;lar&#305;n&#305; m&#305; ar&#305;yorsunuz? Do&#287;ru yere geldiniz. Burada al&#305;m sat&#305;m platformlar&#305;, kripto para al&#305;m sat&#305;m platformlar&#305; ve al&#305;m sat&#305;m robotlar&#305; hakk&#305;nda d&uuml;r&uuml;st incelemeler bulacaks&#305;n&#305;z. Anla&#351;&#305;lmas&#305;n&#305; kolayla&#351;t&#305;rmak i&ccedil;in her &#351;eyi ayr&#305;&#351;t&#305;rd&#305;k &ndash; nereden ba&#351;layaca&#287;&#305;n&#305;zdan emin de&#287;il misiniz? Sadece kayd&#305;r&#305;n ve tarz&#305;n&#305;za ve ihtiya&ccedil;lar&#305;n&#305;za neyin uygun oldu&#287;unu g&ouml;r&uuml;n. &#304;ster yeni ba&#351;lay&#305;n ister bir s&uuml;redir yat&#305;r&#305;m yap&#305;yor olun, burada sizin i&ccedil;in bir &#351;eyler var. Ara&#351;t&#305;rmay&#305; biz yapt&#305;k, siz yapmak zorunda de&#287;ilsiniz. Yat&#305;r&#305;m&#305;n&#305;z&#305; bir sonraki seviyeye ta&#351;&#305;maya haz&#305;r m&#305;s&#305;n&#305;z? Hadi ba&#351;layal&#305;m.         <\/p>\n\n\n\n<div class=\"gb-grid-wrapper gb-grid-wrapper-bfda7a3c gb-query-loop-wrapper\">\n<div class=\"gb-grid-column gb-grid-column-3b711c03 gb-query-loop-item post-29144 opinion type-opinion status-publish has-post-thumbnail hentry\"><div class=\"gb-container gb-container-3b711c03\">\n<figure class=\"gb-block-image gb-block-image-9bfa2a1b\"><img loading=\"lazy\" decoding=\"async\" width=\"400\" height=\"224\" src=\"https:\/\/subirimagenes.com\/wp-content\/uploads\/2025\/03\/Mobile-Trading-Scene3.jpg\" class=\"gb-image-9bfa2a1b\" alt=\"An&aacute;lisis Burs&aacute;til en Tr&aacute;nsito\" srcset=\"https:\/\/subirimagenes.com\/wp-content\/uploads\/2025\/03\/Mobile-Trading-Scene3.jpg 400w, https:\/\/subirimagenes.com\/wp-content\/uploads\/2025\/03\/Mobile-Trading-Scene3-300x168.jpg 300w\" sizes=\"auto, (max-width: 400px) 100vw, 400px\" title=\"\"><\/figure>\n\n<h2 class=\"gb-headline gb-headline-0bf96bb0 gb-headline-text\"><a href=\"https:\/\/subirimagenes.com\/tr\/opiniones\/ethereum-cormax-app\/\">K00411&rsquo;i Ke&#351;fetmek: Kripto Para Ticareti Alan&#305;nda Yenilik ve Performans<\/a><\/h2>\n\n<p class=\"gb-headline gb-headline-60dfae4e gb-headline-text\"><time class=\"entry-date published\" datetime=\"2025-05-28T07:54:02+00:00\">May&#305;s 28, 2025<\/time><\/p>\n\n<div class=\"gb-headline gb-headline-f9ca50ee gb-headline-text\">Yat&#305;r&#305;m sekt&ouml;r&uuml;nde on y&#305;l&#305; a&#351;k&#305;n deneyime sahip deneyimli bir finans analisti olarak, y&uuml;ksek getiri iddialar&#305; ve geli&#351;mi&#351; algoritmalar&#305;yla ilgi oda&#287;&#305; olan bir platform olan K00411&rsquo;in 2025 y&#305;l&#305;na ili&#351;kin derinlemesine bir bak&#305;&#351; a&ccedil;&#305;s&#305; sunuyorum. <\/div>\n<\/div><\/div>\n\n<div class=\"gb-grid-column gb-grid-column-3b711c03 gb-query-loop-item post-29148 opinion type-opinion status-publish has-post-thumbnail hentry\"><div class=\"gb-container gb-container-3b711c03\">\n<figure class=\"gb-block-image gb-block-image-9bfa2a1b\"><img loading=\"lazy\" decoding=\"async\" width=\"400\" height=\"224\" src=\"https:\/\/subirimagenes.com\/wp-content\/uploads\/2025\/03\/Mobile-Trading-Scene4.jpg\" class=\"gb-image-9bfa2a1b\" alt=\"Trading Futurista en M&oacute;vil\" srcset=\"https:\/\/subirimagenes.com\/wp-content\/uploads\/2025\/03\/Mobile-Trading-Scene4.jpg 400w, https:\/\/subirimagenes.com\/wp-content\/uploads\/2025\/03\/Mobile-Trading-Scene4-300x168.jpg 300w\" sizes=\"auto, (max-width: 400px) 100vw, 400px\" title=\"\"><\/figure>\n\n<h2 class=\"gb-headline gb-headline-0bf96bb0 gb-headline-text\"><a href=\"https:\/\/subirimagenes.com\/tr\/opiniones\/ethereum-cormax-review\/\">K00410&rsquo;u Ke&#351;fetmek: Kripto Para Ticaretinde Yenilik ve G&uuml;venlik<\/a><\/h2>\n\n<p class=\"gb-headline gb-headline-60dfae4e gb-headline-text\"><time class=\"entry-date published\" datetime=\"2025-05-28T07:49:44+00:00\">May&#305;s 28, 2025<\/time><\/p>\n\n<div class=\"gb-headline gb-headline-f9ca50ee gb-headline-text\">Kripto paralar&#305;n de&#287;i&#351;ken d&uuml;nyas&#305;nda on y&#305;l&#305; a&#351;k&#305;n deneyime sahip bir finans analisti ve CFA sertifikas&#305; sahibi olarak, 2025&rsquo;e do&#287;ru ilerlerken size K00410&rsquo;un uzman destekli bir incelemesini sunuyorum.<\/div>\n<\/div><\/div>\n\n<div class=\"gb-grid-column gb-grid-column-3b711c03 gb-query-loop-item post-29152 opinion type-opinion status-publish has-post-thumbnail hentry\"><div class=\"gb-container gb-container-3b711c03\">\n<figure class=\"gb-block-image gb-block-image-9bfa2a1b\"><img loading=\"lazy\" decoding=\"async\" width=\"400\" height=\"224\" src=\"https:\/\/subirimagenes.com\/wp-content\/uploads\/2025\/03\/Online-Tranding2.jpg\" class=\"gb-image-9bfa2a1b\" alt=\"Trading M&oacute;vil con Estilo\" srcset=\"https:\/\/subirimagenes.com\/wp-content\/uploads\/2025\/03\/Online-Tranding2.jpg 400w, https:\/\/subirimagenes.com\/wp-content\/uploads\/2025\/03\/Online-Tranding2-300x168.jpg 300w\" sizes=\"auto, (max-width: 400px) 100vw, 400px\" title=\"\"><\/figure>\n\n<h2 class=\"gb-headline gb-headline-0bf96bb0 gb-headline-text\"><a href=\"https:\/\/subirimagenes.com\/tr\/opiniones\/ethereum-cormax\/\">K00409: Geli&#351;mi&#351; Teknolojiyle Kripto Para Ticareti Devrim Yarat&#305;yor<\/a><\/h2>\n\n<p class=\"gb-headline gb-headline-60dfae4e gb-headline-text\"><time class=\"entry-date published\" datetime=\"2025-05-28T07:43:46+00:00\">May&#305;s 28, 2025<\/time><\/p>\n\n<div class=\"gb-headline gb-headline-f9ca50ee gb-headline-text\">K00409&rsquo;un 2025&rsquo;e haz&#305;rlan&#305;rken kaydetti&#287;i ilerlemeden ger&ccedil;ekten etkilendim.<\/div>\n<\/div><\/div>\n\n<div class=\"gb-grid-column gb-grid-column-3b711c03 gb-query-loop-item post-29110 opinion type-opinion status-publish has-post-thumbnail hentry\"><div class=\"gb-container gb-container-3b711c03\">\n<figure class=\"gb-block-image gb-block-image-9bfa2a1b\"><img loading=\"lazy\" decoding=\"async\" width=\"400\" height=\"224\" src=\"https:\/\/subirimagenes.com\/wp-content\/uploads\/2025\/03\/Online-Tranding-Charts18.jpg\" class=\"gb-image-9bfa2a1b\" alt=\"Trading Nocturno en Ciudad\" srcset=\"https:\/\/subirimagenes.com\/wp-content\/uploads\/2025\/03\/Online-Tranding-Charts18.jpg 400w, https:\/\/subirimagenes.com\/wp-content\/uploads\/2025\/03\/Online-Tranding-Charts18-300x168.jpg 300w\" sizes=\"auto, (max-width: 400px) 100vw, 400px\" title=\"\"><\/figure>\n\n<h2 class=\"gb-headline gb-headline-0bf96bb0 gb-headline-text\"><a href=\"https:\/\/subirimagenes.com\/tr\/opiniones\/instant-akpro-app\/\">K00403&rsquo;&uuml; Ke&#351;fetmek: Kripto Para Ticaretinde Yeni Bir D&ouml;nem<\/a><\/h2>\n\n<p class=\"gb-headline gb-headline-60dfae4e gb-headline-text\"><time class=\"entry-date published\" datetime=\"2025-05-20T08:23:47+00:00\">May&#305;s 20, 2025<\/time><\/p>\n\n<div class=\"gb-headline gb-headline-f9ca50ee gb-headline-text\">Yat&#305;r&#305;m stratejileri konusunda on y&#305;l&#305; a&#351;k&#305;n deneyime sahip deneyimli bir finans analisti ve sertifikal&#305; Chartered Financial Analyst (CFA) olarak, hem yeni ba&#351;layanlar&#305;n hem de deneyimli yat&#305;r&#305;mc&#305;lar&#305;n dikkatini &ccedil;eken bir platform olan K00403&rsquo;&uuml;n ilgi &ccedil;ekici d&uuml;nyas&#305;na &#305;&#351;&#305;k tutmak i&ccedil;in buraday&#305;m. <\/div>\n<\/div><\/div>\n\n<div class=\"gb-grid-column gb-grid-column-3b711c03 gb-query-loop-item post-29114 opinion type-opinion status-publish has-post-thumbnail hentry\"><div class=\"gb-container gb-container-3b711c03\">\n<figure class=\"gb-block-image gb-block-image-9bfa2a1b\"><img loading=\"lazy\" decoding=\"async\" width=\"400\" height=\"224\" src=\"https:\/\/subirimagenes.com\/wp-content\/uploads\/2025\/03\/Vivid-Trading-Phone-Screen11.jpg\" class=\"gb-image-9bfa2a1b\" alt=\"Pantalla v&iacute;vida del tel&eacute;fono comercial\" srcset=\"https:\/\/subirimagenes.com\/wp-content\/uploads\/2025\/03\/Vivid-Trading-Phone-Screen11.jpg 400w, https:\/\/subirimagenes.com\/wp-content\/uploads\/2025\/03\/Vivid-Trading-Phone-Screen11-300x168.jpg 300w\" sizes=\"auto, (max-width: 400px) 100vw, 400px\" title=\"\"><\/figure>\n\n<h2 class=\"gb-headline gb-headline-0bf96bb0 gb-headline-text\"><a href=\"https:\/\/subirimagenes.com\/tr\/opiniones\/instant-akpro-review\/\">K00402&rsquo;yi ke&#351;fedin: Yapay Zeka ile Kripto Para Ticareti&rsquo;nde Yenilik<\/a><\/h2>\n\n<p class=\"gb-headline gb-headline-60dfae4e gb-headline-text\"><time class=\"entry-date published\" datetime=\"2025-05-20T08:17:47+00:00\">May&#305;s 20, 2025<\/time><\/p>\n\n<div class=\"gb-headline gb-headline-f9ca50ee gb-headline-text\">On y&#305;l&#305; a&#351;k&#305;n deneyime sahip bir finans analisti ve CFA sertifikal&#305; olarak, finans piyasalar&#305;n&#305;n inceliklerini, d&uuml;zenleyici &ccedil;er&ccedil;eveleri ve yat&#305;r&#305;m stratejilerini derinlemesine inceledim.<\/div>\n<\/div><\/div>\n\n<div class=\"gb-grid-column gb-grid-column-3b711c03 gb-query-loop-item post-29118 opinion type-opinion status-publish has-post-thumbnail hentry\"><div class=\"gb-container gb-container-3b711c03\">\n<figure class=\"gb-block-image gb-block-image-9bfa2a1b\"><img loading=\"lazy\" decoding=\"async\" width=\"400\" height=\"224\" src=\"https:\/\/subirimagenes.com\/wp-content\/uploads\/2025\/03\/Mobile-Trading-Scene10.jpg\" class=\"gb-image-9bfa2a1b\" alt=\"Detalles de Trading en M&oacute;vil\" srcset=\"https:\/\/subirimagenes.com\/wp-content\/uploads\/2025\/03\/Mobile-Trading-Scene10.jpg 400w, https:\/\/subirimagenes.com\/wp-content\/uploads\/2025\/03\/Mobile-Trading-Scene10-300x168.jpg 300w\" sizes=\"auto, (max-width: 400px) 100vw, 400px\" title=\"\"><\/figure>\n\n<h2 class=\"gb-headline gb-headline-0bf96bb0 gb-headline-text\"><a href=\"https:\/\/subirimagenes.com\/tr\/opiniones\/instant-akpro\/\">K00401 ile Kripto Yat&#305;r&#305;mlar&#305;n&#305;z&#305; Maksimize Edin: Yat&#305;r&#305;mc&#305;n&#305;n Hizmetindeki Geli&#351;mi&#351; Teknoloji<\/a><\/h2>\n\n<p class=\"gb-headline gb-headline-60dfae4e gb-headline-text\"><time class=\"entry-date published\" datetime=\"2025-05-20T08:12:02+00:00\">May&#305;s 20, 2025<\/time><\/p>\n\n<div class=\"gb-headline gb-headline-f9ca50ee gb-headline-text\">Finans sekt&ouml;r&uuml;nde uzun y&#305;llara dayanan deneyime ve CFA ve CPA gibi &ouml;nemli belgelere sahip ekibimizin, modern yat&#305;r&#305;m&#305;n inceliklerini derinlemesine inceledi&#287;i Finansal G&ouml;r&uuml;&#351;ler blogumuza ho&#351; geldiniz. <\/div>\n<\/div><\/div>\n\n<div class=\"gb-grid-column gb-grid-column-3b711c03 gb-query-loop-item post-29122 opinion type-opinion status-publish has-post-thumbnail hentry\"><div class=\"gb-container gb-container-3b711c03\">\n<figure class=\"gb-block-image gb-block-image-9bfa2a1b\"><img loading=\"lazy\" decoding=\"async\" width=\"400\" height=\"224\" src=\"https:\/\/subirimagenes.com\/wp-content\/uploads\/2025\/03\/Stock-analysis-on-mobile-screen3.jpg\" class=\"gb-image-9bfa2a1b\" alt=\"Tel&eacute;fono con Gr&aacute;ficos Oscuros\" srcset=\"https:\/\/subirimagenes.com\/wp-content\/uploads\/2025\/03\/Stock-analysis-on-mobile-screen3.jpg 400w, https:\/\/subirimagenes.com\/wp-content\/uploads\/2025\/03\/Stock-analysis-on-mobile-screen3-300x168.jpg 300w\" sizes=\"auto, (max-width: 400px) 100vw, 400px\" title=\"\"><\/figure>\n\n<h2 class=\"gb-headline gb-headline-0bf96bb0 gb-headline-text\"><a href=\"https:\/\/subirimagenes.com\/tr\/opiniones\/energy-proair-app\/\">K00400&rsquo;&uuml; Ke&#351;fetmek: 2025&rsquo;te Otomatik Ticarete Derinlemesine Bir Bak&#305;&#351;<\/a><\/h2>\n\n<p class=\"gb-headline gb-headline-60dfae4e gb-headline-text\"><time class=\"entry-date published\" datetime=\"2025-05-20T08:06:01+00:00\">May&#305;s 20, 2025<\/time><\/p>\n\n<div class=\"gb-headline gb-headline-f9ca50ee gb-headline-text\">S&uuml;rekli geli&#351;en yat&#305;r&#305;m d&uuml;nyas&#305;nda on y&#305;l&#305; a&#351;k&#305;n deneyime sahip deneyimli bir finans analisti ve CFA sertifikas&#305; sahibi olarak, size 2025 y&#305;l&#305;nda K00400&rsquo;&uuml;n uzman destekli analizini getiriyorum.<\/div>\n<\/div><\/div>\n\n<div class=\"gb-grid-column gb-grid-column-3b711c03 gb-query-loop-item post-29106 opinion type-opinion status-publish has-post-thumbnail hentry\"><div class=\"gb-container gb-container-3b711c03\">\n<figure class=\"gb-block-image gb-block-image-9bfa2a1b\"><img loading=\"lazy\" decoding=\"async\" width=\"400\" height=\"224\" src=\"https:\/\/subirimagenes.com\/wp-content\/uploads\/2025\/03\/Stock-analysis-on-mobile-screen2.jpg\" class=\"gb-image-9bfa2a1b\" alt=\"Trading Futurista en M&oacute;vil\" srcset=\"https:\/\/subirimagenes.com\/wp-content\/uploads\/2025\/03\/Stock-analysis-on-mobile-screen2.jpg 400w, https:\/\/subirimagenes.com\/wp-content\/uploads\/2025\/03\/Stock-analysis-on-mobile-screen2-300x168.jpg 300w\" sizes=\"auto, (max-width: 400px) 100vw, 400px\" title=\"\"><\/figure>\n\n<h2 class=\"gb-headline gb-headline-0bf96bb0 gb-headline-text\"><a href=\"https:\/\/subirimagenes.com\/tr\/opiniones\/energy-proair-review\/\">K00399&rsquo;u Ke&#351;fetmek: Kripto Para Ticaretinde Yenilik ve Risk<\/a><\/h2>\n\n<p class=\"gb-headline gb-headline-60dfae4e gb-headline-text\"><time class=\"entry-date published\" datetime=\"2025-05-20T07:58:09+00:00\">May&#305;s 20, 2025<\/time><\/p>\n\n<div class=\"gb-headline gb-headline-f9ca50ee gb-headline-text\">Geleneksel ve dijital piyasalarda on y&#305;l&#305; a&#351;k&#305;n deneyime sahip deneyimli bir finans analisti olarak, h&#305;zla geli&#351;en kuantum bili&#351;im ve kripto para d&uuml;nyas&#305;na zengin bir bilgi ve bak&#305;&#351; a&ccedil;&#305;s&#305; getiriyorum. <\/div>\n<\/div><\/div>\n\n<div class=\"gb-grid-column gb-grid-column-3b711c03 gb-query-loop-item post-29102 opinion type-opinion status-publish has-post-thumbnail hentry\"><div class=\"gb-container gb-container-3b711c03\">\n<figure class=\"gb-block-image gb-block-image-9bfa2a1b\"><img loading=\"lazy\" decoding=\"async\" width=\"400\" height=\"224\" src=\"https:\/\/subirimagenes.com\/wp-content\/uploads\/2025\/03\/Stock-analysis-on-mobile-screen1.jpg\" class=\"gb-image-9bfa2a1b\" alt=\"Tel&eacute;fono con Trading de Colores\" srcset=\"https:\/\/subirimagenes.com\/wp-content\/uploads\/2025\/03\/Stock-analysis-on-mobile-screen1.jpg 400w, https:\/\/subirimagenes.com\/wp-content\/uploads\/2025\/03\/Stock-analysis-on-mobile-screen1-300x168.jpg 300w\" sizes=\"auto, (max-width: 400px) 100vw, 400px\" title=\"\"><\/figure>\n\n<h2 class=\"gb-headline gb-headline-0bf96bb0 gb-headline-text\"><a href=\"https:\/\/subirimagenes.com\/tr\/opiniones\/energy-proair\/\">K00398&rsquo;i Ke&#351;fetmek: Otomatik Kripto Para Ticareti<\/a><\/h2>\n\n<p class=\"gb-headline gb-headline-60dfae4e gb-headline-text\"><time class=\"entry-date published\" datetime=\"2025-05-20T07:54:41+00:00\">May&#305;s 20, 2025<\/time><\/p>\n\n<div class=\"gb-headline gb-headline-f9ca50ee gb-headline-text\">Yat&#305;r&#305;m sekt&ouml;r&uuml;nde on y&#305;l&#305; a&#351;k&#305;n deneyime sahip deneyimli bir finans analisti ve CFA sertifikas&#305; sahibi olarak, y&#305;llar&#305;m&#305; geli&#351;en kripto para ortam&#305;n&#305; ve modern finansal planlamadaki yerini ara&#351;t&#305;rmaya harcad&#305;m. <\/div>\n<\/div><\/div>\n\n<div class=\"gb-grid-column gb-grid-column-3b711c03 gb-query-loop-item post-28913 opinion type-opinion status-publish has-post-thumbnail hentry\"><div class=\"gb-container gb-container-3b711c03\">\n<figure class=\"gb-block-image gb-block-image-9bfa2a1b\"><img loading=\"lazy\" decoding=\"async\" width=\"400\" height=\"224\" src=\"https:\/\/subirimagenes.com\/wp-content\/uploads\/2025\/03\/Smartphone-showing-trading-data8.jpg\" class=\"gb-image-9bfa2a1b\" alt=\"M&oacute;vil con Trading Colorido\" srcset=\"https:\/\/subirimagenes.com\/wp-content\/uploads\/2025\/03\/Smartphone-showing-trading-data8.jpg 400w, https:\/\/subirimagenes.com\/wp-content\/uploads\/2025\/03\/Smartphone-showing-trading-data8-300x168.jpg 300w\" sizes=\"auto, (max-width: 400px) 100vw, 400px\" title=\"\"><\/figure>\n\n<h2 class=\"gb-headline gb-headline-0bf96bb0 gb-headline-text\"><a href=\"https:\/\/subirimagenes.com\/tr\/opiniones\/gpt-lispro\/\">K00395: Kripto Para Ticaretinde Yenilik ve Verimlilik<\/a><\/h2>\n\n<p class=\"gb-headline gb-headline-60dfae4e gb-headline-text\"><time class=\"entry-date published\" datetime=\"2025-05-06T08:40:46+00:00\">May&#305;s 6, 2025<\/time><\/p>\n\n<div class=\"gb-headline gb-headline-f9ca50ee gb-headline-text\">2025&rsquo;ten K00395 &ndash; ne kadar &#351;a&#351;&#305;rt&#305;c&#305; bir yenilik! S&uuml;rpriz malzemeli bir pizza sipari&#351; etti&#287;inizi hayal edin: kullan&#305;c&#305; deneyimini geli&#351;tiren &#351;&#305;k bir aray&uuml;z.   <\/div>\n<\/div><\/div>\n<\/div>\n\n<div class=\"gb-container gb-container-fa2da548 gb-query-loop-pagination\">\n\n\n<span class=\"gb-button gb-button-ae3848b3 gb-button-text page-numbers gb-block-is-current\" aria-current=\"page\">1<\/span><a class=\"gb-button gb-button-ae3848b3 gb-button-text page-numbers\" href=\"?query-64d1e269-page=2\">2<\/a><a class=\"gb-button gb-button-ae3848b3 gb-button-text page-numbers\" href=\"?query-64d1e269-page=3\">3<\/a><span class=\"gb-button gb-button-ae3848b3 gb-button-text page-numbers dots\">&hellip;<\/span><a class=\"gb-button gb-button-ae3848b3 gb-button-text page-numbers\" href=\"?query-64d1e269-page=36\">36<\/a>\n\n<a class=\"gb-button gb-button-8d2fe732 gb-button-text\" href=\"\/tr\/wp-json\/wp\/v2\/pages\/22626?query-64d1e269-page=2\">Sonraki<\/a>\n<\/div>\n\n<\/div>\n<\/div>\n","protected":false},"excerpt":{"rendered":"<p> &#8230; <a title=\"G\u00f6r\u00fc\u015fler\" class=\"read-more\" href=\"https:\/\/subirimagenes.com\/tr\/opiniones\/\" aria-label=\"Read more about G\u00f6r\u00fc\u015fler\">Read more<\/a><\/p>\n","protected":false},"author":1,"featured_media":0,"parent":0,"menu_order":0,"comment_status":"closed","ping_status":"closed","template":"","meta":{"footnotes":""},"class_list":["post-22626","page","type-page","status-publish"],"rank_math_title":"Ticaret platformlar\u0131, kripto para platformlar\u0131 ve ticaret robotlar\u0131 hakk\u0131nda en iyi incelemeler","rank_math_description":"En iyi ticaret platformlar\u0131n\u0131, kripto para ticaret platformlar\u0131n\u0131 ve ticaret robotlar\u0131n\u0131 kar\u015f\u0131la\u015ft\u0131r\u0131n. Ticaret deneyiminiz i\u00e7in do\u011fru ara\u00e7lar\u0131 se\u00e7mek \u00fczere ayr\u0131nt\u0131l\u0131 incelemeler ve bilgiler al\u0131n. ","rank_math_focus_keyword":"ticaret platformlar\u0131","_links":{"self":[{"href":"https:\/\/subirimagenes.com\/tr\/wp-json\/wp\/v2\/pages\/22626","targetHints":{"allow":["GET"]}}],"collection":[{"href":"https:\/\/subirimagenes.com\/tr\/wp-json\/wp\/v2\/pages"}],"about":[{"href":"https:\/\/subirimagenes.com\/tr\/wp-json\/wp\/v2\/types\/page"}],"author":[{"embeddable":true,"href":"https:\/\/subirimagenes.com\/tr\/wp-json\/wp\/v2\/users\/1"}],"replies":[{"embeddable":true,"href":"https:\/\/subirimagenes.com\/tr\/wp-json\/wp\/v2\/comments?post=22626"}],"version-history":[{"count":0,"href":"https:\/\/subirimagenes.com\/tr\/wp-json\/wp\/v2\/pages\/22626\/revisions"}],"wp:attachment":[{"href":"https:\/\/subirimagenes.com\/tr\/wp-json\/wp\/v2\/media?parent=22626"}],"curies":[{"name":"wp","href":"https:\/\/api.w.org\/{rel}","templated":true}]}}